{"id":136,"date":"2019-08-21T14:42:31","date_gmt":"2019-08-21T12:42:31","guid":{"rendered":"https:\/\/projekte.uni-erfurt.de\/ddr-kino\/?page_id=136"},"modified":"2019-11-05T15:36:47","modified_gmt":"2019-11-05T14:36:47","slug":"impressum","status":"publish","type":"page","link":"https:\/\/projekte.uni-erfurt.de\/ddr-kino\/impressum\/","title":{"rendered":"Impressum"},"content":{"rendered":"<div class=\"fusion-fullwidth fullwidth-box fusion-builder-row-1 nonhundred-percent-fullwidth non-hundred-percent-height-scrolling\" style=\"background-color: rgba(255,255,255,0);background-position: center center;background-repeat: no-repeat;padding-top:0px;padding-right:0px;padding-bottom:0px;padding-left:0px;margin-bottom: 0px;margin-top: 0px;border-width: 0px 0px 0px 0px;border-color:#eae9e9;border-style:solid;\" ><div class=\"fusion-builder-row fusion-row\"><div class=\"fusion-layout-column fusion_builder_column fusion-builder-column-0 fusion_builder_column_1_1 1_1 fusion-one-full fusion-column-first fusion-column-last\" style=\"margin-top:0px;margin-bottom:0px;\"><div class=\"fusion-column-wrapper fusion-flex-column-wrapper-legacy\" style=\"background-position:left top;background-repeat:no-repeat;-webkit-background-size:cover;-moz-background-size:cover;-o-background-size:cover;background-size:cover;padding: 0px 0px 0px 0px;\"><div class=\"fusion-text fusion-text-1\"><p><b>Impressum<\/b><\/p>\n<p>Universit\u00e4t Erfurt<\/p>\n<p>Nordh\u00e4user Stra\u00dfe 63<\/p>\n<p>99089 Erfurt<\/p>\n<p>Telefon: 0361-737-5000<\/p>\n<p>Internet: <a href=\"https:\/\/www.uni-erfurt.de\/\" target=\"_blank\" rel=\"noopener noreferrer\">www.uni-erfurt.de<\/a><\/p>\n<p>USt-IdNr.: DE 811 627 407<\/p>\n<p>Die Universit\u00e4t Erfurt ist eine K\u00f6rperschaft des \u00f6ffentlichen Rechts. Sie wird durch Prof. Dr. Walter Bauer-Wabnegg, den Pr\u00e4sidenten der Universit\u00e4t Erfurt, gesetzlich vertreten.<\/p>\n<p>Zust\u00e4ndige Aufsichtsbeh\u00f6rde<\/p>\n<p>Th\u00fcringer Ministerium f\u00fcr Wirtschaft, Wissenschaft und Digitale Gesellschaft (TMWWDG)<\/p>\n<p>Max-Reger-Stra\u00dfe 4-8<\/p>\n<p>99096 Erfurt<\/p>\n<p>Alle verwendeten Grafiken und Bilder sind urheberrechtlich gesch\u00fctzt. Alle Fotos d\u00fcrfen nur mit Genehmigung des jeweilen Urhebers kopiert und weiterverwendet werden. Das Urheberrecht f\u00fcr die ver\u00f6ffentlichten Texte liegt ebenfalls beim Betreiber der Seite. Einzelne Textpassagen sowie vollst\u00e4ndige Texte d\u00fcrfen zitiert werden, sofern Urheber und Quelle kenntlich gemacht werden.<\/p>\n<\/p>\n<p><b style=\"font-size: 21px;\" data-fusion-font=\"true\">Haftungsausschluss (Disclaimer)<\/b><\/p>\n<p>Haftung f\u00fcr Inhalte:<\/p>\n<p>Als Diensteanbieter sind wir gem\u00e4\u00df \u00a7 7 Abs.1 TMG f\u00fcr eigene Inhalte auf diesen Seiten nach den allgemeinen Gesetzen verantwortlich. Nach \u00a7\u00a7 8 bis 10 TMG sind wir als Diensteanbieter jedoch nicht verpflichtet, \u00fcbermittelte oder gespeicherte fremde Informationen zu \u00fcberwachen oder nach Umst\u00e4nden zu forschen, die auf eine rechtswidrige T\u00e4tigkeit hinweisen. Verpflichtungen zur Entfernung oder Sperrung der Nutzung von Informationen nach den allgemeinen Gesetzen bleiben hiervon unber\u00fchrt. Eine diesbez\u00fcgliche Haftung ist jedoch erst ab dem Zeitpunkt der Kenntnis einer konkreten Rechtsverletzung m\u00f6glich. Bei Bekanntwerden von entsprechenden Rechtsverletzungen werden wir diese Inhalte umgehend entfernen.<\/p>\n<p>Haftung f\u00fcr Links:<\/p>\n<p>Unser Angebot enth\u00e4lt Links zu externen Webseiten Dritter, auf deren Inhalte wir keinen Einfluss haben. Deshalb k\u00f6nnen wir f\u00fcr diese fremden Inhalte auch keine Gew\u00e4hr \u00fcbernehmen. F\u00fcr die Inhalte der verlinkten Seiten ist stets der jeweilige Anbieter oder Betreiber der Seiten verantwortlich. Die verlinkten Seiten wurden zum Zeitpunkt der Verlinkung auf m\u00f6gliche Rechtsverst\u00f6\u00dfe \u00fcberpr\u00fcft. Rechtswidrige Inhalte waren zum Zeitpunkt der Verlinkung nicht erkennbar. Eine permanente inhaltliche Kontrolle der verlinkten Seiten ist jedoch ohne konkrete Anhaltspunkte einer Rechtsverletzung nicht zumutbar. Bei Bekanntwerden von Rechtsverletzungen werden wir derartige Links umgehend entfernen.<\/p>\n<p>Urheberrecht<\/p>\n<p>Die durch die Seitenbetreiber erstellten Inhalte und Werke auf diesen Seiten unterliegen dem deutschen Urheberrecht. Die Vervielf\u00e4ltigung, Bearbeitung, Verbreitung und jede Art der Verwertung au\u00dferhalb der Grenzen des Urheberrechtes bed\u00fcrfen der schriftlichen Zustimmung des jeweiligen Autors bzw. Erstellers. Downloads und Kopien dieser Seite sind nur f\u00fcr den privaten, nicht kommerziellen Gebrauch gestattet. Soweit die Inhalte auf dieser Seite nicht vom Betreiber erstellt wurden, werden die Urheberrechte Dritter beachtet. Insbesondere werden Inhalte Dritter als solche gekennzeichnet. Sollten Sie trotzdem auf eine Urheberrechtsverletzung aufmerksam werden, bitten wir um einen entsprechenden Hinweis. Bei Bekanntwerden von Rechtsverletzungen werden wir derartige Inhalte umgehend entfernen.<\/p><\/p>\n<\/div><div class=\"fusion-clearfix\"><\/div><\/div><\/div><\/div><\/div>\n","protected":false},"excerpt":{"rendered":"","protected":false},"author":2,"featured_media":0,"parent":0,"menu_order":0,"comment_status":"closed","ping_status":"closed","template":"","meta":{"footnotes":""},"yoast_head":"<!-- This site is optimized with the Yoast SEO plugin v21.7 - https:\/\/yoast.com\/wordpress\/plugins\/seo\/ -->\n<title>Impressum - Kino in der DDR<\/title>\n<meta name=\"description\" content=\"% %\" \/>\n<meta name=\"robots\" content=\"index, follow, max-snippet:-1, max-image-preview:large, max-video-preview:-1\" \/>\n<link rel=\"canonical\" href=\"https:\/\/projekte.uni-erfurt.de\/ddr-kino\/impressum\/\" \/>\n<meta property=\"og:locale\" content=\"de_DE\" \/>\n<meta property=\"og:type\" content=\"article\" \/>\n<meta property=\"og:title\" content=\"Impressum - Kino in der DDR\" \/>\n<meta property=\"og:description\" content=\"% %\" \/>\n<meta property=\"og:url\" content=\"https:\/\/projekte.uni-erfurt.de\/ddr-kino\/impressum\/\" \/>\n<meta property=\"og:site_name\" content=\"Kino in der DDR\" \/>\n<meta property=\"article:publisher\" content=\"https:\/\/www.facebook.com\/kinoinderddr\/\" \/>\n<meta property=\"article:modified_time\" content=\"2019-11-05T14:36:47+00:00\" \/>\n<meta name=\"twitter:card\" content=\"summary_large_image\" \/>\n<meta name=\"twitter:site\" content=\"@kino_ddr\" \/>\n<meta name=\"twitter:label1\" content=\"Gesch\u00e4tzte Lesezeit\" \/>\n\t<meta name=\"twitter:data1\" content=\"3\u00a0Minuten\" \/>\n<script type=\"application\/ld+json\" class=\"yoast-schema-graph\">{\"@context\":\"https:\/\/schema.org\",\"@graph\":[{\"@type\":\"WebPage\",\"@id\":\"https:\/\/projekte.uni-erfurt.de\/ddr-kino\/impressum\/\",\"url\":\"https:\/\/projekte.uni-erfurt.de\/ddr-kino\/impressum\/\",\"name\":\"Impressum - Kino in der DDR\",\"isPartOf\":{\"@id\":\"https:\/\/projekte.uni-erfurt.de\/ddr-kino\/#website\"},\"datePublished\":\"2019-08-21T12:42:31+00:00\",\"dateModified\":\"2019-11-05T14:36:47+00:00\",\"description\":\"% %\",\"breadcrumb\":{\"@id\":\"https:\/\/projekte.uni-erfurt.de\/ddr-kino\/impressum\/#breadcrumb\"},\"inLanguage\":\"de\",\"potentialAction\":[{\"@type\":\"ReadAction\",\"target\":[\"https:\/\/projekte.uni-erfurt.de\/ddr-kino\/impressum\/\"]}]},{\"@type\":\"BreadcrumbList\",\"@id\":\"https:\/\/projekte.uni-erfurt.de\/ddr-kino\/impressum\/#breadcrumb\",\"itemListElement\":[{\"@type\":\"ListItem\",\"position\":1,\"name\":\"Startseite\",\"item\":\"https:\/\/projekte.uni-erfurt.de\/ddr-kino\/\"},{\"@type\":\"ListItem\",\"position\":2,\"name\":\"Impressum\"}]},{\"@type\":\"WebSite\",\"@id\":\"https:\/\/projekte.uni-erfurt.de\/ddr-kino\/#website\",\"url\":\"https:\/\/projekte.uni-erfurt.de\/ddr-kino\/\",\"name\":\"Kino in der DDR\",\"description\":\"Ein b\u00fcrgerwissenschaftliches Forschungsprojekt\",\"publisher\":{\"@id\":\"https:\/\/projekte.uni-erfurt.de\/ddr-kino\/#organization\"},\"potentialAction\":[{\"@type\":\"SearchAction\",\"target\":{\"@type\":\"EntryPoint\",\"urlTemplate\":\"https:\/\/projekte.uni-erfurt.de\/ddr-kino\/?s={search_term_string}\"},\"query-input\":\"required name=search_term_string\"}],\"inLanguage\":\"de\"},{\"@type\":\"Organization\",\"@id\":\"https:\/\/projekte.uni-erfurt.de\/ddr-kino\/#organization\",\"name\":\"Kino in der DDR\",\"url\":\"https:\/\/projekte.uni-erfurt.de\/ddr-kino\/\",\"logo\":{\"@type\":\"ImageObject\",\"inLanguage\":\"de\",\"@id\":\"https:\/\/projekte.uni-erfurt.de\/ddr-kino\/#\/schema\/logo\/image\/\",\"url\":\"https:\/\/projekte.uni-erfurt.de\/ddr-kino\/wp-content\/uploads\/2019\/08\/Kino_in_der_DDR_Logo-1-e1566923823474.png\",\"contentUrl\":\"https:\/\/projekte.uni-erfurt.de\/ddr-kino\/wp-content\/uploads\/2019\/08\/Kino_in_der_DDR_Logo-1-e1566923823474.png\",\"width\":200,\"height\":90,\"caption\":\"Kino in der DDR\"},\"image\":{\"@id\":\"https:\/\/projekte.uni-erfurt.de\/ddr-kino\/#\/schema\/logo\/image\/\"},\"sameAs\":[\"https:\/\/www.facebook.com\/kinoinderddr\/\",\"https:\/\/twitter.com\/kino_ddr\"]}]}<\/script>\n<!-- \/ Yoast SEO plugin. -->","yoast_head_json":{"title":"Impressum - Kino in der DDR","description":"% %","robots":{"index":"index","follow":"follow","max-snippet":"max-snippet:-1","max-image-preview":"max-image-preview:large","max-video-preview":"max-video-preview:-1"},"canonical":"https:\/\/projekte.uni-erfurt.de\/ddr-kino\/impressum\/","og_locale":"de_DE","og_type":"article","og_title":"Impressum - Kino in der DDR","og_description":"% %","og_url":"https:\/\/projekte.uni-erfurt.de\/ddr-kino\/impressum\/","og_site_name":"Kino in der DDR","article_publisher":"https:\/\/www.facebook.com\/kinoinderddr\/","article_modified_time":"2019-11-05T14:36:47+00:00","twitter_card":"summary_large_image","twitter_site":"@kino_ddr","twitter_misc":{"Gesch\u00e4tzte Lesezeit":"3\u00a0Minuten"},"schema":{"@context":"https:\/\/schema.org","@graph":[{"@type":"WebPage","@id":"https:\/\/projekte.uni-erfurt.de\/ddr-kino\/impressum\/","url":"https:\/\/projekte.uni-erfurt.de\/ddr-kino\/impressum\/","name":"Impressum - Kino in der DDR","isPartOf":{"@id":"https:\/\/projekte.uni-erfurt.de\/ddr-kino\/#website"},"datePublished":"2019-08-21T12:42:31+00:00","dateModified":"2019-11-05T14:36:47+00:00","description":"% %","breadcrumb":{"@id":"https:\/\/projekte.uni-erfurt.de\/ddr-kino\/impressum\/#breadcrumb"},"inLanguage":"de","potentialAction":[{"@type":"ReadAction","target":["https:\/\/projekte.uni-erfurt.de\/ddr-kino\/impressum\/"]}]},{"@type":"BreadcrumbList","@id":"https:\/\/projekte.uni-erfurt.de\/ddr-kino\/impressum\/#breadcrumb","itemListElement":[{"@type":"ListItem","position":1,"name":"Startseite","item":"https:\/\/projekte.uni-erfurt.de\/ddr-kino\/"},{"@type":"ListItem","position":2,"name":"Impressum"}]},{"@type":"WebSite","@id":"https:\/\/projekte.uni-erfurt.de\/ddr-kino\/#website","url":"https:\/\/projekte.uni-erfurt.de\/ddr-kino\/","name":"Kino in der DDR","description":"Ein b\u00fcrgerwissenschaftliches Forschungsprojekt","publisher":{"@id":"https:\/\/projekte.uni-erfurt.de\/ddr-kino\/#organization"},"potentialAction":[{"@type":"SearchAction","target":{"@type":"EntryPoint","urlTemplate":"https:\/\/projekte.uni-erfurt.de\/ddr-kino\/?s={search_term_string}"},"query-input":"required name=search_term_string"}],"inLanguage":"de"},{"@type":"Organization","@id":"https:\/\/projekte.uni-erfurt.de\/ddr-kino\/#organization","name":"Kino in der DDR","url":"https:\/\/projekte.uni-erfurt.de\/ddr-kino\/","logo":{"@type":"ImageObject","inLanguage":"de","@id":"https:\/\/projekte.uni-erfurt.de\/ddr-kino\/#\/schema\/logo\/image\/","url":"https:\/\/projekte.uni-erfurt.de\/ddr-kino\/wp-content\/uploads\/2019\/08\/Kino_in_der_DDR_Logo-1-e1566923823474.png","contentUrl":"https:\/\/projekte.uni-erfurt.de\/ddr-kino\/wp-content\/uploads\/2019\/08\/Kino_in_der_DDR_Logo-1-e1566923823474.png","width":200,"height":90,"caption":"Kino in der DDR"},"image":{"@id":"https:\/\/projekte.uni-erfurt.de\/ddr-kino\/#\/schema\/logo\/image\/"},"sameAs":["https:\/\/www.facebook.com\/kinoinderddr\/","https:\/\/twitter.com\/kino_ddr"]}]}},"_links":{"self":[{"href":"https:\/\/projekte.uni-erfurt.de\/ddr-kino\/wp-json\/wp\/v2\/pages\/136"}],"collection":[{"href":"https:\/\/projekte.uni-erfurt.de\/ddr-kino\/wp-json\/wp\/v2\/pages"}],"about":[{"href":"https:\/\/projekte.uni-erfurt.de\/ddr-kino\/wp-json\/wp\/v2\/types\/page"}],"author":[{"embeddable":true,"href":"https:\/\/projekte.uni-erfurt.de\/ddr-kino\/wp-json\/wp\/v2\/users\/2"}],"replies":[{"embeddable":true,"href":"https:\/\/projekte.uni-erfurt.de\/ddr-kino\/wp-json\/wp\/v2\/comments?post=136"}],"version-history":[{"count":5,"href":"https:\/\/projekte.uni-erfurt.de\/ddr-kino\/wp-json\/wp\/v2\/pages\/136\/revisions"}],"predecessor-version":[{"id":428,"href":"https:\/\/projekte.uni-erfurt.de\/ddr-kino\/wp-json\/wp\/v2\/pages\/136\/revisions\/428"}],"wp:attachment":[{"href":"https:\/\/projekte.uni-erfurt.de\/ddr-kino\/wp-json\/wp\/v2\/media?parent=136"}],"curies":[{"name":"wp","href":"https:\/\/api.w.org\/{rel}","templated":true}]}}