{"id":141,"date":"2019-08-21T14:55:51","date_gmt":"2019-08-21T12:55:51","guid":{"rendered":"https:\/\/projekte.uni-erfurt.de\/ddr-kino\/?page_id=141"},"modified":"2019-11-05T15:35:54","modified_gmt":"2019-11-05T14:35:54","slug":"datenschutz","status":"publish","type":"page","link":"https:\/\/projekte.uni-erfurt.de\/ddr-kino\/datenschutz\/","title":{"rendered":"Datenschutz"},"content":{"rendered":"<div class=\"fusion-fullwidth fullwidth-box fusion-builder-row-1 nonhundred-percent-fullwidth non-hundred-percent-height-scrolling\" style=\"background-color: rgba(255,255,255,0);background-position: center center;background-repeat: no-repeat;padding-top:0px;padding-right:0px;padding-bottom:0px;padding-left:0px;margin-bottom: 0px;margin-top: 0px;border-width: 0px 0px 0px 0px;border-color:#eae9e9;border-style:solid;\" ><div class=\"fusion-builder-row fusion-row\"><div class=\"fusion-layout-column fusion_builder_column fusion-builder-column-0 fusion_builder_column_1_1 1_1 fusion-one-full fusion-column-first fusion-column-last\" style=\"margin-top:0px;margin-bottom:0px;\"><div class=\"fusion-column-wrapper fusion-flex-column-wrapper-legacy\" style=\"background-position:left top;background-repeat:no-repeat;-webkit-background-size:cover;-moz-background-size:cover;-o-background-size:cover;background-size:cover;padding: 0px 0px 0px 0px;\"><div class=\"fusion-text fusion-text-1\"><p><b>Datenschutzerkl\u00e4rung<\/b><\/p>\n<p>Datenschutz<\/p>\n<p>Die Nutzung unserer Webseite ist in der Regel ohne Angabe personenbezogener Daten m\u00f6glich. Soweit auf unseren Seiten personenbezogene Daten (beispielsweise Name, Anschrift oder eMail-Adressen) erhoben werden, erfolgt dies, soweit m\u00f6glich, stets auf freiwilliger Basis. Diese Daten werden ohne Ihre ausdr\u00fcckliche Zustimmung nicht an Dritte weitergegeben.<\/p>\n<p>Wir weisen darauf hin, dass die Daten\u00fcbertragung im Internet (z.B. bei der Kommunikation per E-Mail) Sicherheitsl\u00fccken aufweisen kann. Ein l\u00fcckenloser Schutz der Daten vor dem Zugriff durch Dritte ist nicht m\u00f6glich.<\/p>\n<p>Der Nutzung von im Rahmen der Impressumspflicht ver\u00f6ffentlichten Kontaktdaten durch Dritte zur \u00dcbersendung von nicht ausdr\u00fccklich angeforderter Werbung und Informationsmaterialien wird hiermit ausdr\u00fccklich widersprochen. Die Betreiber der Seiten behalten sich ausdr\u00fccklich rechtliche Schritte im Falle der unverlangten Zusendung von Werbeinformationen, etwa durch Spam-Mails, vor.<\/p>\n<p>Datenschutzerkl\u00e4rung f\u00fcr das Teilen von Beitr\u00e4gen in Social Media<\/p>\n<p>Auf unseren Seiten sind Plugins sozialer Netzwerke integriert, darunter Facebook (Facebook Inc., 1601 Willow Road, Menlo Park, California, 94025, USA) und Twitter (Twitter, Inc. 1355 Market St, Suite 900, San Francisco, CA 94103, USA). Diese erreichen Sie \u00fcber den Button \u201eTEILEN\u201c unter den Beitr\u00e4gen. Wenn Sie diesen bet\u00e4tigen, wird \u00fcber das Plugin eine direkte Verbindung zwischen Ihrem Browser und dem Server des jeweiligen Social Medias hergestellt.<\/p>\n<p>Facebook:<\/p>\n<p>Facebook erh\u00e4lt dadurch die Information, dass Sie mit Ihrer IP-Adresse unsere Seite besucht haben. Wenn Sie den Facebook \u201eLike-Button\u201c anklicken w\u00e4hrend Sie in Ihrem Facebook-Account eingeloggt sind, k\u00f6nnen Sie die Inhalte unserer Seiten auf Ihrem Facebook-Profil verlinken. Dadurch kann Facebook den Besuch unserer Seiten Ihrem Benutzerkonto zuordnen. Wir weisen darauf hin, dass wir als Anbieter der Seiten keine Kenntnis vom Inhalt der \u00fcbermittelten Daten sowie deren Nutzung durch Facebook erhalten. Weitere Informationen hierzu finden Sie in der Datenschutzerkl\u00e4rung von facebook unter http:\/\/de-de.facebook.com\/policy.php<\/p>\n<p>Wenn Sie nicht w\u00fcnschen, dass Facebook den Besuch unserer Seiten Ihrem Facebook-Nutzerkonto zuordnen kann, loggen Sie sich bitte aus Ihrem Facebook-Benutzerkonto aus.<\/p>\n<p>Twitter:<\/p>\n<p>Durch das Benutzen von Twitter und der Funktion \u201eRe-Tweet\u201c werden die von Ihnen besuchten Webseiten mit Ihrem Twitter-Account verkn\u00fcpft und anderen Nutzern bekannt gegeben. Dabei werden auch Daten an Twitter \u00fcbertragen. Wir weisen darauf hin, dass wir als Anbieter der Seiten keine Kenntnis vom Inhalt der \u00fcbermittelten Daten sowie deren Nutzung durch Twitter erhalten. Weitere Informationen hierzu finden Sie in der Datenschutzerkl\u00e4rung von Twitter unter http:\/\/twitter.com\/privacy.<\/p>\n<p>Ihre Datenschutzeinstellungen bei Twitter k\u00f6nnen Sie in den Konto-Einstellungen unter http:\/\/twitter.com\/account\/settings \u00e4ndern.<\/p>\n<p>Datenschutzerkl\u00e4rung f\u00fcr die Nutzung von Google Analytics<\/p>\n<p>Diese Website benutzt Google Analytics, einen Webanalysedienst der Google Inc. (\u201eGoogle\u201c). Google Analytics verwendet sog. \u201eCookies\u201c, Textdateien, die auf Ihrem Computer gespeichert werden und die eine Analyse der Benutzung der Website durch Sie erm\u00f6glichen. Die durch den Cookie erzeugten Informationen \u00fcber Ihre Benutzung dieser Website werden in der Regel an einen Server von Google in den USA \u00fcbertragen und dort gespeichert. Im Falle der Aktivierung der IP-Anonymisierung auf dieser Webseite wird Ihre IP-Adresse von Google jedoch innerhalb von Mitgliedstaaten der Europ\u00e4ischen Union oder in anderen Vertragsstaaten des Abkommens \u00fcber den Europ\u00e4ischen Wirtschaftsraum zuvor gek\u00fcrzt.<\/p>\n<p>Nur in Ausnahmef\u00e4llen wird die volle IP-Adresse an einen Server von Google in den USA \u00fcbertragen und dort gek\u00fcrzt. Im Auftrag des Betreibers dieser Website wird Google diese Informationen benutzen, um Ihre Nutzung der Website auszuwerten, um Reports \u00fcber die Websiteaktivit\u00e4ten zusammenzustellen und um weitere mit der Websitenutzung und der Internetnutzung verbundene Dienstleistungen gegen\u00fcber dem Websitebetreiber zu erbringen. Die im Rahmen von Google Analytics von Ihrem Browser \u00fcbermittelte IP-Adresse wird nicht mit anderen Daten von Google zusammengef\u00fchrt.<\/p>\n<p>Sie k\u00f6nnen die Speicherung der Cookies durch eine entsprechende Einstellung Ihrer Browser-Software verhindern; wir weisen Sie jedoch darauf hin, dass Sie in diesem Fall gegebenenfalls nicht s\u00e4mtliche Funktionen dieser Website vollumf\u00e4nglich werden nutzen k\u00f6nnen. Sie k\u00f6nnen dar\u00fcber hinaus die Erfassung der durch das Cookie erzeugten und auf Ihre Nutzung der Website bezogenen Daten (inkl. Ihrer IP-Adresse) an Google sowie die Verarbeitung dieser Daten durch Google verhindern, indem sie das unter dem folgenden Link verf\u00fcgbare Browser-Plugin herunterladen und installieren: http:\/\/tools.google.com\/dlpage\/gaoptout?hl=de.<\/p>\n<\/div><div class=\"fusion-clearfix\"><\/div><\/div><\/div><\/div><\/div>\n","protected":false},"excerpt":{"rendered":"","protected":false},"author":2,"featured_media":0,"parent":0,"menu_order":0,"comment_status":"closed","ping_status":"closed","template":"","meta":{"footnotes":""},"yoast_head":"<!-- This site is optimized with the Yoast SEO plugin v21.7 - https:\/\/yoast.com\/wordpress\/plugins\/seo\/ -->\n<title>Datenschutz - Kino in der DDR<\/title>\n<meta name=\"description\" content=\"% %\" \/>\n<meta name=\"robots\" content=\"index, follow, max-snippet:-1, max-image-preview:large, max-video-preview:-1\" \/>\n<link rel=\"canonical\" href=\"https:\/\/projekte.uni-erfurt.de\/ddr-kino\/datenschutz\/\" \/>\n<meta property=\"og:locale\" content=\"de_DE\" \/>\n<meta property=\"og:type\" content=\"article\" \/>\n<meta property=\"og:title\" content=\"Datenschutz - Kino in der DDR\" \/>\n<meta property=\"og:description\" content=\"% %\" \/>\n<meta property=\"og:url\" content=\"https:\/\/projekte.uni-erfurt.de\/ddr-kino\/datenschutz\/\" \/>\n<meta property=\"og:site_name\" content=\"Kino in der DDR\" \/>\n<meta property=\"article:publisher\" content=\"https:\/\/www.facebook.com\/kinoinderddr\/\" \/>\n<meta property=\"article:modified_time\" content=\"2019-11-05T14:35:54+00:00\" \/>\n<meta name=\"twitter:card\" content=\"summary_large_image\" \/>\n<meta name=\"twitter:site\" content=\"@kino_ddr\" \/>\n<meta name=\"twitter:label1\" content=\"Gesch\u00e4tzte Lesezeit\" \/>\n\t<meta name=\"twitter:data1\" content=\"4\u00a0Minuten\" \/>\n<script type=\"application\/ld+json\" class=\"yoast-schema-graph\">{\"@context\":\"https:\/\/schema.org\",\"@graph\":[{\"@type\":\"WebPage\",\"@id\":\"https:\/\/projekte.uni-erfurt.de\/ddr-kino\/datenschutz\/\",\"url\":\"https:\/\/projekte.uni-erfurt.de\/ddr-kino\/datenschutz\/\",\"name\":\"Datenschutz - Kino in der DDR\",\"isPartOf\":{\"@id\":\"https:\/\/projekte.uni-erfurt.de\/ddr-kino\/#website\"},\"datePublished\":\"2019-08-21T12:55:51+00:00\",\"dateModified\":\"2019-11-05T14:35:54+00:00\",\"description\":\"% %\",\"breadcrumb\":{\"@id\":\"https:\/\/projekte.uni-erfurt.de\/ddr-kino\/datenschutz\/#breadcrumb\"},\"inLanguage\":\"de\",\"potentialAction\":[{\"@type\":\"ReadAction\",\"target\":[\"https:\/\/projekte.uni-erfurt.de\/ddr-kino\/datenschutz\/\"]}]},{\"@type\":\"BreadcrumbList\",\"@id\":\"https:\/\/projekte.uni-erfurt.de\/ddr-kino\/datenschutz\/#breadcrumb\",\"itemListElement\":[{\"@type\":\"ListItem\",\"position\":1,\"name\":\"Startseite\",\"item\":\"https:\/\/projekte.uni-erfurt.de\/ddr-kino\/\"},{\"@type\":\"ListItem\",\"position\":2,\"name\":\"Datenschutz\"}]},{\"@type\":\"WebSite\",\"@id\":\"https:\/\/projekte.uni-erfurt.de\/ddr-kino\/#website\",\"url\":\"https:\/\/projekte.uni-erfurt.de\/ddr-kino\/\",\"name\":\"Kino in der DDR\",\"description\":\"Ein b\u00fcrgerwissenschaftliches Forschungsprojekt\",\"publisher\":{\"@id\":\"https:\/\/projekte.uni-erfurt.de\/ddr-kino\/#organization\"},\"potentialAction\":[{\"@type\":\"SearchAction\",\"target\":{\"@type\":\"EntryPoint\",\"urlTemplate\":\"https:\/\/projekte.uni-erfurt.de\/ddr-kino\/?s={search_term_string}\"},\"query-input\":\"required name=search_term_string\"}],\"inLanguage\":\"de\"},{\"@type\":\"Organization\",\"@id\":\"https:\/\/projekte.uni-erfurt.de\/ddr-kino\/#organization\",\"name\":\"Kino in der DDR\",\"url\":\"https:\/\/projekte.uni-erfurt.de\/ddr-kino\/\",\"logo\":{\"@type\":\"ImageObject\",\"inLanguage\":\"de\",\"@id\":\"https:\/\/projekte.uni-erfurt.de\/ddr-kino\/#\/schema\/logo\/image\/\",\"url\":\"https:\/\/projekte.uni-erfurt.de\/ddr-kino\/wp-content\/uploads\/2019\/08\/Kino_in_der_DDR_Logo-1-e1566923823474.png\",\"contentUrl\":\"https:\/\/projekte.uni-erfurt.de\/ddr-kino\/wp-content\/uploads\/2019\/08\/Kino_in_der_DDR_Logo-1-e1566923823474.png\",\"width\":200,\"height\":90,\"caption\":\"Kino in der DDR\"},\"image\":{\"@id\":\"https:\/\/projekte.uni-erfurt.de\/ddr-kino\/#\/schema\/logo\/image\/\"},\"sameAs\":[\"https:\/\/www.facebook.com\/kinoinderddr\/\",\"https:\/\/twitter.com\/kino_ddr\"]}]}<\/script>\n<!-- \/ Yoast SEO plugin. -->","yoast_head_json":{"title":"Datenschutz - Kino in der DDR","description":"% %","robots":{"index":"index","follow":"follow","max-snippet":"max-snippet:-1","max-image-preview":"max-image-preview:large","max-video-preview":"max-video-preview:-1"},"canonical":"https:\/\/projekte.uni-erfurt.de\/ddr-kino\/datenschutz\/","og_locale":"de_DE","og_type":"article","og_title":"Datenschutz - Kino in der DDR","og_description":"% %","og_url":"https:\/\/projekte.uni-erfurt.de\/ddr-kino\/datenschutz\/","og_site_name":"Kino in der DDR","article_publisher":"https:\/\/www.facebook.com\/kinoinderddr\/","article_modified_time":"2019-11-05T14:35:54+00:00","twitter_card":"summary_large_image","twitter_site":"@kino_ddr","twitter_misc":{"Gesch\u00e4tzte Lesezeit":"4\u00a0Minuten"},"schema":{"@context":"https:\/\/schema.org","@graph":[{"@type":"WebPage","@id":"https:\/\/projekte.uni-erfurt.de\/ddr-kino\/datenschutz\/","url":"https:\/\/projekte.uni-erfurt.de\/ddr-kino\/datenschutz\/","name":"Datenschutz - Kino in der DDR","isPartOf":{"@id":"https:\/\/projekte.uni-erfurt.de\/ddr-kino\/#website"},"datePublished":"2019-08-21T12:55:51+00:00","dateModified":"2019-11-05T14:35:54+00:00","description":"% %","breadcrumb":{"@id":"https:\/\/projekte.uni-erfurt.de\/ddr-kino\/datenschutz\/#breadcrumb"},"inLanguage":"de","potentialAction":[{"@type":"ReadAction","target":["https:\/\/projekte.uni-erfurt.de\/ddr-kino\/datenschutz\/"]}]},{"@type":"BreadcrumbList","@id":"https:\/\/projekte.uni-erfurt.de\/ddr-kino\/datenschutz\/#breadcrumb","itemListElement":[{"@type":"ListItem","position":1,"name":"Startseite","item":"https:\/\/projekte.uni-erfurt.de\/ddr-kino\/"},{"@type":"ListItem","position":2,"name":"Datenschutz"}]},{"@type":"WebSite","@id":"https:\/\/projekte.uni-erfurt.de\/ddr-kino\/#website","url":"https:\/\/projekte.uni-erfurt.de\/ddr-kino\/","name":"Kino in der DDR","description":"Ein b\u00fcrgerwissenschaftliches Forschungsprojekt","publisher":{"@id":"https:\/\/projekte.uni-erfurt.de\/ddr-kino\/#organization"},"potentialAction":[{"@type":"SearchAction","target":{"@type":"EntryPoint","urlTemplate":"https:\/\/projekte.uni-erfurt.de\/ddr-kino\/?s={search_term_string}"},"query-input":"required name=search_term_string"}],"inLanguage":"de"},{"@type":"Organization","@id":"https:\/\/projekte.uni-erfurt.de\/ddr-kino\/#organization","name":"Kino in der DDR","url":"https:\/\/projekte.uni-erfurt.de\/ddr-kino\/","logo":{"@type":"ImageObject","inLanguage":"de","@id":"https:\/\/projekte.uni-erfurt.de\/ddr-kino\/#\/schema\/logo\/image\/","url":"https:\/\/projekte.uni-erfurt.de\/ddr-kino\/wp-content\/uploads\/2019\/08\/Kino_in_der_DDR_Logo-1-e1566923823474.png","contentUrl":"https:\/\/projekte.uni-erfurt.de\/ddr-kino\/wp-content\/uploads\/2019\/08\/Kino_in_der_DDR_Logo-1-e1566923823474.png","width":200,"height":90,"caption":"Kino in der DDR"},"image":{"@id":"https:\/\/projekte.uni-erfurt.de\/ddr-kino\/#\/schema\/logo\/image\/"},"sameAs":["https:\/\/www.facebook.com\/kinoinderddr\/","https:\/\/twitter.com\/kino_ddr"]}]}},"_links":{"self":[{"href":"https:\/\/projekte.uni-erfurt.de\/ddr-kino\/wp-json\/wp\/v2\/pages\/141"}],"collection":[{"href":"https:\/\/projekte.uni-erfurt.de\/ddr-kino\/wp-json\/wp\/v2\/pages"}],"about":[{"href":"https:\/\/projekte.uni-erfurt.de\/ddr-kino\/wp-json\/wp\/v2\/types\/page"}],"author":[{"embeddable":true,"href":"https:\/\/projekte.uni-erfurt.de\/ddr-kino\/wp-json\/wp\/v2\/users\/2"}],"replies":[{"embeddable":true,"href":"https:\/\/projekte.uni-erfurt.de\/ddr-kino\/wp-json\/wp\/v2\/comments?post=141"}],"version-history":[{"count":2,"href":"https:\/\/projekte.uni-erfurt.de\/ddr-kino\/wp-json\/wp\/v2\/pages\/141\/revisions"}],"predecessor-version":[{"id":427,"href":"https:\/\/projekte.uni-erfurt.de\/ddr-kino\/wp-json\/wp\/v2\/pages\/141\/revisions\/427"}],"wp:attachment":[{"href":"https:\/\/projekte.uni-erfurt.de\/ddr-kino\/wp-json\/wp\/v2\/media?parent=141"}],"curies":[{"name":"wp","href":"https:\/\/api.w.org\/{rel}","templated":true}]}}