{"id":338,"date":"2019-09-17T21:37:28","date_gmt":"2019-09-17T19:37:28","guid":{"rendered":"https:\/\/projekte.uni-erfurt.de\/ddr-kino\/?page_id=338"},"modified":"2022-10-28T15:36:52","modified_gmt":"2022-10-28T13:36:52","slug":"projekthintergrund","status":"publish","type":"page","link":"https:\/\/projekte.uni-erfurt.de\/ddr-kino\/hintergrund\/projekthintergrund\/","title":{"rendered":"Projekthintergrund"},"content":{"rendered":"<div class=\"fusion-fullwidth fullwidth-box fusion-builder-row-1 nonhundred-percent-fullwidth non-hundred-percent-height-scrolling\" style=\"background-color: rgba(255,255,255,0);background-position: center center;background-repeat: no-repeat;padding-top:54px;padding-right:0px;padding-bottom:29px;padding-left:0px;margin-bottom: 0px;margin-top: 0px;border-width: 0px 0px 0px 0px;border-color:#eae9e9;border-style:solid;\" ><div class=\"fusion-builder-row fusion-row\"><div class=\"fusion-layout-column fusion_builder_column fusion-builder-column-0 fusion_builder_column_1_1 1_1 fusion-one-full fusion-column-first fusion-column-last\" style=\"margin-top:0px;margin-bottom:0px;\"><div class=\"fusion-column-wrapper fusion-flex-column-wrapper-legacy\" style=\"background-position:left top;background-repeat:no-repeat;-webkit-background-size:cover;-moz-background-size:cover;-o-background-size:cover;background-size:cover;padding: 0px 0px 0px 0px;\"><div class=\"fusion-text fusion-text-1\"><p>DDR-Kinogeschichte ohne Ber\u00fccksichtigung der Zuschauer? Eigentlich undenkbar. Und dennoch blieb in der bisherigen Forschung die Perspektive des DDR-Kinobesuchers nahezu unbeachtet. Diese L\u00fccke will das Projekt &#8220;Kino in der DDR \u2013 Rezeptionsgeschichte von &#8216;unten'&#8221; mit der Unterst\u00fctzung von B\u00fcrgerinnen und B\u00fcrgern nun schlie\u00dfen.<\/p>\n<p>Wurde bislang die Geschichte des DDR-Kinos vor allem als Filmpolitik- und Produktionsgeschichte geschrieben, r\u00fcckt das Forschungsvorhaben insbesondere die DDR-Kinog\u00e4nger mit ihren pers\u00f6nlichen Geschichten und Erfahrungen in den Mittelpunkt.<\/p>\n<p><strong><i>Zeugnisse erz\u00e4hlen Geschichten<\/i><\/strong><\/p>\n<p>Anhand von Fotografien, Dokumenten und privaten Erz\u00e4hlungen l\u00e4sst sich sowohl eine Alltagsgeschichte des DDR-Kinofilms rekonstruieren als auch damit verbundene gesellschaftliche Ph\u00e4nomene wie Fankultur und filmbezogene Gruppenbildung erkl\u00e4ren.<\/p>\n<p>Als Grundlage f\u00fcr die Untersuchung dienen vor allem zahlreiche private Selbstzeugnisse, die uns von B\u00fcrgerinnen und B\u00fcrgern digital zur Verf\u00fcgung gestellt werden. Neben Fotografien von Kinogeb\u00e4uden, Set-Aufnahmen und Programmheften k\u00f6nnen das beispielsweise auch Eintrittskarten, Werbematerialien oder ganz pers\u00f6nliche Erfahrungsberichte sein.<\/p>\n<p><strong><i>Informationspool zur Alltagsgeschichte des DDR-Kinos<\/i><\/strong><\/p>\n<p>Mithilfe der eingereichten Zeugnisse soll ein breiter Informationspool geschaffen werden, auf dessen Basis sich Schl\u00fcsse zur Rezeptions- und Alltagsgeschichte des DDR-Kinos ziehen lassen. Der Projekterfolg h\u00e4ngt damit ma\u00dfgeblich von einer ausreichenden Anzahl teilnehmender Personen ab, weshalb wir alle interessierten B\u00fcrgerinnen und B\u00fcrger herzlich zum Mitmachen einladen.<\/p>\n<p>&lt;&lt; <a href=\"https:\/\/projekte.uni-erfurt.de\/ddr-kino\/hintergrund\/\">zur\u00fcck<\/a><\/p>\n<\/div><div class=\"fusion-text fusion-text-2\"><p><span style=\"color: #ff0000;\">Achtung: Das b\u00fcrgerwissenschaftliche Projekt \u201cKino in der DDR\u201d endet nach dreij\u00e4hriger Laufzeit am 31.10.2022. Ob dieser Blog und die virtuelle Forschungsumgebung unter neuer Tr\u00e4gerschaft weitergef\u00fchrt werden k\u00f6nnen, befindet sich noch in Kl\u00e4rung. F\u00fcr weitere Informationen klicken Sie bitte <a style=\"color: #ff0000;\" href=\"https:\/\/projekte.uni-erfurt.de\/ddr-kino\/nach-dreijaehriger-laufzeit-forschungsprojekt-kino-in-der-ddr-erfolgreich-beendet\/\" target=\"_blank\" rel=\"noopener\"><u>hier<\/u><\/a>.<\/span><\/p>\n<\/div><div class=\"fusion-clearfix\"><\/div><\/div><\/div><\/div><\/div>\n","protected":false},"excerpt":{"rendered":"","protected":false},"author":2,"featured_media":0,"parent":2,"menu_order":0,"comment_status":"closed","ping_status":"closed","template":"100-width.php","meta":{"footnotes":""},"yoast_head":"<!-- This site is optimized with the Yoast SEO plugin v21.7 - https:\/\/yoast.com\/wordpress\/plugins\/seo\/ -->\n<title>Projekthintergrund - Kino in der DDR<\/title>\n<meta name=\"description\" content=\"% %\" \/>\n<meta name=\"robots\" content=\"index, follow, max-snippet:-1, max-image-preview:large, max-video-preview:-1\" \/>\n<link rel=\"canonical\" href=\"https:\/\/projekte.uni-erfurt.de\/ddr-kino\/hintergrund\/projekthintergrund\/\" \/>\n<meta property=\"og:locale\" content=\"de_DE\" \/>\n<meta property=\"og:type\" content=\"article\" \/>\n<meta property=\"og:title\" content=\"Projekthintergrund - Kino in der DDR\" \/>\n<meta property=\"og:description\" content=\"% %\" \/>\n<meta property=\"og:url\" content=\"https:\/\/projekte.uni-erfurt.de\/ddr-kino\/hintergrund\/projekthintergrund\/\" \/>\n<meta property=\"og:site_name\" content=\"Kino in der DDR\" \/>\n<meta property=\"article:publisher\" content=\"https:\/\/www.facebook.com\/kinoinderddr\/\" \/>\n<meta property=\"article:modified_time\" content=\"2022-10-28T13:36:52+00:00\" \/>\n<meta name=\"twitter:card\" content=\"summary_large_image\" \/>\n<meta name=\"twitter:site\" content=\"@kino_ddr\" \/>\n<meta name=\"twitter:label1\" content=\"Gesch\u00e4tzte Lesezeit\" \/>\n\t<meta name=\"twitter:data1\" content=\"2\u00a0Minuten\" \/>\n<script type=\"application\/ld+json\" class=\"yoast-schema-graph\">{\"@context\":\"https:\/\/schema.org\",\"@graph\":[{\"@type\":\"WebPage\",\"@id\":\"https:\/\/projekte.uni-erfurt.de\/ddr-kino\/hintergrund\/projekthintergrund\/\",\"url\":\"https:\/\/projekte.uni-erfurt.de\/ddr-kino\/hintergrund\/projekthintergrund\/\",\"name\":\"Projekthintergrund - Kino in der DDR\",\"isPartOf\":{\"@id\":\"https:\/\/projekte.uni-erfurt.de\/ddr-kino\/#website\"},\"datePublished\":\"2019-09-17T19:37:28+00:00\",\"dateModified\":\"2022-10-28T13:36:52+00:00\",\"description\":\"% %\",\"breadcrumb\":{\"@id\":\"https:\/\/projekte.uni-erfurt.de\/ddr-kino\/hintergrund\/projekthintergrund\/#breadcrumb\"},\"inLanguage\":\"de\",\"potentialAction\":[{\"@type\":\"ReadAction\",\"target\":[\"https:\/\/projekte.uni-erfurt.de\/ddr-kino\/hintergrund\/projekthintergrund\/\"]}]},{\"@type\":\"BreadcrumbList\",\"@id\":\"https:\/\/projekte.uni-erfurt.de\/ddr-kino\/hintergrund\/projekthintergrund\/#breadcrumb\",\"itemListElement\":[{\"@type\":\"ListItem\",\"position\":1,\"name\":\"Startseite\",\"item\":\"https:\/\/projekte.uni-erfurt.de\/ddr-kino\/\"},{\"@type\":\"ListItem\",\"position\":2,\"name\":\"Hintergrund\",\"item\":\"https:\/\/projekte.uni-erfurt.de\/ddr-kino\/hintergrund\/\"},{\"@type\":\"ListItem\",\"position\":3,\"name\":\"Projekthintergrund\"}]},{\"@type\":\"WebSite\",\"@id\":\"https:\/\/projekte.uni-erfurt.de\/ddr-kino\/#website\",\"url\":\"https:\/\/projekte.uni-erfurt.de\/ddr-kino\/\",\"name\":\"Kino in der DDR\",\"description\":\"Ein b\u00fcrgerwissenschaftliches Forschungsprojekt\",\"publisher\":{\"@id\":\"https:\/\/projekte.uni-erfurt.de\/ddr-kino\/#organization\"},\"potentialAction\":[{\"@type\":\"SearchAction\",\"target\":{\"@type\":\"EntryPoint\",\"urlTemplate\":\"https:\/\/projekte.uni-erfurt.de\/ddr-kino\/?s={search_term_string}\"},\"query-input\":\"required name=search_term_string\"}],\"inLanguage\":\"de\"},{\"@type\":\"Organization\",\"@id\":\"https:\/\/projekte.uni-erfurt.de\/ddr-kino\/#organization\",\"name\":\"Kino in der DDR\",\"url\":\"https:\/\/projekte.uni-erfurt.de\/ddr-kino\/\",\"logo\":{\"@type\":\"ImageObject\",\"inLanguage\":\"de\",\"@id\":\"https:\/\/projekte.uni-erfurt.de\/ddr-kino\/#\/schema\/logo\/image\/\",\"url\":\"https:\/\/projekte.uni-erfurt.de\/ddr-kino\/wp-content\/uploads\/2019\/08\/Kino_in_der_DDR_Logo-1-e1566923823474.png\",\"contentUrl\":\"https:\/\/projekte.uni-erfurt.de\/ddr-kino\/wp-content\/uploads\/2019\/08\/Kino_in_der_DDR_Logo-1-e1566923823474.png\",\"width\":200,\"height\":90,\"caption\":\"Kino in der DDR\"},\"image\":{\"@id\":\"https:\/\/projekte.uni-erfurt.de\/ddr-kino\/#\/schema\/logo\/image\/\"},\"sameAs\":[\"https:\/\/www.facebook.com\/kinoinderddr\/\",\"https:\/\/twitter.com\/kino_ddr\"]}]}<\/script>\n<!-- \/ Yoast SEO plugin. -->","yoast_head_json":{"title":"Projekthintergrund - Kino in der DDR","description":"% %","robots":{"index":"index","follow":"follow","max-snippet":"max-snippet:-1","max-image-preview":"max-image-preview:large","max-video-preview":"max-video-preview:-1"},"canonical":"https:\/\/projekte.uni-erfurt.de\/ddr-kino\/hintergrund\/projekthintergrund\/","og_locale":"de_DE","og_type":"article","og_title":"Projekthintergrund - Kino in der DDR","og_description":"% %","og_url":"https:\/\/projekte.uni-erfurt.de\/ddr-kino\/hintergrund\/projekthintergrund\/","og_site_name":"Kino in der DDR","article_publisher":"https:\/\/www.facebook.com\/kinoinderddr\/","article_modified_time":"2022-10-28T13:36:52+00:00","twitter_card":"summary_large_image","twitter_site":"@kino_ddr","twitter_misc":{"Gesch\u00e4tzte Lesezeit":"2\u00a0Minuten"},"schema":{"@context":"https:\/\/schema.org","@graph":[{"@type":"WebPage","@id":"https:\/\/projekte.uni-erfurt.de\/ddr-kino\/hintergrund\/projekthintergrund\/","url":"https:\/\/projekte.uni-erfurt.de\/ddr-kino\/hintergrund\/projekthintergrund\/","name":"Projekthintergrund - Kino in der DDR","isPartOf":{"@id":"https:\/\/projekte.uni-erfurt.de\/ddr-kino\/#website"},"datePublished":"2019-09-17T19:37:28+00:00","dateModified":"2022-10-28T13:36:52+00:00","description":"% %","breadcrumb":{"@id":"https:\/\/projekte.uni-erfurt.de\/ddr-kino\/hintergrund\/projekthintergrund\/#breadcrumb"},"inLanguage":"de","potentialAction":[{"@type":"ReadAction","target":["https:\/\/projekte.uni-erfurt.de\/ddr-kino\/hintergrund\/projekthintergrund\/"]}]},{"@type":"BreadcrumbList","@id":"https:\/\/projekte.uni-erfurt.de\/ddr-kino\/hintergrund\/projekthintergrund\/#breadcrumb","itemListElement":[{"@type":"ListItem","position":1,"name":"Startseite","item":"https:\/\/projekte.uni-erfurt.de\/ddr-kino\/"},{"@type":"ListItem","position":2,"name":"Hintergrund","item":"https:\/\/projekte.uni-erfurt.de\/ddr-kino\/hintergrund\/"},{"@type":"ListItem","position":3,"name":"Projekthintergrund"}]},{"@type":"WebSite","@id":"https:\/\/projekte.uni-erfurt.de\/ddr-kino\/#website","url":"https:\/\/projekte.uni-erfurt.de\/ddr-kino\/","name":"Kino in der DDR","description":"Ein b\u00fcrgerwissenschaftliches Forschungsprojekt","publisher":{"@id":"https:\/\/projekte.uni-erfurt.de\/ddr-kino\/#organization"},"potentialAction":[{"@type":"SearchAction","target":{"@type":"EntryPoint","urlTemplate":"https:\/\/projekte.uni-erfurt.de\/ddr-kino\/?s={search_term_string}"},"query-input":"required name=search_term_string"}],"inLanguage":"de"},{"@type":"Organization","@id":"https:\/\/projekte.uni-erfurt.de\/ddr-kino\/#organization","name":"Kino in der DDR","url":"https:\/\/projekte.uni-erfurt.de\/ddr-kino\/","logo":{"@type":"ImageObject","inLanguage":"de","@id":"https:\/\/projekte.uni-erfurt.de\/ddr-kino\/#\/schema\/logo\/image\/","url":"https:\/\/projekte.uni-erfurt.de\/ddr-kino\/wp-content\/uploads\/2019\/08\/Kino_in_der_DDR_Logo-1-e1566923823474.png","contentUrl":"https:\/\/projekte.uni-erfurt.de\/ddr-kino\/wp-content\/uploads\/2019\/08\/Kino_in_der_DDR_Logo-1-e1566923823474.png","width":200,"height":90,"caption":"Kino in der DDR"},"image":{"@id":"https:\/\/projekte.uni-erfurt.de\/ddr-kino\/#\/schema\/logo\/image\/"},"sameAs":["https:\/\/www.facebook.com\/kinoinderddr\/","https:\/\/twitter.com\/kino_ddr"]}]}},"_links":{"self":[{"href":"https:\/\/projekte.uni-erfurt.de\/ddr-kino\/wp-json\/wp\/v2\/pages\/338"}],"collection":[{"href":"https:\/\/projekte.uni-erfurt.de\/ddr-kino\/wp-json\/wp\/v2\/pages"}],"about":[{"href":"https:\/\/projekte.uni-erfurt.de\/ddr-kino\/wp-json\/wp\/v2\/types\/page"}],"author":[{"embeddable":true,"href":"https:\/\/projekte.uni-erfurt.de\/ddr-kino\/wp-json\/wp\/v2\/users\/2"}],"replies":[{"embeddable":true,"href":"https:\/\/projekte.uni-erfurt.de\/ddr-kino\/wp-json\/wp\/v2\/comments?post=338"}],"version-history":[{"count":8,"href":"https:\/\/projekte.uni-erfurt.de\/ddr-kino\/wp-json\/wp\/v2\/pages\/338\/revisions"}],"predecessor-version":[{"id":1853,"href":"https:\/\/projekte.uni-erfurt.de\/ddr-kino\/wp-json\/wp\/v2\/pages\/338\/revisions\/1853"}],"up":[{"embeddable":true,"href":"https:\/\/projekte.uni-erfurt.de\/ddr-kino\/wp-json\/wp\/v2\/pages\/2"}],"wp:attachment":[{"href":"https:\/\/projekte.uni-erfurt.de\/ddr-kino\/wp-json\/wp\/v2\/media?parent=338"}],"curies":[{"name":"wp","href":"https:\/\/api.w.org\/{rel}","templated":true}]}}