{"id":344,"date":"2019-09-17T21:52:25","date_gmt":"2019-09-17T19:52:25","guid":{"rendered":"https:\/\/projekte.uni-erfurt.de\/ddr-kino\/?page_id=344"},"modified":"2020-10-06T13:12:05","modified_gmt":"2020-10-06T11:12:05","slug":"buergerwissenschaften","status":"publish","type":"page","link":"https:\/\/projekte.uni-erfurt.de\/ddr-kino\/hintergrund\/buergerwissenschaften\/","title":{"rendered":"B\u00fcrgerwissenschaften"},"content":{"rendered":"<div class=\"fusion-fullwidth fullwidth-box fusion-builder-row-1 nonhundred-percent-fullwidth non-hundred-percent-height-scrolling\" style=\"background-color: rgba(255,255,255,0);background-position: center center;background-repeat: no-repeat;padding-top:54px;padding-right:0px;padding-bottom:29px;padding-left:0px;margin-bottom: 0px;margin-top: 0px;border-width: 0px 0px 0px 0px;border-color:#eae9e9;border-style:solid;\" ><div class=\"fusion-builder-row fusion-row\"><div class=\"fusion-layout-column fusion_builder_column fusion-builder-column-0 fusion_builder_column_1_1 1_1 fusion-one-full fusion-column-first fusion-column-last\" style=\"margin-top:0px;margin-bottom:0px;\"><div class=\"fusion-column-wrapper fusion-flex-column-wrapper-legacy\" style=\"background-position:left top;background-repeat:no-repeat;-webkit-background-size:cover;-moz-background-size:cover;-o-background-size:cover;background-size:cover;padding: 0px 0px 0px 0px;\"><div class=\"fusion-text fusion-text-1\"><p><em><b>Was ist Citizen Science?<\/b><\/em><\/p>\n<p>Der Begriff Citizen Science kommt urspr\u00fcnglich aus dem englischsprachigen Raum und hei\u00dft \u00fcbersetzt so viel wie B\u00fcrgerwissenschaften. Dahinter verbirgt sich ein wissenschaftlicher Ansatz, bei dem Laienforscher mit ihrem Wissen und Engagement einen wichtigen Beitrag zur Erforschung eines bestimmten Themengebiets beitragen. Die Amateurforscher k\u00f6nnen dabei auf ganz unterschiedliche Weise in den Wissenschaftsprozess involviert sein.<\/p>\n<p>Das Prinzip der B\u00fcrgerwissenschaft beziehungsweise B\u00fcrgerforschung ist jedoch nicht neu. Bis vor 200 Jahren war es sogar noch die Regel, dass interessierte Laien aktiv selbst forschen. Erst gegen Ende des 18. Jahrhunderts, als sich ein moderner Wissenschaftsbetrieb herausbildete, haben die B\u00fcrgerwissenschaften an Bedeutung verloren. Zwar gr\u00fcndeten sich im 19. Und 20. Jahrhundert immer noch eigenst\u00e4ndige Forschungsverb\u00fcnde im Bereich B\u00fcrgerwissenschaften, ein Gro\u00dfteil der Forschung verblieb allerdings im institutionalisierten Wissenschaftsbetrieb.<\/p>\n<p><em><b>Citizen Science Projekte in Deutschland<\/b><\/em><\/p>\n<p>Neuen Aufschwung erhielt das Thema B\u00fcrgerwissenschaften mit der Entwicklung moderner Kommunikationstechnologien gegen Ende des 20. Jahrhunderts. Dank der Verbreitung und Vernetzung neuer digitaler Medien war es f\u00fcr B\u00fcrgerinnen und B\u00fcrger nie einfacher, sich an Forschungsprojekten zu beteiligen.<\/p>\n<p>Zahlreiche aktuelle Citizen Science Projekte werden sogar von Universit\u00e4ten und anderen Forschungseinrichtungen initiiert. Dadurch k\u00f6nnen beispielsweise gro\u00dfe Vorhaben realisiert werden, die ohne eine B\u00fcrgerbeteiligung aus zeitlichen und finanziellen Gr\u00fcnden gar nicht umgesetzt werden k\u00f6nnten. Hierzu geh\u00f6rt beispielsweise die Auswertung von gro\u00dfen Datens\u00e4tzen wie Fotos, Scans oder auch Videosequenzen.<\/p>\n<p><em><b>Definition von Citizen Science<\/b><\/em><\/p>\n<p>Im Rahmen eines Dialogprozesses des B\u00fcrGEr schaffen WISSen (GEWISS) Projektes haben sich \u00fcber 350 Organisationen aus dem Bereich Citizen Science auf eine Definition des Begriffs im deutschsprachigen geeinigt, die im sogenannten Gr\u00fcnbuch Citizen Science Strategie 2020 f\u00fcr Deutschland festgehalten ist:<\/p>\n<blockquote>\n<p>&#8220;Citizen Science beschreibt die Beteiligung von Personen an wissenschaftlichen Prozessen, die nicht in diesem Wissenschaftsbereich institutionell gebunden sind. Dabei kann die Beteiligung in der kurzzeitigen Erhebung von Daten bis hin zu einem intensiven Einsatz von Freizeit bestehen, um sich gemeinsam mit Wissenschaftlerinnen bzw. Wissenschaftlern und\/oder anderen Ehrenamtlichen in ein Forschungsthema zu vertiefen. Obwohl viele ehrenamtliche Forscherinnen und Forscher eine akademische Ausbildung aufweisen, ist dies keine Voraussetzung f\u00fcr die Teilnahme an Forschungsprojekten. Wichtig ist allerdings die Einhaltung wissenschaftlicher Standards, wozu vor allem Transparenz im Hinblick auf die Methodik der Datenerhebung und die \u00f6ffentliche Diskussion der Ergebnisse geh\u00f6ren.&#8221; (aus dem Gr\u00fcnbuch Citizen Science Strategie 2020, S. 13)<\/p>\n<\/blockquote>\n<p>Quellen:<\/p>\n<p>&#8220;B\u00fcrger. K\u00fcnste. Wissenschaft. Citizen Science in Kultur und Geisteswissenschaften&#8221; herausgegeben von Kristin Oswald und Ren\u00e9 Smolarski (2016), abgerufen am 16.09.2019 unter <a href=\"https:\/\/www.computus-druck.com\/press\/wp-content\/uploads\/2017\/07\/isbn_9783940598325.pdf\">https:\/\/www.computus-druck.com\/press\/wp-content\/uploads\/2017\/07\/isbn_9783940598325.pdf<\/a>.<\/p>\n<p>&#8220;Citizen Science f\u00fcr alle. Eine Handreichung f\u00fcr Citizen Science-Beteiligte&#8221; von Lisa Pettibone, Katrin Vohland, Aletta Bonn u.a. (2016), abgerufen am 16.09.2019 unter <a href=\"https:\/\/www.buergerschaffenwissen.de\/sites\/default\/files\/grid\/2017\/11\/20\/gewiss_citscifueralle_handreichung_web_0.pdf\">https:\/\/www.buergerschaffenwissen.de\/sites\/default\/files\/grid\/2017\/11\/20\/gewiss_citscifueralle_handreichung_web_0.pdf<\/a>.<\/p>\n<p>&#8220;Gr\u00fcnbuch Citizen Science Strategie 2020 f\u00fcr Deutschland&#8221; von Wolst D. &amp; D. Ziegler (2016), abgerufen am 16.09.2019 unter <a href=\"https:\/\/www.buergerschaffenwissen.de\/sites\/default\/files\/assets\/dokumente\/gewiss-gruenbuch_citizen_science_strategie.pdf\">https:\/\/www.buergerschaffenwissen.de\/sites\/default\/files\/assets\/dokumente\/gewiss-gruenbuch_citizen_science_strategie.pdf<\/a>.<\/p>\n<\/p>\n<p><a href=\"https:\/\/projekte.uni-erfurt.de\/ddr-kino\/hintergrund\/\">&lt;&lt; zur\u00fcck<\/a><\/p>\n<\/div><div class=\"fusion-clearfix\"><\/div><\/div><\/div><\/div><\/div>\n","protected":false},"excerpt":{"rendered":"","protected":false},"author":2,"featured_media":0,"parent":2,"menu_order":0,"comment_status":"closed","ping_status":"closed","template":"100-width.php","meta":{"footnotes":""},"yoast_head":"<!-- This site is optimized with the Yoast SEO plugin v21.7 - https:\/\/yoast.com\/wordpress\/plugins\/seo\/ -->\n<title>B\u00fcrgerwissenschaften - Kino in der DDR<\/title>\n<meta name=\"description\" content=\"% %\" \/>\n<meta name=\"robots\" content=\"index, follow, max-snippet:-1, max-image-preview:large, max-video-preview:-1\" \/>\n<link rel=\"canonical\" href=\"https:\/\/projekte.uni-erfurt.de\/ddr-kino\/hintergrund\/buergerwissenschaften\/\" \/>\n<meta property=\"og:locale\" content=\"de_DE\" \/>\n<meta property=\"og:type\" content=\"article\" \/>\n<meta property=\"og:title\" content=\"B\u00fcrgerwissenschaften - Kino in der DDR\" \/>\n<meta property=\"og:description\" content=\"% %\" \/>\n<meta property=\"og:url\" content=\"https:\/\/projekte.uni-erfurt.de\/ddr-kino\/hintergrund\/buergerwissenschaften\/\" \/>\n<meta property=\"og:site_name\" content=\"Kino in der DDR\" \/>\n<meta property=\"article:publisher\" content=\"https:\/\/www.facebook.com\/kinoinderddr\/\" \/>\n<meta property=\"article:modified_time\" content=\"2020-10-06T11:12:05+00:00\" \/>\n<meta name=\"twitter:card\" content=\"summary_large_image\" \/>\n<meta name=\"twitter:site\" content=\"@kino_ddr\" \/>\n<meta name=\"twitter:label1\" content=\"Gesch\u00e4tzte Lesezeit\" \/>\n\t<meta name=\"twitter:data1\" content=\"3\u00a0Minuten\" \/>\n<script type=\"application\/ld+json\" class=\"yoast-schema-graph\">{\"@context\":\"https:\/\/schema.org\",\"@graph\":[{\"@type\":\"WebPage\",\"@id\":\"https:\/\/projekte.uni-erfurt.de\/ddr-kino\/hintergrund\/buergerwissenschaften\/\",\"url\":\"https:\/\/projekte.uni-erfurt.de\/ddr-kino\/hintergrund\/buergerwissenschaften\/\",\"name\":\"B\u00fcrgerwissenschaften - Kino in der DDR\",\"isPartOf\":{\"@id\":\"https:\/\/projekte.uni-erfurt.de\/ddr-kino\/#website\"},\"datePublished\":\"2019-09-17T19:52:25+00:00\",\"dateModified\":\"2020-10-06T11:12:05+00:00\",\"description\":\"% %\",\"breadcrumb\":{\"@id\":\"https:\/\/projekte.uni-erfurt.de\/ddr-kino\/hintergrund\/buergerwissenschaften\/#breadcrumb\"},\"inLanguage\":\"de\",\"potentialAction\":[{\"@type\":\"ReadAction\",\"target\":[\"https:\/\/projekte.uni-erfurt.de\/ddr-kino\/hintergrund\/buergerwissenschaften\/\"]}]},{\"@type\":\"BreadcrumbList\",\"@id\":\"https:\/\/projekte.uni-erfurt.de\/ddr-kino\/hintergrund\/buergerwissenschaften\/#breadcrumb\",\"itemListElement\":[{\"@type\":\"ListItem\",\"position\":1,\"name\":\"Startseite\",\"item\":\"https:\/\/projekte.uni-erfurt.de\/ddr-kino\/\"},{\"@type\":\"ListItem\",\"position\":2,\"name\":\"Hintergrund\",\"item\":\"https:\/\/projekte.uni-erfurt.de\/ddr-kino\/hintergrund\/\"},{\"@type\":\"ListItem\",\"position\":3,\"name\":\"B\u00fcrgerwissenschaften\"}]},{\"@type\":\"WebSite\",\"@id\":\"https:\/\/projekte.uni-erfurt.de\/ddr-kino\/#website\",\"url\":\"https:\/\/projekte.uni-erfurt.de\/ddr-kino\/\",\"name\":\"Kino in der DDR\",\"description\":\"Ein b\u00fcrgerwissenschaftliches Forschungsprojekt\",\"publisher\":{\"@id\":\"https:\/\/projekte.uni-erfurt.de\/ddr-kino\/#organization\"},\"potentialAction\":[{\"@type\":\"SearchAction\",\"target\":{\"@type\":\"EntryPoint\",\"urlTemplate\":\"https:\/\/projekte.uni-erfurt.de\/ddr-kino\/?s={search_term_string}\"},\"query-input\":\"required name=search_term_string\"}],\"inLanguage\":\"de\"},{\"@type\":\"Organization\",\"@id\":\"https:\/\/projekte.uni-erfurt.de\/ddr-kino\/#organization\",\"name\":\"Kino in der DDR\",\"url\":\"https:\/\/projekte.uni-erfurt.de\/ddr-kino\/\",\"logo\":{\"@type\":\"ImageObject\",\"inLanguage\":\"de\",\"@id\":\"https:\/\/projekte.uni-erfurt.de\/ddr-kino\/#\/schema\/logo\/image\/\",\"url\":\"https:\/\/projekte.uni-erfurt.de\/ddr-kino\/wp-content\/uploads\/2019\/08\/Kino_in_der_DDR_Logo-1-e1566923823474.png\",\"contentUrl\":\"https:\/\/projekte.uni-erfurt.de\/ddr-kino\/wp-content\/uploads\/2019\/08\/Kino_in_der_DDR_Logo-1-e1566923823474.png\",\"width\":200,\"height\":90,\"caption\":\"Kino in der DDR\"},\"image\":{\"@id\":\"https:\/\/projekte.uni-erfurt.de\/ddr-kino\/#\/schema\/logo\/image\/\"},\"sameAs\":[\"https:\/\/www.facebook.com\/kinoinderddr\/\",\"https:\/\/twitter.com\/kino_ddr\"]}]}<\/script>\n<!-- \/ Yoast SEO plugin. -->","yoast_head_json":{"title":"B\u00fcrgerwissenschaften - Kino in der DDR","description":"% %","robots":{"index":"index","follow":"follow","max-snippet":"max-snippet:-1","max-image-preview":"max-image-preview:large","max-video-preview":"max-video-preview:-1"},"canonical":"https:\/\/projekte.uni-erfurt.de\/ddr-kino\/hintergrund\/buergerwissenschaften\/","og_locale":"de_DE","og_type":"article","og_title":"B\u00fcrgerwissenschaften - Kino in der DDR","og_description":"% %","og_url":"https:\/\/projekte.uni-erfurt.de\/ddr-kino\/hintergrund\/buergerwissenschaften\/","og_site_name":"Kino in der DDR","article_publisher":"https:\/\/www.facebook.com\/kinoinderddr\/","article_modified_time":"2020-10-06T11:12:05+00:00","twitter_card":"summary_large_image","twitter_site":"@kino_ddr","twitter_misc":{"Gesch\u00e4tzte Lesezeit":"3\u00a0Minuten"},"schema":{"@context":"https:\/\/schema.org","@graph":[{"@type":"WebPage","@id":"https:\/\/projekte.uni-erfurt.de\/ddr-kino\/hintergrund\/buergerwissenschaften\/","url":"https:\/\/projekte.uni-erfurt.de\/ddr-kino\/hintergrund\/buergerwissenschaften\/","name":"B\u00fcrgerwissenschaften - Kino in der DDR","isPartOf":{"@id":"https:\/\/projekte.uni-erfurt.de\/ddr-kino\/#website"},"datePublished":"2019-09-17T19:52:25+00:00","dateModified":"2020-10-06T11:12:05+00:00","description":"% %","breadcrumb":{"@id":"https:\/\/projekte.uni-erfurt.de\/ddr-kino\/hintergrund\/buergerwissenschaften\/#breadcrumb"},"inLanguage":"de","potentialAction":[{"@type":"ReadAction","target":["https:\/\/projekte.uni-erfurt.de\/ddr-kino\/hintergrund\/buergerwissenschaften\/"]}]},{"@type":"BreadcrumbList","@id":"https:\/\/projekte.uni-erfurt.de\/ddr-kino\/hintergrund\/buergerwissenschaften\/#breadcrumb","itemListElement":[{"@type":"ListItem","position":1,"name":"Startseite","item":"https:\/\/projekte.uni-erfurt.de\/ddr-kino\/"},{"@type":"ListItem","position":2,"name":"Hintergrund","item":"https:\/\/projekte.uni-erfurt.de\/ddr-kino\/hintergrund\/"},{"@type":"ListItem","position":3,"name":"B\u00fcrgerwissenschaften"}]},{"@type":"WebSite","@id":"https:\/\/projekte.uni-erfurt.de\/ddr-kino\/#website","url":"https:\/\/projekte.uni-erfurt.de\/ddr-kino\/","name":"Kino in der DDR","description":"Ein b\u00fcrgerwissenschaftliches Forschungsprojekt","publisher":{"@id":"https:\/\/projekte.uni-erfurt.de\/ddr-kino\/#organization"},"potentialAction":[{"@type":"SearchAction","target":{"@type":"EntryPoint","urlTemplate":"https:\/\/projekte.uni-erfurt.de\/ddr-kino\/?s={search_term_string}"},"query-input":"required name=search_term_string"}],"inLanguage":"de"},{"@type":"Organization","@id":"https:\/\/projekte.uni-erfurt.de\/ddr-kino\/#organization","name":"Kino in der DDR","url":"https:\/\/projekte.uni-erfurt.de\/ddr-kino\/","logo":{"@type":"ImageObject","inLanguage":"de","@id":"https:\/\/projekte.uni-erfurt.de\/ddr-kino\/#\/schema\/logo\/image\/","url":"https:\/\/projekte.uni-erfurt.de\/ddr-kino\/wp-content\/uploads\/2019\/08\/Kino_in_der_DDR_Logo-1-e1566923823474.png","contentUrl":"https:\/\/projekte.uni-erfurt.de\/ddr-kino\/wp-content\/uploads\/2019\/08\/Kino_in_der_DDR_Logo-1-e1566923823474.png","width":200,"height":90,"caption":"Kino in der DDR"},"image":{"@id":"https:\/\/projekte.uni-erfurt.de\/ddr-kino\/#\/schema\/logo\/image\/"},"sameAs":["https:\/\/www.facebook.com\/kinoinderddr\/","https:\/\/twitter.com\/kino_ddr"]}]}},"_links":{"self":[{"href":"https:\/\/projekte.uni-erfurt.de\/ddr-kino\/wp-json\/wp\/v2\/pages\/344"}],"collection":[{"href":"https:\/\/projekte.uni-erfurt.de\/ddr-kino\/wp-json\/wp\/v2\/pages"}],"about":[{"href":"https:\/\/projekte.uni-erfurt.de\/ddr-kino\/wp-json\/wp\/v2\/types\/page"}],"author":[{"embeddable":true,"href":"https:\/\/projekte.uni-erfurt.de\/ddr-kino\/wp-json\/wp\/v2\/users\/2"}],"replies":[{"embeddable":true,"href":"https:\/\/projekte.uni-erfurt.de\/ddr-kino\/wp-json\/wp\/v2\/comments?post=344"}],"version-history":[{"count":8,"href":"https:\/\/projekte.uni-erfurt.de\/ddr-kino\/wp-json\/wp\/v2\/pages\/344\/revisions"}],"predecessor-version":[{"id":818,"href":"https:\/\/projekte.uni-erfurt.de\/ddr-kino\/wp-json\/wp\/v2\/pages\/344\/revisions\/818"}],"up":[{"embeddable":true,"href":"https:\/\/projekte.uni-erfurt.de\/ddr-kino\/wp-json\/wp\/v2\/pages\/2"}],"wp:attachment":[{"href":"https:\/\/projekte.uni-erfurt.de\/ddr-kino\/wp-json\/wp\/v2\/media?parent=344"}],"curies":[{"name":"wp","href":"https:\/\/api.w.org\/{rel}","templated":true}]}}