{"id":50,"date":"2018-08-23T05:07:06","date_gmt":"2018-08-23T05:07:06","guid":{"rendered":"https:\/\/gpsites.co\/article\/?page_id=50"},"modified":"2022-10-28T15:39:11","modified_gmt":"2022-10-28T13:39:11","slug":"mitmachen","status":"publish","type":"page","link":"https:\/\/projekte.uni-erfurt.de\/ddr-kino\/mitmachen\/","title":{"rendered":"Mitmachen"},"content":{"rendered":"<p><div class=\"fusion-fullwidth fullwidth-box fusion-builder-row-1 nonhundred-percent-fullwidth non-hundred-percent-height-scrolling\" style=\"background-color: rgba(255,255,255,0);background-position: center center;background-repeat: no-repeat;padding-top:42px;padding-right:0px;padding-bottom:33px;padding-left:0px;margin-bottom: 0px;margin-top: 0px;border-width: 0px 0px 0px 0px;border-color:#eae9e9;border-style:solid;\" ><div class=\"fusion-builder-row fusion-row\"><div class=\"fusion-layout-column fusion_builder_column fusion-builder-column-0 fusion_builder_column_1_1 1_1 fusion-one-full fusion-column-first fusion-column-last\" style=\"margin-top:0px;margin-bottom:0px;\"><div class=\"fusion-column-wrapper fusion-flex-column-wrapper-legacy\" style=\"background-position:left top;background-repeat:no-repeat;-webkit-background-size:cover;-moz-background-size:cover;-o-background-size:cover;background-size:cover;padding: 0px 0px 0px 0px;\"><div class=\"fusion-text fusion-text-1\"><p>Inwieweit pr\u00e4gte das Kino das Alltagsleben der Menschen in der DDR? Mit dieser Frage setzt sich das digitale Forschungsprojekt &#8220;Kino in der DDR&#8221; auseinander. Wurde bislang die Geschichte des DDR-Kinos vor allem als Filmpolitik- und Produktionsgeschichte geschrieben, r\u00fcckt das Forschungsvorhaben die Perspektive der Kinobesucher*innen mit ihren pers\u00f6nlichen Erfahrungen in den Mittelpunkt. Neben der Auff\u00fchrungspraxis vor Ort befasst sich die Untersuchung auch mit der Filmentstehung und Fankultur zwischen 1949 und 1990. Das Projekt ist dabei auf die Unterst\u00fctzung von engagierten B\u00fcrger*innen angewiesen, die ihre Erinnerungen an Spielst\u00e4tten, Filme und Schauspieler mit der Wissenschaft teilen.<\/p>\n<p>Zu diesem Zweck wurde von Wissenschaftler*innen der Universit\u00e4t Erfurt eine interaktive Plattform entwickelt, auf der erlebte Geschichten und Dokumente wie Fotoaufnahmen, Eintrittskarten oder Programmhefte der Forschung digital zur Verf\u00fcgung gestellt werden k\u00f6nnen. Mithilfe der eingereichten Zeugnisse soll eine m\u00f6glichst breite Quellenbasis geschaffen werden, auf deren Grundlage sich Schl\u00fcsse zur Rezeptions- und Alltagsgeschichte des Kinos in der DDR ziehen lassen. Der Projekterfolg h\u00e4ngt damit ma\u00dfgeblich von der Mitwirkung einer interessierten \u00d6ffentlichkeit ab, weshalb alle B\u00fcrger*innen zum Mitmachen herzlich eingeladen sind.<\/p>\n<\/div><div class=\"fusion-text fusion-text-2\"><p>Dreh- und Angelpunkt des Projekts &#8220;Kino in der DDR&#8221; ist die virtuelle Forschungsumgebung. Sie ist die zentrale Anlaufstelle fu\u0308r interessierte Bu\u0308rger*innen, um sich aktiv in den Forschungsprozess einzubringen. Hierzu stehen den Nutzer*innen spezielle Module zur Verfu\u0308gung. Diese erm\u00f6glichen es beispielsweise, Kinos auf einer Karte zu verorten, pers\u00f6nliche Erinnerungen an Filme und Schauspieler zu teilen sowie Aufnahmen von Kinogeb\u00e4uden, Eintrittskarten und Programmheften der Forschung digital zur Verfu\u0308gung zu stellen. Die interaktive Plattform nutzt dabei das digitale Medium, um die Handhabung und Auswertung der eingesendeten Materialien zu vereinfachen und allen interessierten Bu\u0308rger*innen einen orts- und zeitunabh\u00e4ngigen Zugriff auf die Plattform zu erm\u00f6glichen.<\/p>\n<\/div><div class=\"fusion-text fusion-text-3\"><p>Jetzt online mitmachen unter: <a href=\"https:\/\/projekte.uni-erfurt.de\/kinoinderddr\/\">projekte.uni-erfurt.de\/kinoinderddr<\/a><\/p>\n<\/div><div class=\"fusion-text fusion-text-4\"><p>Bitte beachten Sie, dass sich die Citizen-Science-Plattform &#8220;Kino in der DDR&#8221; noch in einer fr\u00fchen Entwicklungsphase befindet und kontinuierlich weiterentwickelt wird. Sollten Sie Fragen oder Verbesserungsvorschl\u00e4ge zur Nutzung der Plattform haben, oder Ihnen Fehler im Umgang mit der Anwendung auffallen, kontaktieren Sie uns bitte per E-Mail an <a href=\"mailto:kino-ddr@uni-erfurt.de\">kino-ddr@uni-erfurt.de<\/a> oder \u00fcber das unten stehende Formular. Wir freuen uns \u00fcber Ihr Feedback!<\/p>\n<\/div><div class=\"fusion-text fusion-text-5\"><p><span style=\"color: #ff0000;\">Achtung: Das b\u00fcrgerwissenschaftliche Projekt \u201cKino in der DDR\u201d endet nach dreij\u00e4hriger Laufzeit am 31.10.2022. Ob dieser Blog und die virtuelle Forschungsumgebung unter neuer Tr\u00e4gerschaft weitergef\u00fchrt werden k\u00f6nnen, befindet sich noch in Kl\u00e4rung. F\u00fcr weitere Informationen klicken Sie bitte <a style=\"color: #ff0000;\" href=\"https:\/\/projekte.uni-erfurt.de\/ddr-kino\/nach-dreijaehriger-laufzeit-forschungsprojekt-kino-in-der-ddr-erfolgreich-beendet\/\" target=\"_blank\" rel=\"noopener\"><u>hier<\/u><\/a>.<\/span><\/p>\n<\/div><div class=\"fusion-clearfix\"><\/div><\/div><\/div><\/div><\/div><div class=\"fusion-fullwidth fullwidth-box fusion-builder-row-2 nonhundred-percent-fullwidth non-hundred-percent-height-scrolling\" style=\"background-color: rgba(255,255,255,0);background-position: center center;background-repeat: no-repeat;padding-top:0px;padding-right:0px;padding-bottom:0px;padding-left:0px;margin-bottom: 0px;margin-top: 0px;border-width: 0px 0px 0px 0px;border-color:#eae9e9;border-style:solid;\" ><div class=\"fusion-builder-row fusion-row\"><div class=\"fusion-layout-column fusion_builder_column fusion-builder-column-1 fusion_builder_column_1_1 1_1 fusion-one-full fusion-column-first fusion-column-last\" style=\"margin-top:0px;margin-bottom:20px;\"><div class=\"fusion-column-wrapper fusion-flex-column-wrapper-legacy\" style=\"background-position:left top;background-repeat:no-repeat;-webkit-background-size:cover;-moz-background-size:cover;-o-background-size:cover;background-size:cover;padding: 0px 0px 0px 0px;\">\n<div class=\"wpcf7 no-js\" id=\"wpcf7-f288-o1\" lang=\"de-DE\" dir=\"ltr\">\n<div class=\"screen-reader-response\"><p role=\"status\" aria-live=\"polite\" aria-atomic=\"true\"><\/p> <ul><\/ul><\/div>\n<form action=\"\/ddr-kino\/wp-json\/wp\/v2\/pages\/50#wpcf7-f288-o1\" method=\"post\" class=\"wpcf7-form init wpcf7-acceptance-as-validation\" aria-label=\"Kontaktformular\" novalidate=\"novalidate\" data-status=\"init\">\n<div style=\"display: none;\">\n<input type=\"hidden\" name=\"_wpcf7\" value=\"288\" \/>\n<input type=\"hidden\" name=\"_wpcf7_version\" value=\"5.8.5\" \/>\n<input type=\"hidden\" name=\"_wpcf7_locale\" value=\"de_DE\" \/>\n<input type=\"hidden\" name=\"_wpcf7_unit_tag\" value=\"wpcf7-f288-o1\" \/>\n<input type=\"hidden\" name=\"_wpcf7_container_post\" value=\"0\" \/>\n<input type=\"hidden\" name=\"_wpcf7_posted_data_hash\" value=\"\" \/>\n<\/div>\n<p><label> Ihr Name (Pflichtfeld)<br \/>\n<span class=\"wpcf7-form-control-wrap\" data-name=\"your-name\"><input size=\"40\" class=\"wpcf7-form-control wpcf7-text wpcf7-validates-as-required\" aria-required=\"true\" aria-invalid=\"false\" value=\"\" type=\"text\" name=\"your-name\" \/><\/span> <\/label>\n<\/p>\n<p><label> Ihre E-Mail-Adresse (Pflichtfeld)<br \/>\n<span class=\"wpcf7-form-control-wrap\" data-name=\"your-email\"><input size=\"40\" class=\"wpcf7-form-control wpcf7-email wpcf7-validates-as-required wpcf7-text wpcf7-validates-as-email\" aria-required=\"true\" aria-invalid=\"false\" value=\"\" type=\"email\" name=\"your-email\" \/><\/span> <\/label>\n<\/p>\n<p><label> Ihre Telefonnummer<br \/>\n<span class=\"wpcf7-form-control-wrap\" data-name=\"tel-616\"><input size=\"40\" class=\"wpcf7-form-control wpcf7-tel wpcf7-text wpcf7-validates-as-tel\" aria-invalid=\"false\" value=\"\" type=\"tel\" name=\"tel-616\" \/><\/span> <\/label>\n<\/p>\n<p><label> Betreff<br \/>\n<span class=\"wpcf7-form-control-wrap\" data-name=\"your-subject\"><input size=\"40\" class=\"wpcf7-form-control wpcf7-text\" aria-invalid=\"false\" value=\"\" type=\"text\" name=\"your-subject\" \/><\/span> <\/label>\n<\/p>\n<p><label> Ihre Nachricht<br \/>\n<span class=\"wpcf7-form-control-wrap\" data-name=\"your-message\"><textarea cols=\"40\" rows=\"10\" class=\"wpcf7-form-control wpcf7-textarea\" aria-invalid=\"false\" name=\"your-message\"><\/textarea><\/span> <\/label>\n<\/p>\n<p><span class=\"wpcf7-form-control-wrap\" data-name=\"acceptance-139\"><span class=\"wpcf7-form-control wpcf7-acceptance\"><span class=\"wpcf7-list-item\"><input type=\"checkbox\" name=\"acceptance-139\" value=\"1\" aria-invalid=\"false\" \/><\/span><\/span><\/span> Sie erkl\u00e4ren sich damit einverstanden, dass Ihre Daten zur Bearbeitung Ihres Anliegens genutzt werden. Weitere Informationen und Hinweise finden Sie in unserer <b> <a href=\"https:\/\/projekte.uni-erfurt.de\/ddr-kino\/impressum\/\"> Datenschutzerkl\u00e4rung. <\/a><\/b>\n<\/p>\n<p><input class=\"wpcf7-form-control wpcf7-submit has-spinner\" type=\"submit\" value=\"Senden\" \/>\n<\/p><div class=\"fusion-alert alert custom alert-custom fusion-alert-center wpcf7-response-output fusion-alert-capitalize alert-dismissable\" role=\"alert\" style=\"border-width:1px;\"><div class=\"fusion-alert-content-wrapper\"><span class=\"fusion-alert-content\"><\/span><\/div><button type=\"button\" class=\"close toggle-alert\" data-dismiss=\"alert\" aria-label=\"Close\">&times;<\/button><\/div>\n<\/form>\n<\/div>\n<div class=\"fusion-clearfix\"><\/div><\/div><\/div><\/div><\/div><\/p>\n","protected":false},"excerpt":{"rendered":"","protected":false},"author":2,"featured_media":0,"parent":0,"menu_order":0,"comment_status":"closed","ping_status":"closed","template":"100-width.php","meta":{"footnotes":""},"yoast_head":"<!-- This site is optimized with the Yoast SEO plugin v21.7 - https:\/\/yoast.com\/wordpress\/plugins\/seo\/ -->\n<title>Mitmachen - Kino in der DDR<\/title>\n<meta name=\"description\" content=\"% %\" \/>\n<meta name=\"robots\" content=\"index, follow, max-snippet:-1, max-image-preview:large, max-video-preview:-1\" \/>\n<link rel=\"canonical\" href=\"https:\/\/projekte.uni-erfurt.de\/ddr-kino\/mitmachen\/\" \/>\n<meta property=\"og:locale\" content=\"de_DE\" \/>\n<meta property=\"og:type\" content=\"article\" \/>\n<meta property=\"og:title\" content=\"Mitmachen - Kino in der DDR\" \/>\n<meta property=\"og:description\" content=\"% %\" \/>\n<meta property=\"og:url\" content=\"https:\/\/projekte.uni-erfurt.de\/ddr-kino\/mitmachen\/\" \/>\n<meta property=\"og:site_name\" content=\"Kino in der DDR\" \/>\n<meta property=\"article:publisher\" content=\"https:\/\/www.facebook.com\/kinoinderddr\/\" \/>\n<meta property=\"article:modified_time\" content=\"2022-10-28T13:39:11+00:00\" \/>\n<meta name=\"twitter:card\" content=\"summary_large_image\" \/>\n<meta name=\"twitter:site\" content=\"@kino_ddr\" \/>\n<meta name=\"twitter:label1\" content=\"Gesch\u00e4tzte Lesezeit\" \/>\n\t<meta name=\"twitter:data1\" content=\"4\u00a0Minuten\" \/>\n<script type=\"application\/ld+json\" class=\"yoast-schema-graph\">{\"@context\":\"https:\/\/schema.org\",\"@graph\":[{\"@type\":\"WebPage\",\"@id\":\"https:\/\/projekte.uni-erfurt.de\/ddr-kino\/mitmachen\/\",\"url\":\"https:\/\/projekte.uni-erfurt.de\/ddr-kino\/mitmachen\/\",\"name\":\"Mitmachen - Kino in der DDR\",\"isPartOf\":{\"@id\":\"https:\/\/projekte.uni-erfurt.de\/ddr-kino\/#website\"},\"datePublished\":\"2018-08-23T05:07:06+00:00\",\"dateModified\":\"2022-10-28T13:39:11+00:00\",\"description\":\"% %\",\"breadcrumb\":{\"@id\":\"https:\/\/projekte.uni-erfurt.de\/ddr-kino\/mitmachen\/#breadcrumb\"},\"inLanguage\":\"de\",\"potentialAction\":[{\"@type\":\"ReadAction\",\"target\":[\"https:\/\/projekte.uni-erfurt.de\/ddr-kino\/mitmachen\/\"]}]},{\"@type\":\"BreadcrumbList\",\"@id\":\"https:\/\/projekte.uni-erfurt.de\/ddr-kino\/mitmachen\/#breadcrumb\",\"itemListElement\":[{\"@type\":\"ListItem\",\"position\":1,\"name\":\"Startseite\",\"item\":\"https:\/\/projekte.uni-erfurt.de\/ddr-kino\/\"},{\"@type\":\"ListItem\",\"position\":2,\"name\":\"Mitmachen\"}]},{\"@type\":\"WebSite\",\"@id\":\"https:\/\/projekte.uni-erfurt.de\/ddr-kino\/#website\",\"url\":\"https:\/\/projekte.uni-erfurt.de\/ddr-kino\/\",\"name\":\"Kino in der DDR\",\"description\":\"Ein b\u00fcrgerwissenschaftliches Forschungsprojekt\",\"publisher\":{\"@id\":\"https:\/\/projekte.uni-erfurt.de\/ddr-kino\/#organization\"},\"potentialAction\":[{\"@type\":\"SearchAction\",\"target\":{\"@type\":\"EntryPoint\",\"urlTemplate\":\"https:\/\/projekte.uni-erfurt.de\/ddr-kino\/?s={search_term_string}\"},\"query-input\":\"required name=search_term_string\"}],\"inLanguage\":\"de\"},{\"@type\":\"Organization\",\"@id\":\"https:\/\/projekte.uni-erfurt.de\/ddr-kino\/#organization\",\"name\":\"Kino in der DDR\",\"url\":\"https:\/\/projekte.uni-erfurt.de\/ddr-kino\/\",\"logo\":{\"@type\":\"ImageObject\",\"inLanguage\":\"de\",\"@id\":\"https:\/\/projekte.uni-erfurt.de\/ddr-kino\/#\/schema\/logo\/image\/\",\"url\":\"https:\/\/projekte.uni-erfurt.de\/ddr-kino\/wp-content\/uploads\/2019\/08\/Kino_in_der_DDR_Logo-1-e1566923823474.png\",\"contentUrl\":\"https:\/\/projekte.uni-erfurt.de\/ddr-kino\/wp-content\/uploads\/2019\/08\/Kino_in_der_DDR_Logo-1-e1566923823474.png\",\"width\":200,\"height\":90,\"caption\":\"Kino in der DDR\"},\"image\":{\"@id\":\"https:\/\/projekte.uni-erfurt.de\/ddr-kino\/#\/schema\/logo\/image\/\"},\"sameAs\":[\"https:\/\/www.facebook.com\/kinoinderddr\/\",\"https:\/\/twitter.com\/kino_ddr\"]}]}<\/script>\n<!-- \/ Yoast SEO plugin. -->","yoast_head_json":{"title":"Mitmachen - Kino in der DDR","description":"% %","robots":{"index":"index","follow":"follow","max-snippet":"max-snippet:-1","max-image-preview":"max-image-preview:large","max-video-preview":"max-video-preview:-1"},"canonical":"https:\/\/projekte.uni-erfurt.de\/ddr-kino\/mitmachen\/","og_locale":"de_DE","og_type":"article","og_title":"Mitmachen - Kino in der DDR","og_description":"% %","og_url":"https:\/\/projekte.uni-erfurt.de\/ddr-kino\/mitmachen\/","og_site_name":"Kino in der DDR","article_publisher":"https:\/\/www.facebook.com\/kinoinderddr\/","article_modified_time":"2022-10-28T13:39:11+00:00","twitter_card":"summary_large_image","twitter_site":"@kino_ddr","twitter_misc":{"Gesch\u00e4tzte Lesezeit":"4\u00a0Minuten"},"schema":{"@context":"https:\/\/schema.org","@graph":[{"@type":"WebPage","@id":"https:\/\/projekte.uni-erfurt.de\/ddr-kino\/mitmachen\/","url":"https:\/\/projekte.uni-erfurt.de\/ddr-kino\/mitmachen\/","name":"Mitmachen - Kino in der DDR","isPartOf":{"@id":"https:\/\/projekte.uni-erfurt.de\/ddr-kino\/#website"},"datePublished":"2018-08-23T05:07:06+00:00","dateModified":"2022-10-28T13:39:11+00:00","description":"% %","breadcrumb":{"@id":"https:\/\/projekte.uni-erfurt.de\/ddr-kino\/mitmachen\/#breadcrumb"},"inLanguage":"de","potentialAction":[{"@type":"ReadAction","target":["https:\/\/projekte.uni-erfurt.de\/ddr-kino\/mitmachen\/"]}]},{"@type":"BreadcrumbList","@id":"https:\/\/projekte.uni-erfurt.de\/ddr-kino\/mitmachen\/#breadcrumb","itemListElement":[{"@type":"ListItem","position":1,"name":"Startseite","item":"https:\/\/projekte.uni-erfurt.de\/ddr-kino\/"},{"@type":"ListItem","position":2,"name":"Mitmachen"}]},{"@type":"WebSite","@id":"https:\/\/projekte.uni-erfurt.de\/ddr-kino\/#website","url":"https:\/\/projekte.uni-erfurt.de\/ddr-kino\/","name":"Kino in der DDR","description":"Ein b\u00fcrgerwissenschaftliches Forschungsprojekt","publisher":{"@id":"https:\/\/projekte.uni-erfurt.de\/ddr-kino\/#organization"},"potentialAction":[{"@type":"SearchAction","target":{"@type":"EntryPoint","urlTemplate":"https:\/\/projekte.uni-erfurt.de\/ddr-kino\/?s={search_term_string}"},"query-input":"required name=search_term_string"}],"inLanguage":"de"},{"@type":"Organization","@id":"https:\/\/projekte.uni-erfurt.de\/ddr-kino\/#organization","name":"Kino in der DDR","url":"https:\/\/projekte.uni-erfurt.de\/ddr-kino\/","logo":{"@type":"ImageObject","inLanguage":"de","@id":"https:\/\/projekte.uni-erfurt.de\/ddr-kino\/#\/schema\/logo\/image\/","url":"https:\/\/projekte.uni-erfurt.de\/ddr-kino\/wp-content\/uploads\/2019\/08\/Kino_in_der_DDR_Logo-1-e1566923823474.png","contentUrl":"https:\/\/projekte.uni-erfurt.de\/ddr-kino\/wp-content\/uploads\/2019\/08\/Kino_in_der_DDR_Logo-1-e1566923823474.png","width":200,"height":90,"caption":"Kino in der DDR"},"image":{"@id":"https:\/\/projekte.uni-erfurt.de\/ddr-kino\/#\/schema\/logo\/image\/"},"sameAs":["https:\/\/www.facebook.com\/kinoinderddr\/","https:\/\/twitter.com\/kino_ddr"]}]}},"_links":{"self":[{"href":"https:\/\/projekte.uni-erfurt.de\/ddr-kino\/wp-json\/wp\/v2\/pages\/50"}],"collection":[{"href":"https:\/\/projekte.uni-erfurt.de\/ddr-kino\/wp-json\/wp\/v2\/pages"}],"about":[{"href":"https:\/\/projekte.uni-erfurt.de\/ddr-kino\/wp-json\/wp\/v2\/types\/page"}],"author":[{"embeddable":true,"href":"https:\/\/projekte.uni-erfurt.de\/ddr-kino\/wp-json\/wp\/v2\/users\/2"}],"replies":[{"embeddable":true,"href":"https:\/\/projekte.uni-erfurt.de\/ddr-kino\/wp-json\/wp\/v2\/comments?post=50"}],"version-history":[{"count":21,"href":"https:\/\/projekte.uni-erfurt.de\/ddr-kino\/wp-json\/wp\/v2\/pages\/50\/revisions"}],"predecessor-version":[{"id":1855,"href":"https:\/\/projekte.uni-erfurt.de\/ddr-kino\/wp-json\/wp\/v2\/pages\/50\/revisions\/1855"}],"wp:attachment":[{"href":"https:\/\/projekte.uni-erfurt.de\/ddr-kino\/wp-json\/wp\/v2\/media?parent=50"}],"curies":[{"name":"wp","href":"https:\/\/api.w.org\/{rel}","templated":true}]}}