{"id":2,"date":"2019-02-22T13:42:33","date_gmt":"2019-02-22T12:42:33","guid":{"rendered":"https:\/\/projekte.uni-erfurt.de\/efosi\/?page_id=2"},"modified":"2021-07-18T21:29:26","modified_gmt":"2021-07-18T19:29:26","slug":"home","status":"publish","type":"page","link":"https:\/\/projekte.uni-erfurt.de\/efosi\/","title":{"rendered":"Willkommen bei der Erfurter Open Science Initiative"},"content":{"rendered":"\n<figure class=\"wp-block-image size-large\"><img loading=\"lazy\" width=\"1024\" height=\"478\" src=\"https:\/\/projekte.uni-erfurt.de\/efosi\/wp-content\/uploads\/2021\/07\/Flyer_EFOSI_Seite_1-1024x478.png\" alt=\"\" class=\"wp-image-330\" srcset=\"https:\/\/projekte.uni-erfurt.de\/efosi\/wp-content\/uploads\/2021\/07\/Flyer_EFOSI_Seite_1-1024x478.png 1024w, https:\/\/projekte.uni-erfurt.de\/efosi\/wp-content\/uploads\/2021\/07\/Flyer_EFOSI_Seite_1-300x140.png 300w, https:\/\/projekte.uni-erfurt.de\/efosi\/wp-content\/uploads\/2021\/07\/Flyer_EFOSI_Seite_1-768x358.png 768w, https:\/\/projekte.uni-erfurt.de\/efosi\/wp-content\/uploads\/2021\/07\/Flyer_EFOSI_Seite_1-500x233.png 500w, https:\/\/projekte.uni-erfurt.de\/efosi\/wp-content\/uploads\/2021\/07\/Flyer_EFOSI_Seite_1.png 1522w\" sizes=\"(max-width: 1024px) 100vw, 1024px\" \/><\/figure>\n\n\n\n<p>Die Erfurter Open Science Initiative (EFOSI) hat sich zum Ziel gesetzt, mithilfe von Open Science Praktiken die Transparenz von sozial- und verhaltenswissenschaftlicher Forschung zu erh\u00f6hen und die Verl\u00e4sslichkeit ihrer Ergebnisse zu verbessern. Zu diesem Zweck sollen unter anderem folgende Ma\u00dfnahmen unterst\u00fctzt und vorangetrieben werden:<br><\/p>\n\n\n\n<p><strong>In der Forschung:<\/strong><\/p>\n\n\n\n<ul><li>Pr\u00e4registrierung von Design, Hypothesen und Auswertungsschritten eigener Untersuchungen<\/li><li>Ver\u00f6ffentlichung der eigenen Forschungsmaterialien und Analyseskripte<\/li><li>Ver\u00f6ffentlichung und Dokumentation der eigenen Forschungsdaten f\u00fcr die wissenschaftliche Nutzung <\/li><li>Verbesserung der statistischen Praxis und anderer Methoden der Evidenzbewertung <\/li><li>Regelm\u00e4\u00dfige Replikation von Befunden<\/li><\/ul>\n\n\n\n<p><strong>In der Lehre und der F\u00f6rderung des wissenschaftlichen Nachwuchses:<\/strong><\/p>\n\n\n\n<ul><li>Thematisierung der Replikationskrise und der Bedeutung von Transparenz und Verl\u00e4sslichkeit empirischer Forschung<\/li><li>Einf\u00fchrung in Ressourcen, die Open Science Praktiken erleichtern (z.B. OSF, ZPID)<\/li><li>Durchf\u00fchrung von Replikationen im Rahmen studentischer Forschungsarbeiten<\/li><li>\u201cF\u00f6rdern und Fordern\u201d von Open Science-Praktiken in Qualifikationsarbeiten<\/li><\/ul>\n\n\n\n<p><strong>Auf institutioneller Ebene:<\/strong><\/p>\n\n\n\n<ul><li>Institutionalisierung der auf Forschung bezogenen Ziele in der Nutzungsordnung des <a href=\"https:\/\/www.uni-erfurt.de\/erfurtlab\/erfurtlab\/dokumente\/satzung\" target=\"_blank\" rel=\"noreferrer noopener\">Erfurt Laboratory for Empirical Research<\/a> an der Universit\u00e4t Erfurt<\/li><li>Institutionalisierung der auf Lehre bezogenen Ziele in Pr\u00fcfungsordnungen und Modulkatalogen an der Universit\u00e4t Erfurt<\/li><li>Ber\u00fccksichtigung von Open Science Kriterien bei Berufungs- und Einstellungsentscheidungen an der Universit\u00e4t Erfurt<\/li><\/ul>\n\n\n\n<p><\/p>\n\n\n\n<p><strong>Dar\u00fcber hinaus f\u00f6rdert EFOSI die Verbreitung von Open Science Praktiken und unterst\u00fctzt deren Umsetzung durch folgende Aktivit\u00e4ten:<\/strong><\/p>\n\n\n\n<ul><li>Organisation von Workshops und Weiterbildungen zum Thema Open Science <\/li><li>gegenseitige Beratung und Unterst\u00fctzung bei der Implementierung von Open Science Praktiken, Erfahrungsaustausch<\/li><li>Sammeln und Darstellen eigener Open Science Aktivit\u00e4ten in Forschung und Lehre<\/li><li>Beobachten der internationalen Entwicklungen im Bereich Forschungstransparenz und Open Science, sowie Kommunikation dieser Entwicklungen<\/li><\/ul>\n\n\n\n<p><\/p>\n\n\n\n<h2>Erfurter &#8222;Open Science Initiative&#8220; ist &#8222;Hochschulperle des Monats&#8220;<\/h2>\n\n\n\n<figure class=\"wp-block-image size-large is-style-default\"><img loading=\"lazy\" width=\"1024\" height=\"542\" src=\"https:\/\/projekte.uni-erfurt.de\/efosi\/wp-content\/uploads\/2020\/12\/csm_Logo_Hochschulperle_9db0ba15b8-1024x542.jpg\" alt=\"\" class=\"wp-image-293\" srcset=\"https:\/\/projekte.uni-erfurt.de\/efosi\/wp-content\/uploads\/2020\/12\/csm_Logo_Hochschulperle_9db0ba15b8-1024x542.jpg 1024w, https:\/\/projekte.uni-erfurt.de\/efosi\/wp-content\/uploads\/2020\/12\/csm_Logo_Hochschulperle_9db0ba15b8-300x159.jpg 300w, https:\/\/projekte.uni-erfurt.de\/efosi\/wp-content\/uploads\/2020\/12\/csm_Logo_Hochschulperle_9db0ba15b8-768x406.jpg 768w, https:\/\/projekte.uni-erfurt.de\/efosi\/wp-content\/uploads\/2020\/12\/csm_Logo_Hochschulperle_9db0ba15b8-1536x813.jpg 1536w, https:\/\/projekte.uni-erfurt.de\/efosi\/wp-content\/uploads\/2020\/12\/csm_Logo_Hochschulperle_9db0ba15b8-500x265.jpg 500w, https:\/\/projekte.uni-erfurt.de\/efosi\/wp-content\/uploads\/2020\/12\/csm_Logo_Hochschulperle_9db0ba15b8.jpg 1920w\" sizes=\"(max-width: 1024px) 100vw, 1024px\" \/><\/figure>\n\n\n\n<p>F\u00fcr die St\u00e4rkung von Open Science in Forschung, Lehre und auf institutioneller Ebene verlieh der Stifterverband der Erfurter Open Science Initiative die Auszeichnung als Hochschulperle. <\/p>\n\n\n\n<p><a href=\"https:\/\/www.stifterverband.org\/hochschulperle\">Zur Website des Stifterverband<\/a><\/p>\n","protected":false},"excerpt":{"rendered":"<p>Die Erfurter Open Science Initiative (EFOSI) hat sich zum Ziel gesetzt, mithilfe von Open Science Praktiken die Transparenz von sozial- und verhaltenswissenschaftlicher Forschung zu erh\u00f6hen und die Verl\u00e4sslichkeit ihrer Ergebnisse zu verbessern. Zu diesem Zweck sollen unter anderem folgende Ma\u00dfnahmen &hellip; <a href=\"https:\/\/projekte.uni-erfurt.de\/efosi\/\">Weiterlesen <span class=\"meta-nav\">&rarr;<\/span><\/a><\/p>\n","protected":false},"author":1,"featured_media":0,"parent":0,"menu_order":1,"comment_status":"closed","ping_status":"closed","template":"","meta":[],"_links":{"self":[{"href":"https:\/\/projekte.uni-erfurt.de\/efosi\/wp-json\/wp\/v2\/pages\/2"}],"collection":[{"href":"https:\/\/projekte.uni-erfurt.de\/efosi\/wp-json\/wp\/v2\/pages"}],"about":[{"href":"https:\/\/projekte.uni-erfurt.de\/efosi\/wp-json\/wp\/v2\/types\/page"}],"author":[{"embeddable":true,"href":"https:\/\/projekte.uni-erfurt.de\/efosi\/wp-json\/wp\/v2\/users\/1"}],"replies":[{"embeddable":true,"href":"https:\/\/projekte.uni-erfurt.de\/efosi\/wp-json\/wp\/v2\/comments?post=2"}],"version-history":[{"count":11,"href":"https:\/\/projekte.uni-erfurt.de\/efosi\/wp-json\/wp\/v2\/pages\/2\/revisions"}],"predecessor-version":[{"id":331,"href":"https:\/\/projekte.uni-erfurt.de\/efosi\/wp-json\/wp\/v2\/pages\/2\/revisions\/331"}],"wp:attachment":[{"href":"https:\/\/projekte.uni-erfurt.de\/efosi\/wp-json\/wp\/v2\/media?parent=2"}],"curies":[{"name":"wp","href":"https:\/\/api.w.org\/{rel}","templated":true}]}}