{"id":42,"date":"2019-04-02T12:10:22","date_gmt":"2019-04-02T10:10:22","guid":{"rendered":"https:\/\/projekte.uni-erfurt.de\/efosi\/?page_id=42"},"modified":"2022-05-24T17:13:37","modified_gmt":"2022-05-24T15:13:37","slug":"veranstaltungen","status":"publish","type":"page","link":"https:\/\/projekte.uni-erfurt.de\/efosi\/veranstaltungen\/","title":{"rendered":"Veranstaltungen"},"content":{"rendered":"\n<h2>Aktuelle Veranstaltungen<\/h2>\n\n\n\n<p><a href=\"https:\/\/openscienceretreat.zbw.eu\/\">Open Science Retreat<\/a> 14. + 15.06.2022 &#8211; Vernetzungstreffen des ZBW Anmeldung<br><a href=\"https:\/\/openscienceretreat.zbw.eu\/apply-now\/\">Anmeldung <\/a>bis zum 03.06.2022<\/p>\n\n\n\n<p><a href=\"https:\/\/konferenz.uni-hannover.de\/event\/49\/overview\">Open Science Festival<\/a> am 30. + 31.08.2022 &#8211; Workshopangebot der Leibniz Uni Hannover, <a href=\"https:\/\/konferenz.uni-hannover.de\/event\/49\/registrations\/\">Anmeldung <\/a>bis zum <strong>15.06.2022<\/strong><\/p>\n\n\n\n<p><a href=\"https:\/\/leibniz-psychology.org\/ptos\/\">Practices and Tools of Open Science<\/a> &#8211; Vortragsreihe des <a href=\"https:\/\/leibniz-psychology.org\/\">ZPID <\/a>zu Open Science<\/p>\n\n\n\n<p><strong>EFOSI Stammtisch, jeden letzten Freitag im Monat, 10:00 &#8211; 12:00; LG 4 \/ D02<\/strong><\/p>\n\n\n\n<h2>Vergangene Veranstaltungen<\/h2>\n\n\n\n<p>Jahresr\u00fcckblick EFOSI 11.12.2020 10:00 &#8211; 11:00<\/p>\n\n\n\n<p>Sommersemester 2020 &#8211; \u00d6ffentliche Ringvorlesung zum Thema &#8222;Offene Wissenschaft&#8220; an der Universit\u00e4t Erfurt (abgesagt aufgrund der Corona-Pandemie)&#8220;<\/p>\n\n\n\n<p>Vortrag: 03.07.2020 12:00 &#8211; 14:00 Uhr von Julia Rohrer&nbsp;zum Thema&nbsp;&#8222;Specification Curve Analysis&nbsp;und verwandte Methoden (Robustness Checks, Multiverse Analysis,&#8230;)&#8220; (Adobe Connect:&nbsp;&nbsp;<a href=\"https:\/\/webconf.vc.dfn.de\/vortrag-rohrer\/\">https:\/\/webconf.vc.dfn.de\/vortrag-rohrer\/<\/a>)<\/p>\n\n\n\n<p>EFOSI-Stammtisch: 03.02.2020 13:30 &#8211; 14:00 Uhr (LG 4 &#8211; Lichthof im Dachgeschoss)<\/p>\n\n\n\n<p>ZPID Roadshow: 03.02.2020 14:00 &#8211; 16:00 Uhr (LG 4 &#8211; D08)<\/p>\n\n\n\n<p>EFOSI-Stammtisch: 10.01.2020 14:00 Uhr (LG 1 &#8211; 102)<\/p>\n\n\n\n<p>EFOSI-Gl\u00fchweinabend: 16.12.2019 19:00 Uhr (Gew\u00fcrzladen auf der Kr\u00e4merbr\u00fccke)<\/p>\n\n\n\n<p>EFOSI-Stammtisch: 22.11.2019 14:00 Uhr (LG 1 &#8211; 102)<\/p>\n\n\n\n<p>EFOSI-Stammtisch: 18.10.2019 10:00 Uhr (<a rel=\"noreferrer noopener\" href=\"https:\/\/www.kreativtankstelle.net\" target=\"_blank\">Kreativtankstelle<\/a>)<\/p>\n\n\n\n<p>EFOSI-Stammtisch: 01.07.2019 17:30 Uhr (HS7)<\/p>\n\n\n\n<p>EFOSI-Stammtisch: 14.06.2019 9:00 Uhr zum Thema &#8222;Open Data (und zuk\u00fcnftige Veranstaltungen)&#8220; (<a rel=\"noreferrer noopener\" href=\"https:\/\/www.kreativtankstelle.net\" target=\"_blank\">Kreativtankstelle<\/a>)<\/p>\n\n\n\n<p>EFOSI-Stammtisch: 17.05.2019 9:00 Uhr zum Thema &#8222;Pr\u00e4registrierung&#8220; (Hilgenfeld auf dem Campus, ggf. LG2-307) <\/p>\n\n\n\n<p>EFOSI-Treffen: 26.04.2019 (LG2 &#8211; 131)<\/p>\n\n\n\n<p>Renkewitz, F. &amp; Keiner, M. (M\u00e4rz 2019). <a href=\"http:\/\/dx.doi.org\/10.23668\/psycharchives.2400\">How to detect publication bias in psychological research? A comparative evaluation of six statistical methods.<\/a> Vortrag an der Uni Trier zur Open Science 2019.<\/p>\n\n\n\n<p>Gl\u00f6ckner, A. (November 2016). Die Open Science Initiative an der FernUni Hagen. Vortrag an der Universit\u00e4t Erfurt.<br><\/p>\n\n\n\n<p>Renkewitz, F. (November 2016). Open Science in der Praxis. Workshop an der Universit\u00e4t Erfurt.<\/p>\n\n\n\n<p><\/p>\n","protected":false},"excerpt":{"rendered":"<p>Aktuelle Veranstaltungen Open Science Retreat 14. + 15.06.2022 &#8211; Vernetzungstreffen des ZBW AnmeldungAnmeldung bis zum 03.06.2022 Open Science Festival am 30. + 31.08.2022 &#8211; Workshopangebot der Leibniz Uni Hannover, Anmeldung bis zum 15.06.2022 Practices and Tools of Open Science &#8211; &hellip; <a href=\"https:\/\/projekte.uni-erfurt.de\/efosi\/veranstaltungen\/\">Weiterlesen <span class=\"meta-nav\">&rarr;<\/span><\/a><\/p>\n","protected":false},"author":1,"featured_media":0,"parent":0,"menu_order":0,"comment_status":"closed","ping_status":"closed","template":"","meta":[],"_links":{"self":[{"href":"https:\/\/projekte.uni-erfurt.de\/efosi\/wp-json\/wp\/v2\/pages\/42"}],"collection":[{"href":"https:\/\/projekte.uni-erfurt.de\/efosi\/wp-json\/wp\/v2\/pages"}],"about":[{"href":"https:\/\/projekte.uni-erfurt.de\/efosi\/wp-json\/wp\/v2\/types\/page"}],"author":[{"embeddable":true,"href":"https:\/\/projekte.uni-erfurt.de\/efosi\/wp-json\/wp\/v2\/users\/1"}],"replies":[{"embeddable":true,"href":"https:\/\/projekte.uni-erfurt.de\/efosi\/wp-json\/wp\/v2\/comments?post=42"}],"version-history":[{"count":33,"href":"https:\/\/projekte.uni-erfurt.de\/efosi\/wp-json\/wp\/v2\/pages\/42\/revisions"}],"predecessor-version":[{"id":347,"href":"https:\/\/projekte.uni-erfurt.de\/efosi\/wp-json\/wp\/v2\/pages\/42\/revisions\/347"}],"wp:attachment":[{"href":"https:\/\/projekte.uni-erfurt.de\/efosi\/wp-json\/wp\/v2\/media?parent=42"}],"curies":[{"name":"wp","href":"https:\/\/api.w.org\/{rel}","templated":true}]}}