{"id":44,"date":"2019-04-02T12:11:19","date_gmt":"2019-04-02T10:11:19","guid":{"rendered":"https:\/\/projekte.uni-erfurt.de\/efosi\/?page_id=44"},"modified":"2022-03-01T17:07:26","modified_gmt":"2022-03-01T16:07:26","slug":"veroeffentlichungen","status":"publish","type":"page","link":"https:\/\/projekte.uni-erfurt.de\/efosi\/veroeffentlichungen\/","title":{"rendered":"Ver\u00f6ffentlichungen"},"content":{"rendered":"\n<h2><strong>Ver\u00f6ffentlichungen, in denen Open Science Praktiken angewandt wurden:<\/strong><\/h2>\n\n\n\n<p>Prochazka, F. &amp; Obermaier, M. (2022). Trust through Transparency? How Journalistic Reactions to Media-Critical User Comments Affect Quality Perceptions and Behavior Intentions. Digital Journalism, 1\u201321. <br><a href=\"https:\/\/doi.org\/10.1080\/21670811.2021.2017316\">https:\/\/doi.org\/10.1080\/21670811.2021.2017316<\/a> <br>Open Data: <a href=\"https:\/\/osf.io\/xqbu4\/\">https:\/\/osf.io\/xqbu4\/<\/a><\/p>\n\n\n\n<p>Asberger, J., Thomm, E., &amp; Bauer, J. (2020). Zur Erfassung fragw\u00fcrdiger \u00dcberzeugungen zu Bildungsthemen: Entwicklung und erste \u00dcberpr\u00fcfung des Questionable Beliefs in Education-Inventars (QUEBEC).\u00a0<em>Psychologie in Erziehung und Unterricht<\/em>.\u00a0 <a href=\"http:\/\/dx.doi.org\/10.2378\/peu2019.art25d\">http:\/\/dx.doi.org\/10.2378\/peu2019.art25d<\/a> <a rel=\"noreferrer noopener\" href=\"http:\/\/dx.doi.org\/10.2378\/peu2019.art25d\" target=\"_blank\">Open Material<\/a><\/p>\n\n\n\n<p>Haase, N., Schmid, P., &amp; Betsch, C. (2020). Impact of disease risk on the narrative bias in vaccination risk perceptions. <em>Psychology &amp; Health, 35<\/em>(3), 346\u2013365. <a href=\"https:\/\/doi.org\/10.1080\/08870446.2019.1630561\" target=\"_blank\" rel=\"noreferrer noopener\">https:\/\/doi.org\/10.1080\/08870446.2019.1630561<\/a><br>Open Data: <a href=\"https:\/\/osf.io\/9efcg\/\">https:\/\/osf.io\/9efcg\/<\/a><\/p>\n\n\n\n<p>Schweppe, J. &amp; Knigge, J. (2020). Irrelevant music: How suprasegmental changes of a melody\u2019s tempo and mode affect the disruptive potential of music on serial recall.&nbsp;<em><a rel=\"noreferrer noopener\" href=\"https:\/\/link.springer.com\/article\/10.3758%2Fs13421-020-01037-1\" target=\"_blank\">Memory &amp; Cognition<\/a>, 48(6)<\/em>, 982-993.&nbsp;&nbsp;<a rel=\"noreferrer noopener\" href=\"https:\/\/osf.io\/5rmcy\/\" target=\"_blank\">Open Data Open Material<\/a><\/p>\n\n\n\n<p>Schoemann, M, Schulte\u2010Mecklenbeck, M, Renkewitz, F, &amp; Scherbaum, S. (2019).&nbsp;Forward inference in risky choice: Mapping gaze and decision processes.&nbsp;<em>J Behav Dec Making<\/em>; 1\u2013 15.&nbsp;<a href=\"https:\/\/doi.org\/10.1002\/bdm.2129\">https:\/\/doi.org\/10.1002\/bdm.2129  <\/a><a href=\"https:\/\/osf.io\/q3ybt\/\">Open Data Open Materials<\/a><\/p>\n\n\n\n<p>Meder, B., Nelson, J.D., Jones, M., &amp; Ruggeri, A. (in press). Stepwise versus globally optimal search in children and adults. <em>Cognition<\/em>. <a rel=\"noreferrer noopener\" aria-label=\"Open Data (\u00f6ffnet in neuem Tab)\" href=\"https:\/\/osf.io\/cq48j\/\" target=\"_blank\">Open Data<\/a><\/p>\n\n\n\n<p>Meder, B., Fleischhut, N., Krumnau, N.-C., &amp; Waldmann, M. R. (2019). How should autonomous cars drive? A preference for defaults in moral judgments under risk and uncertainty. Risk Analysis, 39, 295\u2013314. <a rel=\"noreferrer noopener\" aria-label=\"Open Data (\u00f6ffnet in neuem Tab)\" href=\"https:\/\/osf.io\/sx85t\/\" target=\"_blank\">Open Data<\/a><\/p>\n\n\n\n<p>Betsch, C. &amp; B\u00f6hm, R. (2018). Moral values do not affect prosocial vaccination.<a href=\"https:\/\/doi.org\/10.1038\/s41562-018-0478-1\"> <em>Nature Human Behaviour<\/em>.<\/a> (open data, preregistration)<\/p>\n\n\n\n<p>B\u00f6hm, R., Meier, N., Gro\u00df, M, Korn, L., Betsch, C. (2018). The willingness to vaccinate increases when vaccination protects others who have low responsibility for not being vaccinated.<a href=\"https:\/\/www.researchgate.net\/publication\/328492699_The_willingness_to_vaccinate_increases_when_vaccination_protects_others_who_have_low_responsibility_for_not_being_vaccinated\"> <em>Journal of Behavioral Medicine<\/em><\/a>. <a href=\"https:\/\/doi.org\/10.1007\/s10865-018-9985-9\">https:\/\/doi.org\/10.1007\/s10865-018-9985-9<\/a> <a href=\"https:\/\/osf.io\/b56yh\/\">Open Data Open Materials<\/a><a href=\"https:\/\/aspredicted.org\/et85j.pdf\"> Preregistered<\/a><\/p>\n\n\n\n<p>Betsch C, Schmid P, Heinemeier D, Korn L, Holtmann C, B\u00f6hm R (2018). Beyond confidence: Development of a measure assessing the 5C psychological antecedents of vaccination. <em>PLoS ONE<\/em> 13(12): e0208601.&nbsp;<a rel=\"noreferrer noopener\" href=\"https:\/\/doi.org\/10.1371\/journal.pone.0208601\" target=\"_blank\">https:\/\/doi.org\/10.1371\/journal.pone.0208601 <\/a><a rel=\"noreferrer noopener\" href=\"https:\/\/osf.io\/agqem\/\" target=\"_blank\">Open Data Open Material<\/a><\/p>\n\n\n\n<p>Korn, L., Betsch, C., B\u00f6hm, R., Meier, N. (2018). Social nudging: The effect of social feedback interventions on vaccine uptake. <a href=\"http:\/\/psycnet.apa.org\/record\/2018-45939-001\"><em>Health Psychology<\/em><\/a>, 37(11):1045-1054. <a href=\"http:\/\/psycnet.apa.org\/doi\/10.1037\/hea0000668\">http:\/\/dx.doi.org\/10.1037\/hea0000668<\/a> <a href=\"https:\/\/osf.io\/5pjk6\/\">Open Data<\/a><\/p>\n\n\n\n<p>Eitze, S., Fleischmann-Struzek, C., Betsch, C., &amp; Reinhart, K. (2018). Determinants of sepsis knowledge: a representative survey of the elderly population in Germany. <em>Critical Care<\/em>, <em>22<\/em>(1), 273.<a href=\"https:\/\/osf.io\/vcuyd\/\">Open Data Open Materials<\/a><\/p>\n\n\n\n<p>Heinemeier, D., Mei\u00dfner, C. &amp; Betsch, C. (2018). Was bedeutet Evidenzbasierung<em>\/<\/em>Evidenzinformierung in der Gesundheitskommunikation? Eine Befragung w\u00e4hren der 2. Jahrestagung der Fachgruppe Gesundheitskommunikation der DGPuK. In: P. Stehr, D. Heinemeier &amp; C. Rossmann (Hrsg.),&nbsp;<a href=\"http:\/\/www.nomos-elibrary.de\/index.php?doi=10.5771\/9783845291963\" target=\"_blank\" rel=\"noreferrer noopener\"><em>Evidenzbasierte\/<\/em><\/a><em><a href=\"http:\/\/www.nomos-elibrary.de\/index.php?doi=10.5771\/9783845291963\" target=\"_blank\" rel=\"noreferrer noopener\">evidenzinformierte Gesundheitskommunikation<\/a>, 19<\/em>&nbsp;(S. 47-59). Baden-Baden: Nomos.&nbsp;<a href=\"https:\/\/osf.io\/syhmj\/\" target=\"_blank\" rel=\"noreferrer noopener\">Open Data<\/a><a href=\"https:\/\/osf.io\/syhmj\/\" target=\"_blank\" rel=\"noreferrer noopener\">Open Materials<\/a><\/p>\n\n\n\n<p>Steinmeyer, L., Betsch, C. &amp; Renkewitz, F. (2018). K\u00f6nnen Faktenboxen den Einfluss narrativer Information auf Risikourteile verringern? In: P. Stehr, D. Heinemeier &amp; C. Rossmann (Hrsg.),&nbsp;<a target=\"_blank\" href=\"http:\/\/www.nomos-elibrary.de\/index.php?doi=10.5771\/9783845291963\" rel=\"noreferrer noopener\"><em>Evidenzbasierte\/<\/em><em>evidenzinformierte Gesundheitskommunikation<\/em><\/a>,<em>&nbsp;19<\/em>&nbsp;(S. 143-154). Baden-Baden: Nomos.&nbsp;<a href=\"https:\/\/osf.io\/q8jsh\/\" target=\"_blank\" rel=\"noreferrer noopener\">Open Data<\/a><a href=\"https:\/\/osf.io\/q8jsh\/\" target=\"_blank\" rel=\"noreferrer noopener\">Open Materials<\/a><\/p>\n\n\n\n<p>Wu, C. M., Schulz, E., Speekenbrink, M., Nelson, J.D., &amp; Meder, B. (2018). Generalization guides human exploration in vast decision-spaces. <em>Nature Human Behaviour<\/em>, 2, 915-924. <a href=\"https:\/\/github.com\/charleywu\/gridsearch\" target=\"_blank\" rel=\"noreferrer noopener\" aria-label=\"Open Data (\u00f6ffnet in neuem Tab)\">Open Data<\/a><\/p>\n\n\n\n<p>B\u00f6hm, R., Meier, N., Korn, L. &amp; Betsch, C. (2017). Behavioural consequences of vaccination recommendations: an experimental analysis.&nbsp;<a rel=\"noreferrer noopener\" target=\"_blank\" href=\"http:\/\/onlinelibrary.wiley.com\/doi\/10.1002\/hec.3584\/full\"><em>Health Economics<\/em><\/a>, 26, 66-75.&nbsp;<a rel=\"noreferrer noopener\" href=\"https:\/\/onlinelibrary.wiley.com\/action\/downloadSupplement?doi=10.1002%2Fhec.3584&amp;file=hec3584-sup-0001-Supplementary1.pdf\" target=\"_blank\">Open Data<\/a><\/p>\n\n\n\n<p>Betsch, C., B\u00f6hm, R., Korn, L., &amp; Holtmann, C. (2017). On the benefits of explaining herd immunity in vaccine advocacy. <em>Nature Human Behaviour,<\/em>&nbsp;<a rel=\"noreferrer noopener\" target=\"_blank\" href=\"http:\/\/www.nature.com\/articles\/s41562-017-0056\"><abbr title=\"Digital Object Identifier\">doi<\/abbr>:10.1038\/s41562-017-0056.<\/a>&nbsp;<a rel=\"noreferrer noopener\" href=\"https:\/\/osf.io\/9a7sb\/\" target=\"_blank\">Open Data<\/a><\/p>\n\n\n\n<p>Korn, L., Betsch, C., B\u00f6hm, R., &amp; Meier, N. (2017).&nbsp;<a rel=\"noreferrer noopener\" href=\"https:\/\/www.thelancet.com\/journals\/laninf\/article\/PIIS1473-3099(17)30141-X\/fulltext\" target=\"_blank\">Communicating high vaccine rates of refugees: How the best intentions can lead to harm.<\/a><em>&nbsp;<\/em><a rel=\"noreferrer noopener\" href=\"http:\/\/thelancet.com\/journals\/laninf\/article\/PIIS1473-3099(17)30141-X\/fulltext?elsca1=etoc\" target=\"_blank\"><em>The Lancet Infectious Diseases<\/em>, 17, 364\u2013365<\/a>.&nbsp;<a rel=\"noreferrer noopener\" href=\"https:\/\/osf.io\/q82q5\/\" target=\"_blank\">Open Data<\/a><\/p>\n\n\n\n<p>Schmid, P., Rauber, D., Betsch, C., Lidolt, G &amp; Denker, M. (2017). Barriers of Influenza Vaccination Intention and Behavior &#8211; A Systematic Review of Influenza Vaccine Hesitancy, 2005 &#8211; 2016. <em>PLOS ONE<\/em>,&nbsp;<a rel=\"noreferrer noopener\" href=\"http:\/\/journals.plos.org\/plosone\/article?id=10.1371\/journal.pone.0170550http:\/\/\" target=\"_blank\">12(1):e0170550.doi:10.1371\/journal.pone.0170550 <\/a><a rel=\"noreferrer noopener\" href=\"https:\/\/osf.io\/y83z7\/\" target=\"_blank\">Open Data <\/a><\/p>\n\n\n\n<p>Meder, B. &amp; Mayrhofer, R. (2017). Diagnostic causal reasoning with verbal information. <em>Cognitive Psychology,<\/em> 96, 54\u201384. [shared first authorship] <a href=\"https:\/\/osf.io\/gc2nd\/\" target=\"_blank\" rel=\"noreferrer noopener\" aria-label=\" (\u00f6ffnet in neuem Tab)\">Open Data<\/a><\/p>\n\n\n\n<h2><strong>Ver\u00f6ffentlichungen, die Open Science o.\u00e4. zum Thema haben:<\/strong><\/h2>\n\n\n\n<p>Renkewitz, F. &amp; Heene, M. (Eds.). (2019).&nbsp;Open science in psychology: Progress and yet unsolved Problems&nbsp;[Topical Issue].&nbsp;<em><a href=\"https:\/\/econtent.hogrefe.com\/toc\/zfp\/227\/4\" target=\"_blank\" rel=\"noreferrer noopener\" aria-label=\"Zeitschrift f\u00fcr Psychologie (\u00f6ffnet in neuem Tab)\">Zeitschrift f\u00fcr Psychologie<\/a>, 227(4)<\/em>.<\/p>\n\n\n\n<p>Renkewitz, F. &amp; Heene, M. (2019).&nbsp;The Replication Crisis and Open Science in Psychology: Methodological Challenges and Developments. <a rel=\"noreferrer noopener\" aria-label=\"Zeitschrift f\u00fcr Psychologie (\u00f6ffnet in neuem Tab)\" href=\"https:\/\/econtent.hogrefe.com\/doi\/full\/10.1027\/2151-2604\/a000389\" target=\"_blank\">Zeitschrift f\u00fcr Psychologie<\/a>, 227, pp. 233-236.<\/p>\n\n\n\n<p>Renkewitz, F., &amp; Keiner, M. (2019). How to detect publication bias in psychological research? A comparative evaluation of six statistical methods. <em><a rel=\"noreferrer noopener\" aria-label=\"Zeitschrift f\u00fcr Psychologie,  (\u00f6ffnet in neuem Tab)\" href=\"https:\/\/econtent.hogrefe.com\/doi\/full\/10.1027\/2151-2604\/a000386\" target=\"_blank\">Zeitschrift f\u00fcr Psychologie, <\/a>227<\/em>, 261-279. <a rel=\"noreferrer noopener\" aria-label=\"Open Data (\u00f6ffnet in neuem Tab)\" href=\"https:\/\/osf.io\/8yefd\/\" target=\"_blank\">Open Data<\/a><\/p>\n\n\n\n<p>Gl\u00f6ckner, A., Fiedler, S. &amp; Renkewitz, F. (2018). Belastbare und effiziente Wissenschaft: Strategische Ausrichtung von Forschungsprozessen als Weg aus der Replikationskrise. <em>Psychologische Rundschau<\/em>, <em>69<\/em>, 22 &#8211; 36.<\/p>\n\n\n\n<p>Renkewitz, F. (2018). Die geschlossene Gesellschaft und ihre Freunde. In Stehr, P., Heinemann, D. &amp; Rossmann, C. (Hrsg.), <em><a href=\"http:\/\/www.nomos-elibrary.de\/index.php?doi=10.5771\/9783845291963\">Evidenzbasierte | evidenzinformierte Gesundheitskommunikation<\/a><\/em> (S. 31-45). Baden-Baden: Nomos.<\/p>\n\n\n\n<p>Renkewitz, F. (2018). Probleme der klassischen Inferenzstatistik in der Forschungspraxis. In Sedlmeier, P. &amp; Renkewitz, F. (2018). <em>Forschungsmethoden und Statistik f\u00fcr Psychologen und Sozialwissenschaftler. <\/em>(S. 613-648). M\u00fcnchen: Pearson Studium.<\/p>\n\n\n\n<p>Renkewitz, F. (2018). Replikation, Pr\u00e4registrierung, Open Science. In Sedlmeier, P. &amp; Renkewitz, F. (2018). <em>Forschungsmethoden und Statistik f\u00fcr Psychologen und Sozialwissenschaftler. <\/em>(S. 649-678). M\u00fcnchen: Pearson Studium.<\/p>\n\n\n\n<p>Open Science Collaboration (2015). Estimating the reproducibility of psychological science. &nbsp;<em>Science<\/em>, 349(6251). DOI: <a href=\"https:\/\/www.researchgate.net\/publication\/281286234_Estimating_the_Reproducibility_of_Psychological_Science\">10.1126\/science.aac4716<\/a>*<br><em style=\"color: #696969;\">* unter Beteiligung mehrerer damaliger und aktueller Mitglieder der Universit\u00e4t Erfurt<\/em><\/p>\n\n\n\n<p>Renkewitz, F., Fuchs, H. M. &amp; Fiedler, S. (2011). Is there evidence for publication biases in JDM research? <em>Judgment and Decision Making, 6(8)<\/em>, 870-881.<\/p>\n","protected":false},"excerpt":{"rendered":"<p>Ver\u00f6ffentlichungen, in denen Open Science Praktiken angewandt wurden: Prochazka, F. &amp; Obermaier, M. (2022). Trust through Transparency? How Journalistic Reactions to Media-Critical User Comments Affect Quality Perceptions and Behavior Intentions. Digital Journalism, 1\u201321. https:\/\/doi.org\/10.1080\/21670811.2021.2017316 Open Data: https:\/\/osf.io\/xqbu4\/ Asberger, J., Thomm, &hellip; <a href=\"https:\/\/projekte.uni-erfurt.de\/efosi\/veroeffentlichungen\/\">Weiterlesen <span class=\"meta-nav\">&rarr;<\/span><\/a><\/p>\n","protected":false},"author":1,"featured_media":0,"parent":0,"menu_order":0,"comment_status":"closed","ping_status":"closed","template":"","meta":[],"_links":{"self":[{"href":"https:\/\/projekte.uni-erfurt.de\/efosi\/wp-json\/wp\/v2\/pages\/44"}],"collection":[{"href":"https:\/\/projekte.uni-erfurt.de\/efosi\/wp-json\/wp\/v2\/pages"}],"about":[{"href":"https:\/\/projekte.uni-erfurt.de\/efosi\/wp-json\/wp\/v2\/types\/page"}],"author":[{"embeddable":true,"href":"https:\/\/projekte.uni-erfurt.de\/efosi\/wp-json\/wp\/v2\/users\/1"}],"replies":[{"embeddable":true,"href":"https:\/\/projekte.uni-erfurt.de\/efosi\/wp-json\/wp\/v2\/comments?post=44"}],"version-history":[{"count":29,"href":"https:\/\/projekte.uni-erfurt.de\/efosi\/wp-json\/wp\/v2\/pages\/44\/revisions"}],"predecessor-version":[{"id":337,"href":"https:\/\/projekte.uni-erfurt.de\/efosi\/wp-json\/wp\/v2\/pages\/44\/revisions\/337"}],"wp:attachment":[{"href":"https:\/\/projekte.uni-erfurt.de\/efosi\/wp-json\/wp\/v2\/media?parent=44"}],"curies":[{"name":"wp","href":"https:\/\/api.w.org\/{rel}","templated":true}]}}