{"id":91,"date":"2019-05-14T13:16:37","date_gmt":"2019-05-14T11:16:37","guid":{"rendered":"https:\/\/projekte.uni-erfurt.de\/maxweberkolleg\/?page_id=91"},"modified":"2019-06-04T12:29:09","modified_gmt":"2019-06-04T10:29:09","slug":"datenschutzerklaerung-2","status":"publish","type":"page","link":"https:\/\/projekte.uni-erfurt.de\/maxweberkolleg\/datenschutzerklaerung-2\/","title":{"rendered":"Datenschutzerkl\u00e4rung"},"content":{"rendered":"\n<p><strong>Datenschutzerkl\u00e4rung<\/strong><\/p>\n\n\n\n<p><strong>Wer wir sind<\/strong><\/p>\n\n\n\n<p>Die Adresse\nunserer Website ist: &nbsp;https:\/\/projekte.uni-erfurt.de\/maxweberkolleg\/\nSie wird betrieben durch das Max-Weber-Kolleg f\u00fcr kultur- und\nsozialwissenschaftliche Studien der Universit\u00e4t Erfurt. Die Webpr\u00e4senz ist auf\nden Servern der Universit\u00e4t Erfurt hinterlegt.<\/p>\n\n\n\n<p>Diese\nDatenschutzerkl\u00e4rung soll die Nutzer dieser Website \u00fcber die Art, den Umfang\nund den Zweck der Erhebung und Verwendung personenbezogener Daten (nachfolgend\nkurz \u201eDaten\u201c) im Rahmen unseres Onlineangebotes durch den Websitebetreiber\n(Universit\u00e4t Erfurt) informieren. Wir nehmen Ihren Datenschutz sehr ernst und\nbehandelt Ihre personenbezogenen Daten vertraulich und entsprechend der\ngesetzlichen Vorschriften. Da durch neue Technologien und die st\u00e4ndige\nWeiterentwicklung dieser Webseite \u00c4nderungen an dieser Datenschutzerkl\u00e4rung\nvorgenommen werden k\u00f6nnen, empfehlen wir Ihnen sich die Datenschutzerkl\u00e4rung in\nregelm\u00e4\u00dfigen Abst\u00e4nden wieder durchzulesen.<\/p>\n\n\n\n<p>Definitionen\nder verwendeten Begriffe (z.B. \u201cpersonenbezogene Daten\u201d oder \u201cVerarbeitung\u201d)\nfinden Sie in Art. 4 DSGVO.<\/p>\n\n\n\n<p><strong>Verantwortlicher<\/strong><\/p>\n\n\n\n<p>Universit\u00e4t\nErfurt, vertreten durch den Pr\u00e4sidenten, <\/p>\n\n\n\n<p>f\u00fcr den Blog\ndes Max-Weber-Kollegs vertreten durch Markus Vinzent <br>\nMax-Weber-Kolleg <br>\nUniversit\u00e4t Erfurt<br>\nPF 900221<\/p>\n\n\n\n<p>&nbsp;99105 Erfurt<\/p>\n\n\n\n<p><strong>Name und\nAnschrift der Datenschutzbeauftragten:<\/strong><\/p>\n\n\n\n<p>Universit\u00e4t\nErfurt \/ Datenschutz<br>\nUte Winter<br>\nNordh\u00e4userstr. 63, 99098 Erfurt<br>\ndatenschutz@uni-erfurt.de<\/p>\n\n\n\n<p><strong>Arten der verarbeiteten Daten<\/strong><\/p>\n\n\n\n<p>&#8211; Bestandsdaten\n(z.B., Personen-Stammdaten, Namen oder Adressen).<br>\n&#8211; Kontaktdaten (z.B., E-Mail, Telefonnummern).<br>\n&#8211; Inhaltsdaten (z.B., Texteingaben, Fotografien, Videos).<br>\n&#8211; Nutzungsdaten (z.B., besuchte Webseiten, Interesse an Inhalten,\nZugriffszeiten).<br>\n&#8211; Meta-\/Kommunikationsdaten (z.B., Ger\u00e4te-Informationen, IP-Adressen).<\/p>\n\n\n\n<p><strong>Kategorien betroffener Personen<\/strong><\/p>\n\n\n\n<p>Besucher und\nNutzer des Onlineangebotes (Nachfolgend bezeichnen wir die betroffenen Personen\nzusammenfassend auch als \u201eNutzer\u201c).<\/p>\n\n\n\n<p><strong>Zweck der Verarbeitung<\/strong>&#8211; Zurverf\u00fcgungstellung des Onlineangebotes, seiner Funktionen und Inhalte.<br> &#8211; Beantwortung von Kontaktanfragen und Kommunikation mit Nutzern.<br> &#8211; Sicherheitsma\u00dfnahmen.<br> &#8211; Marketing<\/p>\n\n\n\n<p><strong>Umfang der Verarbeitung<\/strong><\/p>\n\n\n\n<p>Wir verarbeiten\npersonenbezogene Daten unserer Nutzer grunds\u00e4tzlich nur, soweit dies zur\nBereitstellung einer funktionsf\u00e4higen Website sowie unserer Inhalte und\nLeistungen erforderlich ist. Die Verarbeitung personenbezogener Daten unserer\nNutzer erfolgt regelm\u00e4\u00dfig nur nach Einwilligung des Nutzers. Eine Ausnahme gilt\nin solchen F\u00e4llen, in denen eine vorherige Einholung einer Einwilligung aus\ntats\u00e4chlichen Gr\u00fcnden nicht m\u00f6glich ist und die Verarbeitung der Daten durch\ngesetzliche Vorschriften gestattet ist.<\/p>\n\n\n\n<p><strong>Ma\u00dfgebliche Rechtsgrundlagen<\/strong><\/p>\n\n\n\n<p>Nach Ma\u00dfgabe\ndes Art. 13 DSGVO teilen wir Ihnen die Rechtsgrundlagen unserer\nDatenverarbeitungen mit. F\u00fcr Nutzer aus dem Geltungsbereich der\nDatenschutzgrundverordnung (DSGVO), d.h. der EU und des EWG gilt, sofern die\nRechtsgrundlage in der Datenschutzerkl\u00e4rung nicht genannt wird, Folgendes: <br>\nDie Rechtsgrundlage f\u00fcr die Einholung von Einwilligungen ist Art. 6 Abs. 1 lit.\na und Art. 7 DSGVO;<br>\nDie Rechtsgrundlage f\u00fcr die Verarbeitung zur Erf\u00fcllung unserer Leistungen und\nDurchf\u00fchrung vertraglicher Ma\u00dfnahmen sowie Beantwortung von Anfragen ist Art. 6\nAbs. 1 lit. b DSGVO;<br>\nDie Rechtsgrundlage f\u00fcr die Verarbeitung zur Erf\u00fcllung unserer rechtlichen\nVerpflichtungen ist Art. 6 Abs. 1 lit. c DSGVO;<br>\nF\u00fcr den Fall, dass lebenswichtige Interessen der betroffenen Person oder einer\nanderen nat\u00fcrlichen Person eine Verarbeitung personenbezogener Daten\nerforderlich machen, dient Art. 6 Abs. 1 lit. d DSGVO als Rechtsgrundlage.<br>\nDie Rechtsgrundlage f\u00fcr die erforderliche Verarbeitung zur Wahrnehmung einer\nAufgabe, die im \u00f6ffentlichen Interesse liegt oder in Aus\u00fcbung \u00f6ffentlicher\nGewalt erfolgt, die dem Verantwortlichen \u00fcbertragen wurde ist Art. 6 Abs. 1\nlit. e DSGVO. <br>\nDie Rechtsgrundlage f\u00fcr die Verarbeitung zur Wahrung unserer berechtigten\nInteressen ist Art. 6 Abs. 1 lit. f DSGVO. <br>\nDie Verarbeitung von Daten zu anderen Zwecken als denen, zu denen sie erhoben\nwurden, bestimmt sich nach den Vorgaben des Art 6 Abs. 4 DSGVO. <br>\nDie Verarbeitung von besonderen Kategorien von Daten (entsprechend Art. 9 Abs.\n1 DSGVO) bestimmt sich nach den Vorgaben des Art. 9 Abs. 2 DSGVO. <\/p>\n\n\n\n<p><strong>Sicherheitsma\u00dfnahmen<\/strong><\/p>\n\n\n\n<p>Wir treffen\nnach Ma\u00dfgabe der gesetzlichen Vorgaben unter Ber\u00fccksichtigung des Stands der\nTechnik, der Implementierungskosten und der Art, des Umfangs, der Umst\u00e4nde und\nder Zwecke der Verarbeitung sowie der unterschiedlichen\nEintrittswahrscheinlichkeit und Schwere des Risikos f\u00fcr die Rechte und\nFreiheiten nat\u00fcrlicher Personen, geeignete technische und organisatorische\nMa\u00dfnahmen, um ein dem Risiko angemessenes Schutzniveau zu gew\u00e4hrleisten.<br>\n<br>\nZu den Ma\u00dfnahmen geh\u00f6ren insbesondere die Sicherung der Vertraulichkeit,\nIntegrit\u00e4t und Verf\u00fcgbarkeit von Daten durch Kontrolle des physischen Zugangs\nzu den Daten, als auch des sie betreffenden Zugriffs, der Eingabe, Weitergabe,\nder Sicherung der Verf\u00fcgbarkeit und ihrer Trennung. Des Weiteren haben wir\nVerfahren eingerichtet, die eine Wahrnehmung von Betroffenenrechten, L\u00f6schung\nvon Daten und Reaktion auf Gef\u00e4hrdung der Daten gew\u00e4hrleisten. Ferner\nber\u00fccksichtigen wir den Schutz personenbezogener Daten bereits bei der\nEntwicklung, bzw. Auswahl von Hardware, Software sowie Verfahren, entsprechend\ndem Prinzip des Datenschutzes durch Technikgestaltung und durch\ndatenschutzfreundliche Voreinstellungen.<\/p>\n\n\n\n<p><strong>Datenl\u00f6schung und Speicherdauer:<\/strong><\/p>\n\n\n\n<p>Die personenbezogenen Daten der betroffenen Person\nwerden gel\u00f6scht oder gesperrt, sobald der Zweck der Speicherung entf\u00e4llt. Eine\nSpeicherung kann dar\u00fcber hinaus erfolgen, wenn dies durch den europ\u00e4ischen oder\nnationalen Gesetzgeber in unionsrechtlichen Verordnungen, Gesetzen oder\nsonstigen Vorschriften, denen der Verantwortliche unterliegt, vorgesehen wurde.\nEine Sperrung oder L\u00f6schung der Daten erfolgt auch dann, wenn eine durch die\ngenannten Normen vorgeschriebene Speicherfrist abl\u00e4uft, es sei denn, dass eine\nErforderlichkeit zur weiteren Speicherung der Daten f\u00fcr einen Vertragsabschluss\noder eine Vertragserf\u00fcllung besteht.<\/p>\n\n\n\n<p><strong>Gespeicherte Informationen<\/strong><\/p>\n\n\n\n<p>Die Universit\u00e4t Erfurt erhebt und speichert\nautomatisch in ihren Server-Logfiles Informationen, die Ihr Browser an uns\n\u00fcbermittelt. Dies sind:<\/p>\n\n\n\n<ul><li>Browsertyp\/\n-version<\/li><li>verwendetes\nBetriebssystem<\/li><li>Webseite von\nder aus der Zugriff erfolgt (Referrer)<\/li><li>Hostname des\nanfragenden Rechners (IP-Adresse)<\/li><li>Datum und\nUhrzeit der Serveranfrage<\/li><li>Name und URL\nder abgerufenen Daten<\/li><li>\u00dcbertragene\nDatenmenge<\/li><li>Meldung, ob\nder Aufruf erfolgreich war (http-Statuscode)<\/li><\/ul>\n\n\n\n<p>Diese Daten\nsind f\u00fcr die Universit\u00e4t Erfurt nicht bestimmten Personen zuordenbar. Sie\ndienen der Auswertung zur Systemsicherheit und -stabilit\u00e4t, der Aufkl\u00e4rung\nmi\u00dfbr\u00e4uchlicher Nutzung und der Gew\u00e4hrleistung einer komfortablen Nutzung\nunserer Website. Eine Zusammenf\u00fchrung dieser Daten mit anderen Datenquellen\nwird nicht vorgenommen, die Daten werden zudem nach einer statistischen\nAuswertung regelm\u00e4\u00dfig gel\u00f6scht. Es erfolgt keine Weitergabe an Dritte. Daten,\nderen weitere Aufbewahrung zu Beweiszwecken erforderlich ist, sind bis zur\nendg\u00fcltigen Kl\u00e4rung des jeweiligen Vorfalls von der L\u00f6schung ausgenommen.<\/p>\n\n\n\n<p><strong>Verschl\u00fcsselung:<\/strong><\/p>\n\n\n\n<p>Diese Seite nutzt aus Gr\u00fcnden der Sicherheit und zum\nSchutz der \u00dcbertragung aller Inhalte eine SSL-Verschl\u00fcsselung.<\/p>\n\n\n\n<p>Eine verschl\u00fcsselte Verbindung erkennen Sie daran,\ndass die Adresszeile des Browsers von \u201ehttp:\/\/\u201c auf \u201ehttps:\/\/\u201c wechselt sowie\nam Schloss-Symbol in Ihrer Browserzeile.<\/p>\n\n\n\n<p><strong>Rechte der betroffenen Person<\/strong><\/p>\n\n\n\n<p>Sie haben als Nutzer das Recht, auf Antrag eine\nkostenlose Auskunft dar\u00fcber zu erhalten, welche personenbezogenen Daten \u00fcber\nSie gespeichert wurden. Sie haben au\u00dferdem das Recht auf Berichtigung falscher\nDaten und auf die Verarbeitungseinschr\u00e4nkung oder L\u00f6schung Ihrer\npersonenbezogenen Daten. Falls zutreffend, k\u00f6nnen Sie auch Ihr Recht auf\nDatenportabilit\u00e4t geltend machen. Sollten Sie annehmen, dass Ihre Daten\nunrechtm\u00e4\u00dfig verarbeitet wurden, k\u00f6nnen Sie eine Beschwerde bei der zust\u00e4ndigen\nAufsichtsbeh\u00f6rde einreichen.<\/p>\n\n\n\n<p><strong>L\u00f6schung von Daten:<\/strong><\/p>\n\n\n\n<p>Sofern Ihr\nWunsch nicht mit einer gesetzlichen Pflicht zur Aufbewahrung von Daten (z. B.\nVorratsdatenspeicherung) kollidiert, haben Sie ein Anrecht auf L\u00f6schung Ihrer\nDaten. Von uns gespeicherte Daten werden, sollten sie f\u00fcr ihre Zweckbestimmung\nnicht mehr vonn\u00f6ten sein und es keine gesetzlichen Aufbewahrungsfristen geben,\ngel\u00f6scht. Falls eine L\u00f6schung nicht durchgef\u00fchrt werden kann, da die Daten f\u00fcr\nzul\u00e4ssige gesetzliche Zwecke erforderlich sind, erfolgt eine Einschr\u00e4nkung der\nDatenverarbeitung. In diesem Fall werden die Daten gesperrt und nicht f\u00fcr\nandere Zwecke verarbeitet.<\/p>\n\n\n\n<p><strong>Widerrufsrecht<\/strong><\/p>\n\n\n\n<p>Sie haben\ndas Recht, erteilte Einwilligungen mit Wirkung f\u00fcr die Zukunft zu widerrufen.<\/p>\n\n\n\n<p><strong>Widerspruchsrecht<\/strong><\/p>\n\n\n\n<p>Sie haben das Recht, aus Gr\u00fcnden, die sich aus Ihrer\nbesonderen Situation ergeben, jederzeit gegen die Verarbeitung der Sie\nbetreffenden personenbezogenen Daten, die aufgrund von Art. 6 Abs. 1 lit. e\noder f DSGVO erfolgt, Widerspruch einzulegen. Wenn Sie eine Berichtigung,\nSperrung, L\u00f6schung oder Auskunft \u00fcber die zu Ihrer Person gespeicherten\npersonenbezogenen Daten w\u00fcnschen oder Fragen bzgl. der Erhebung, Verarbeitung\noder Verwendung Ihrer personenbezogenen Daten haben oder erteilte\nEinwilligungen widerrufen m\u00f6chten, wenden Sie sich bitte an folgende\nE-Mail-Adresse: [<a href=\"mailto:webmaster@uni-erfurt.de\">webmaster@uni-erfurt.de<\/a>]<\/p>\n\n\n\n<p><strong>Erhebung von Zugriffsdaten und Logfiles<\/strong><\/p>\n\n\n\n<p>Wir, bzw.\nunser Hostinganbieter, erhebt auf Grundlage unserer berechtigten Interessen im\nSinne des Art. 6 Abs. 1 lit. f. DSGVO Daten \u00fcber jeden Zugriff auf den Server,\nauf dem sich dieser Dienst befindet (sogenannte Serverlogfiles). Die\nZugriffsdaten sowie die Zwecke und Bedingungen der Speicherung sind unter\n\u201eGespeicherte Informationen\u201c aufgef\u00fchrt. <\/p>\n\n\n\n<h3>Kommentarfunktionen<\/h3>\n\n\n\n<p>F\u00fcr die Kommentarfunktion auf dieser Seite werden\nneben Ihrem Kommentar auch Angaben zum Zeitpunkt der Erstellung des Kommentars,\nIhrer E-Mail-Adresse und, wenn Sie nicht anonym posten, der von Ihnen gew\u00e4hlte\nNutzername gespeichert.<\/p>\n\n\n\n<p>Speicherdauer der Kommentare<br>\nKommentare werden erst sichtbar, wenn sie vom zust\u00e4ndigen Redakteur\nfreigeschaltet wurden. Die Kommentare und die damit verbundenen Daten werden\ngespeichert und verbleiben auf unserer Website, bis der kommentierte Inhalt\nvollst\u00e4ndig gel\u00f6scht wurde oder die Kommentare aus rechtlichen Gr\u00fcnden gel\u00f6scht\nwerden m\u00fcssen (z.B. beleidigende Kommentare).<br>\n<br>\nRechtsgrundlage<br>\nDie Speicherung der Kommentare erfolgt auf Grundlage Ihrer Einwilligung (Art. 6\nAbs. 1 lit. a DSGVO). Sie k\u00f6nnen eine von Ihnen erteilte Einwilligung jederzeit\nwiderrufen. Dazu reicht eine formlose Mitteilung per E-Mail an uns. Die\nRechtm\u00e4\u00dfigkeit der bereits erfolgten Datenverarbeitungsvorg\u00e4nge bleibt vom\nWiderruf unber\u00fchrt.<\/p>\n","protected":false},"excerpt":{"rendered":"<p>Datenschutzerkl\u00e4rung Wer wir sind Die Adresse unserer Website ist: &nbsp;https:\/\/projekte.uni-erfurt.de\/maxweberkolleg\/ Sie wird betrieben durch das Max-Weber-Kolleg f\u00fcr kultur- und sozialwissenschaftliche Studien der Universit\u00e4t Erfurt. Die Webpr\u00e4senz ist auf den Servern der Universit\u00e4t Erfurt hinterlegt. Diese Datenschutzerkl\u00e4rung soll die Nutzer dieser Website \u00fcber die Art, den Umfang und den Zweck der Erhebung und Verwendung personenbezogener Daten &hellip; <a href=\"https:\/\/projekte.uni-erfurt.de\/maxweberkolleg\/datenschutzerklaerung-2\/\" class=\"more-link\"><span class=\"screen-reader-text\">&#8222;Datenschutzerkl\u00e4rung&#8220; <\/span>weiterlesen<\/a><\/p>\n","protected":false},"author":2,"featured_media":0,"parent":0,"menu_order":0,"comment_status":"closed","ping_status":"closed","template":"","meta":{"spay_email":""},"_links":{"self":[{"href":"https:\/\/projekte.uni-erfurt.de\/maxweberkolleg\/wp-json\/wp\/v2\/pages\/91"}],"collection":[{"href":"https:\/\/projekte.uni-erfurt.de\/maxweberkolleg\/wp-json\/wp\/v2\/pages"}],"about":[{"href":"https:\/\/projekte.uni-erfurt.de\/maxweberkolleg\/wp-json\/wp\/v2\/types\/page"}],"author":[{"embeddable":true,"href":"https:\/\/projekte.uni-erfurt.de\/maxweberkolleg\/wp-json\/wp\/v2\/users\/2"}],"replies":[{"embeddable":true,"href":"https:\/\/projekte.uni-erfurt.de\/maxweberkolleg\/wp-json\/wp\/v2\/comments?post=91"}],"version-history":[{"count":3,"href":"https:\/\/projekte.uni-erfurt.de\/maxweberkolleg\/wp-json\/wp\/v2\/pages\/91\/revisions"}],"predecessor-version":[{"id":151,"href":"https:\/\/projekte.uni-erfurt.de\/maxweberkolleg\/wp-json\/wp\/v2\/pages\/91\/revisions\/151"}],"wp:attachment":[{"href":"https:\/\/projekte.uni-erfurt.de\/maxweberkolleg\/wp-json\/wp\/v2\/media?parent=91"}],"curies":[{"name":"wp","href":"https:\/\/api.w.org\/{rel}","templated":true}]}}