{"id":94,"date":"2019-05-14T13:17:37","date_gmt":"2019-05-14T11:17:37","guid":{"rendered":"https:\/\/projekte.uni-erfurt.de\/maxweberkolleg\/?page_id=94"},"modified":"2019-05-16T14:07:46","modified_gmt":"2019-05-16T12:07:46","slug":"impressum","status":"publish","type":"page","link":"https:\/\/projekte.uni-erfurt.de\/maxweberkolleg\/impressum\/","title":{"rendered":"Impressum"},"content":{"rendered":"\n<p>Universit\u00e4t\nErfurt<br>\nNordh\u00e4user Stra\u00dfe 63<br>\n99089 Erfurt<\/p>\n\n\n\n<p>Telefon:\n0361-737-5000<br>\nInternet: <a href=\"http:\/\/www.uni-erfurt.de\">www.uni-erfurt.de<\/a><\/p>\n\n\n\n<p>USt-IdNr.:\nDE 811 627 407<\/p>\n\n\n\n<p>Inhaltlich\nverantwortlich:<br>\nMax Weber Kolleg, Steinplatz 2, 99085 Erfurt<\/p>\n\n\n\n<p>Die\nUniversit\u00e4t Erfurt ist eine K\u00f6rperschaft des \u00f6ffentlichen Rechts. Sie wird\ndurch Prof. Dr. Walter Bauer-Wabnegg, den Pr\u00e4sidenten der Universit\u00e4t Erfurt,\ngesetzlich vertreten.<\/p>\n\n\n\n<p>Zust\u00e4ndige\nAufsichtsbeh\u00f6rde<br>\nTh\u00fcringer Ministerium f\u00fcr Wirtschaft, Wissenschaft und Digitale Gesellschaft\n(TMWWDG)<br>\nMax-Reger-Stra\u00dfe 4-8<br>\n99096 Erfurt<\/p>\n\n\n\n<p>Alle\nverwendeten Grafiken und Bilder sind urheberrechtlich gesch\u00fctzt. Alle Fotos\nd\u00fcrfen nur mit Genehmigung des jeweilen Urhebers kopiert und weiterverwendet\nwerden. Das Urheberrecht f\u00fcr die ver\u00f6ffentlichten Texte liegt ebenfalls beim\nBetreiber der Seite. Einzelne Textpassagen sowie vollst\u00e4ndige Texte d\u00fcrfen\nzitiert werden, sofern Urheber und Quelle kenntlich gemacht werden.<\/p>\n\n\n\n<p><strong>Haftungsausschluss (Disclaimer)<\/strong><\/p>\n\n\n\n<p><strong>Haftung f\u00fcr\nInhalte:<\/strong><br>\nAls Diensteanbieter sind wir gem\u00e4\u00df \u00a7 7 Abs.1 TMG f\u00fcr eigene Inhalte auf diesen\nSeiten nach den allgemeinen Gesetzen verantwortlich. Nach \u00a7\u00a7 8 bis 10 TMG sind\nwir als Diensteanbieter jedoch nicht verpflichtet, \u00fcbermittelte oder\ngespeicherte fremde Informationen zu \u00fcberwachen oder nach Umst\u00e4nden zu\nforschen, die auf eine rechtswidrige T\u00e4tigkeit hinweisen. Verpflichtungen zur\nEntfernung oder Sperrung der Nutzung von Informationen nach den allgemeinen\nGesetzen bleiben hiervon unber\u00fchrt. Eine diesbez\u00fcgliche Haftung ist jedoch erst\nab dem Zeitpunkt der Kenntnis einer konkreten Rechtsverletzung m\u00f6glich. Bei\nBekanntwerden von entsprechenden Rechtsverletzungen werden wir diese Inhalte\numgehend entfernen.<\/p>\n\n\n\n<p><strong>Haftung f\u00fcr\nLinks:<\/strong><br>\nUnser Angebot enth\u00e4lt Links zu externen Webseiten Dritter, auf deren Inhalte\nwir keinen Einfluss haben. Deshalb k\u00f6nnen wir f\u00fcr diese fremden Inhalte auch\nkeine Gew\u00e4hr \u00fcbernehmen. F\u00fcr die Inhalte der verlinkten Seiten ist stets der\njeweilige Anbieter oder Betreiber der Seiten verantwortlich. Die verlinkten\nSeiten wurden zum Zeitpunkt der Verlinkung auf m\u00f6gliche Rechtsverst\u00f6\u00dfe\n\u00fcberpr\u00fcft. Rechtswidrige Inhalte waren zum Zeitpunkt der Verlinkung nicht\nerkennbar. Eine permanente inhaltliche Kontrolle der verlinkten Seiten ist\njedoch ohne konkrete Anhaltspunkte einer Rechtsverletzung nicht zumutbar. Bei\nBekanntwerden von Rechtsverletzungen werden wir derartige Links umgehend\nentfernen.<\/p>\n\n\n\n<p><strong>Urheberrecht:<\/strong><br>\nDie durch die Seitenbetreiber erstellten Inhalte und Werke auf diesen Seiten\nunterliegen dem deutschen Urheberrecht. Die Vervielf\u00e4ltigung, Bearbeitung,\nVerbreitung und jede Art der Verwertung au\u00dferhalb der Grenzen des\nUrheberrechtes bed\u00fcrfen der schriftlichen Zustimmung des jeweiligen Autors bzw.\nErstellers. Downloads und Kopien dieser Seite sind nur f\u00fcr den privaten, nicht\nkommerziellen Gebrauch gestattet. Soweit die Inhalte auf dieser Seite nicht vom\nBetreiber erstellt wurden, werden die Urheberrechte Dritter beachtet.\nInsbesondere werden Inhalte Dritter als solche gekennzeichnet. Sollten Sie\ntrotzdem auf eine Urheberrechtsverletzung aufmerksam werden, bitten wir um\neinen entsprechenden Hinweis. Bei Bekanntwerden von Rechtsverletzungen werden\nwir derartige Inhalte umgehend entfernen<\/p>\n","protected":false},"excerpt":{"rendered":"<p>Universit\u00e4t Erfurt Nordh\u00e4user Stra\u00dfe 63 99089 Erfurt Telefon: 0361-737-5000 Internet: www.uni-erfurt.de USt-IdNr.: DE 811 627 407 Inhaltlich verantwortlich: Max Weber Kolleg, Steinplatz 2, 99085 Erfurt Die Universit\u00e4t Erfurt ist eine K\u00f6rperschaft des \u00f6ffentlichen Rechts. Sie wird durch Prof. Dr. Walter Bauer-Wabnegg, den Pr\u00e4sidenten der Universit\u00e4t Erfurt, gesetzlich vertreten. Zust\u00e4ndige Aufsichtsbeh\u00f6rde Th\u00fcringer Ministerium f\u00fcr Wirtschaft, Wissenschaft &hellip; <a href=\"https:\/\/projekte.uni-erfurt.de\/maxweberkolleg\/impressum\/\" class=\"more-link\"><span class=\"screen-reader-text\">&#8222;Impressum&#8220; <\/span>weiterlesen<\/a><\/p>\n","protected":false},"author":2,"featured_media":0,"parent":0,"menu_order":0,"comment_status":"closed","ping_status":"closed","template":"","meta":{"spay_email":""},"_links":{"self":[{"href":"https:\/\/projekte.uni-erfurt.de\/maxweberkolleg\/wp-json\/wp\/v2\/pages\/94"}],"collection":[{"href":"https:\/\/projekte.uni-erfurt.de\/maxweberkolleg\/wp-json\/wp\/v2\/pages"}],"about":[{"href":"https:\/\/projekte.uni-erfurt.de\/maxweberkolleg\/wp-json\/wp\/v2\/types\/page"}],"author":[{"embeddable":true,"href":"https:\/\/projekte.uni-erfurt.de\/maxweberkolleg\/wp-json\/wp\/v2\/users\/2"}],"replies":[{"embeddable":true,"href":"https:\/\/projekte.uni-erfurt.de\/maxweberkolleg\/wp-json\/wp\/v2\/comments?post=94"}],"version-history":[{"count":3,"href":"https:\/\/projekte.uni-erfurt.de\/maxweberkolleg\/wp-json\/wp\/v2\/pages\/94\/revisions"}],"predecessor-version":[{"id":98,"href":"https:\/\/projekte.uni-erfurt.de\/maxweberkolleg\/wp-json\/wp\/v2\/pages\/94\/revisions\/98"}],"wp:attachment":[{"href":"https:\/\/projekte.uni-erfurt.de\/maxweberkolleg\/wp-json\/wp\/v2\/media?parent=94"}],"curies":[{"name":"wp","href":"https:\/\/api.w.org\/{rel}","templated":true}]}}