{"id":1656,"date":"2021-01-23T15:09:45","date_gmt":"2021-01-23T14:09:45","guid":{"rendered":"https:\/\/projekte.uni-erfurt.de\/svstud\/?page_id=1656"},"modified":"2025-03-11T14:30:24","modified_gmt":"2025-03-11T13:30:24","slug":"elementor-1656","status":"publish","type":"page","link":"https:\/\/projekte.uni-erfurt.de\/svstud\/de\/","title":{"rendered":"Willkommen"},"content":{"rendered":"<p class=\" translation-block\">Herzlich Willkommen auf der Website der Projekte VStud \u201eVerhaltens\u00f6konomisch motivierte Ma\u00dfnahmen zur Sicherung des Studienerfolgs\u201c und SvStud \u201eSkalierbare verhaltens\u00f6konomische Ma\u00dfnahmen zur Sicherung des Studienerfolgs\u201c.<\/p>\n<p class=\" translation-block\">Beide Projekte werden vom Bundesministerium f\u00fcr Bildung und Forschung (<span style=\"color: #0000ff;\"><a style=\"color: #0000ff;\" href=\"https:\/\/www.wihoforschung.de\/de\/studienerfolg-und-studienabbruch-3166.php\" target=\"_blank\" rel=\"noopener\">BMBF<\/a><\/span>) gef\u00f6rdert und gemeinsam von der <span style=\"color: #0000ff;\"><a style=\"color: #0000ff;\" href=\"https:\/\/www.uni-erfurt.de\" target=\"_blank\" rel=\"noopener\">Univerit\u00e4t Erfurt<\/a><\/span> und der <span style=\"color: #0000ff;\"><a style=\"color: #0000ff;\" href=\"https:\/\/www.th-nuernberg.de\" target=\"_blank\" rel=\"noopener\">TH N\u00fcrnberg Georg Simon Ohm <\/a><\/span> durchgef\u00fchrt. Die leitenden Wissenschaftler sind Prof. Dr. Oliver Himmler (Erfurt) und Prof. Dr. Robert J\u00e4ckle (N\u00fcrnberg).<\/p>\n<p>We develop, implement, and evaluate behaviorally informed interventions that aim to improve student performance and increase study success by conducting randomized controlled field experiments (RCTs). Further information can be found in the respective articles (Research).<\/p>","protected":false},"excerpt":{"rendered":"<p>Welcome to the Website of the projects VStud (\u201eVerhaltens\u00f6konomisch motivierte Ma\u00dfnahmen zur Sicherung des Studienerfolgs &#8212; Behaviorally informed interventions to help students succeed\u201d) and SvStud (\u201eSkalierbare verhaltens\u00f6konomische Ma\u00dfnahmen zur Sicherung des Studienerfolgs\u201c &#8212; Scalable behaviorally informed interventions to help students succeed\u201d). Both projects are funded by the German Federal Ministry of Education and Research (BMBF) &hellip;<\/p>\n<p class=\"read-more\"> <a class=\"\" href=\"https:\/\/projekte.uni-erfurt.de\/svstud\/de\/\"> <span class=\"screen-reader-text\">Willkommen<\/span> Weiterlesen &raquo;<\/a><\/p>","protected":false},"author":1,"featured_media":0,"parent":0,"menu_order":0,"comment_status":"closed","ping_status":"closed","template":"","meta":[],"_links":{"self":[{"href":"https:\/\/projekte.uni-erfurt.de\/svstud\/de\/wp-json\/wp\/v2\/pages\/1656"}],"collection":[{"href":"https:\/\/projekte.uni-erfurt.de\/svstud\/de\/wp-json\/wp\/v2\/pages"}],"about":[{"href":"https:\/\/projekte.uni-erfurt.de\/svstud\/de\/wp-json\/wp\/v2\/types\/page"}],"author":[{"embeddable":true,"href":"https:\/\/projekte.uni-erfurt.de\/svstud\/de\/wp-json\/wp\/v2\/users\/1"}],"replies":[{"embeddable":true,"href":"https:\/\/projekte.uni-erfurt.de\/svstud\/de\/wp-json\/wp\/v2\/comments?post=1656"}],"version-history":[{"count":36,"href":"https:\/\/projekte.uni-erfurt.de\/svstud\/de\/wp-json\/wp\/v2\/pages\/1656\/revisions"}],"predecessor-version":[{"id":2124,"href":"https:\/\/projekte.uni-erfurt.de\/svstud\/de\/wp-json\/wp\/v2\/pages\/1656\/revisions\/2124"}],"wp:attachment":[{"href":"https:\/\/projekte.uni-erfurt.de\/svstud\/de\/wp-json\/wp\/v2\/media?parent=1656"}],"curies":[{"name":"wp","href":"https:\/\/api.w.org\/{rel}","templated":true}]}}