{"id":126,"date":"2020-10-29T13:36:50","date_gmt":"2020-10-29T12:36:50","guid":{"rendered":"https:\/\/projekte.uni-erfurt.de\/svstud\/?page_id=126"},"modified":"2021-01-17T20:47:44","modified_gmt":"2021-01-17T19:47:44","slug":"datenschutz","status":"publish","type":"page","link":"https:\/\/projekte.uni-erfurt.de\/svstud\/datenschutz\/","title":{"rendered":"Datenschutz"},"content":{"rendered":"\n<p><strong>Geltungsbereich<\/strong><\/p>\n\n\n\n<p>Die Adresse unserer Website ist:&nbsp;<a href=\"https:\/\/projekte.uni-erfurt.de\/svstud\/\">https:\/\/projekte.uni-erfurt.de\/svstud\/<\/a> .<\/p>\n\n\n\n<p><strong>Name und Anschrift des Verantwortlichen<\/strong><\/p>\n\n\n\n<p>Der Verantwortliche im Sinne der Datenschutz-Grundverordnung und anderer nationaler Datenschutzgesetze der Mitgliedsstaaten sowie sonstiger datenschutzrechtlicher Bestimmungen ist<\/p>\n\n\n\n<p>Prof. Dr. Walter Bauer-Wabnegg<br>Pr\u00e4sident<br>Verwaltungsgeb\u00e4ude \/ Raum 1.40<br>Telefonnummer: +49 361 737-5000<br>E-Mail-Adresse:\u00a0<a href=\"mailto:datenschutz@uni-erfurt.de\">praesident@uni-erfurt.de<\/a><\/p>\n\n\n\n<p><strong>Name und Anschrift der Datenschutzbeauftragten<\/strong><\/p>\n\n\n\n<p>Universit\u00e4t Erfurt \/ Datenschutz<br>Ute Winter<br>Nordh\u00e4userstr. 63<br>99098 Erfurt<br>Telefonnummer: +49 361 737-5651<br>E-Mail-Adresse:&nbsp;<a href=\"mailto:datenschutz@uni-erfurt.de\">datenschutz@uni-erfurt.de<\/a><\/p>\n\n\n\n<p><strong>Allgemeines zur Datenverarbeitung<\/strong><\/p>\n\n\n\n<p><em>Umfang der Verarbeitung<\/em><\/p>\n\n\n\n<p>Wir verarbeiten personenbezogene Daten unserer Nutzer grunds\u00e4tzlich nur, soweit dies zur Bereitstellung einer funktionsf\u00e4higen Website sowie unserer Inhalte und Leistungen erforderlich ist. Die Verarbeitung personenbezogener Daten unserer Nutzer erfolgt regelm\u00e4\u00dfig nur nach Einwilligung des Nutzers. Eine Ausnahme gilt in solchen F\u00e4llen, in denen eine vorherige Einholung einer Einwilligung aus tats\u00e4chlichen Gr\u00fcnden nicht m\u00f6glich ist und die Verarbeitung der Daten durch gesetzliche Vorschriften gestattet ist.<\/p>\n\n\n\n<p><em>Rechtsgrundlage<\/em><\/p>\n\n\n\n<p>Soweit wir f\u00fcr Verarbeitungsvorg\u00e4nge personenbezogener Daten eine Einwilligung\u00a0der betroffenen Person einholen, dient Art. 6 Abs. 1 lit. a EU-Datenschutzgrundverordnung (DSGVO) als Rechtsgrundlage.<\/p>\n\n\n\n<p><em>Datenl\u00f6schung und Speicherdauer<\/em><\/p>\n\n\n\n<p>Die personenbezogenen Daten der betroffenen Person werden gel\u00f6scht oder gesperrt, sobald der Zweck der Speicherung entf\u00e4llt. Eine Speicherung kann dar\u00fcber hinaus erfolgen, wenn dies durch den europ\u00e4ischen oder nationalen Gesetzgeber in unionsrechtlichen Verordnungen, Gesetzen oder sonstigen Vorschriften, denen der Verantwortliche unterliegt, vorgesehen wurde. Eine Sperrung oder L\u00f6schung der Daten erfolgt auch dann, wenn eine durch die genannten Normen vorgeschriebene Speicherfrist abl\u00e4uft, es sei denn, dass eine Erforderlichkeit zur weiteren Speicherung der Daten f\u00fcr einen Vertragsabschluss oder eine Vertragserf\u00fcllung besteht.<\/p>\n\n\n\n<p><strong>Gespeicherte Informationen<\/strong><\/p>\n\n\n\n<p>Die Universit\u00e4t Erfurt erhebt und speichert automatisch\u00a0in ihren Server-Logfiles Informationen, die Ihr Browser an uns \u00fcbermittelt. Dies sind:<\/p>\n\n\n\n<ul><li>Browsertyp\/ -version<\/li><li>verwendetes Betriebssystem<\/li><li>Webseite von der aus der Zugriff erfolgt (Referrer)<\/li><li>Hostname des anfragenden Rechners (IP-Adresse)<\/li><li>Datum und Uhrzeit der Serveranfrage<\/li><li>Name und URL der abgerufenen Daten<\/li><li>\u00dcbertragene Datenmenge<\/li><li>Meldung, ob der Aufruf erfolgreich war (http-Statuscode)<\/li><\/ul>\n\n\n\n<p>Diese Daten sind f\u00fcr die Universit\u00e4t Erfurt nicht bestimmten Personen zuordenbar. Sie dienen der Auswertung zur Systemsicherheit und -Stabilit\u00e4t, der Aufkl\u00e4rung mi\u00dfbr\u00e4uchlicher Nutzung und der Gew\u00e4hrleistung einer komfortablen Nutzung unserer Website. Eine Zusammenf\u00fchrung dieser Daten mit anderen Datenquellen wird nicht vorgenommen, die Daten werden zudem nach einer statistischen Auswertung regelm\u00e4\u00dfig gel\u00f6scht. Es erfolgt keine Weitergabe an Dritte.<\/p>\n\n\n\n<p>Die Rechtsgrundlage f\u00fcr die Datenverarbeitung ist Art. 6 Abs. 1 S. 1 lit. f DSGVO.<\/p>\n\n\n\n<p><strong>Verschl\u00fcsselung<\/strong><\/p>\n\n\n\n<p>Diese Seite nutzt aus Gr\u00fcnden der Sicherheit und zum Schutz der \u00dcbertragung aller Inhalte eine SSL-Verschl\u00fcsselung.<\/p>\n\n\n\n<p>Eine verschl\u00fcsselte Verbindung erkennen Sie daran, dass die Adresszeile des Browsers von \u201ehttp:\/\/\u201c auf \u201ehttps:\/\/\u201c wechselt sowie am Schloss-Symbol in Ihrer Browserzeile.<\/p>\n\n\n\n<p><strong>Cookies<\/strong><\/p>\n\n\n\n<p>Cookies sind kleine Textdateien, die vom Webserver erzeugt und an Ihren Internetbrowser geschickt und dort gespeichert bzw. auf Ihrem Browser abgelegt werden. Cookies dienen dazu, die Funktionalit\u00e4t und den Komfort der Webseite f\u00fcr Sie zu erh\u00f6hen.<\/p>\n\n\n\n<p>Die Nutzung unserer Seiten ist normalerweise ohne Cookies m\u00f6glich.<\/p>\n\n\n\n<p>Die Cookie-Verwaltung k\u00f6nnen Sie selbst in Ihrem Browser konfigurieren.<\/p>\n\n\n\n<p><strong>Rechte der betroffenen Person<\/strong><\/p>\n\n\n\n<p>Werden personenbezogene Daten von Ihnen verarbeitet, sind Sie Betroffener i.S.d. DSGVO und es stehen Ihnen folgende Rechte gegen\u00fcber dem Verantwortlichen zu:<\/p>\n\n\n\n<ol type=\"1\"><li>Auskunftsrecht<\/li><li>Recht auf Berichtigung<\/li><li>Recht auf Einschr\u00e4nkung der Verarbeitung<\/li><li>Recht auf L\u00f6schung<\/li><li>Recht auf Unterrichtung<\/li><li>Recht auf Daten\u00fcbertragbarkeit<\/li><li>Widerspruchsrecht<\/li><li>Recht auf Widerruf der datenschutzrechtlichen Einwilligungserkl\u00e4rung<\/li><li>Recht auf Beschwerde bei einer Aufsichtsbeh\u00f6rde<\/li><\/ol>\n\n\n\n<p>Sollte Sie der Ansicht sein, dass die Verarbeitung der Sie betreffenden personenbezogenen Daten gegen die DSGVO verst\u00f6\u00dft, melden Sie sich bitte bei dem inhaltlich Verantwortlichen:<\/p>\n\n\n\n<p><strong><em>Inhaltlicher Verantwortlicher f\u00fcr diese Website<\/em><\/strong><\/p>\n\n\n\n<p>Prof. Dr. Oliver Himmler<br>Tel.: +49 361 737-4591<br>oliver.himmler@uni-erfurt.de<\/p>\n","protected":false},"excerpt":{"rendered":"<p>Geltungsbereich Die Adresse unserer Website ist:&nbsp;https:\/\/projekte.uni-erfurt.de\/svstud\/ . Name und Anschrift des Verantwortlichen Der Verantwortliche im Sinne der Datenschutz-Grundverordnung und anderer nationaler Datenschutzgesetze der Mitgliedsstaaten sowie sonstiger datenschutzrechtlicher Bestimmungen ist Prof. Dr. Walter Bauer-WabneggPr\u00e4sidentVerwaltungsgeb\u00e4ude \/ Raum 1.40Telefonnummer: +49 361 737-5000E-Mail-Adresse:\u00a0praesident@uni-erfurt.de Name und Anschrift der Datenschutzbeauftragten Universit\u00e4t Erfurt \/ DatenschutzUte WinterNordh\u00e4userstr. 6399098 ErfurtTelefonnummer: +49 361 737-5651E-Mail-Adresse:&nbsp;datenschutz@uni-erfurt.de Allgemeines &hellip;<\/p>\n<p class=\"read-more\"> <a class=\"\" href=\"https:\/\/projekte.uni-erfurt.de\/svstud\/datenschutz\/\"> <span class=\"screen-reader-text\">Datenschutz<\/span> Read More &raquo;<\/a><\/p>\n","protected":false},"author":1,"featured_media":0,"parent":0,"menu_order":0,"comment_status":"closed","ping_status":"closed","template":"","meta":[],"_links":{"self":[{"href":"https:\/\/projekte.uni-erfurt.de\/svstud\/wp-json\/wp\/v2\/pages\/126"}],"collection":[{"href":"https:\/\/projekte.uni-erfurt.de\/svstud\/wp-json\/wp\/v2\/pages"}],"about":[{"href":"https:\/\/projekte.uni-erfurt.de\/svstud\/wp-json\/wp\/v2\/types\/page"}],"author":[{"embeddable":true,"href":"https:\/\/projekte.uni-erfurt.de\/svstud\/wp-json\/wp\/v2\/users\/1"}],"replies":[{"embeddable":true,"href":"https:\/\/projekte.uni-erfurt.de\/svstud\/wp-json\/wp\/v2\/comments?post=126"}],"version-history":[{"count":4,"href":"https:\/\/projekte.uni-erfurt.de\/svstud\/wp-json\/wp\/v2\/pages\/126\/revisions"}],"predecessor-version":[{"id":901,"href":"https:\/\/projekte.uni-erfurt.de\/svstud\/wp-json\/wp\/v2\/pages\/126\/revisions\/901"}],"wp:attachment":[{"href":"https:\/\/projekte.uni-erfurt.de\/svstud\/wp-json\/wp\/v2\/media?parent=126"}],"curies":[{"name":"wp","href":"https:\/\/api.w.org\/{rel}","templated":true}]}}