{"id":1240,"date":"2021-06-21T14:34:32","date_gmt":"2021-06-21T12:34:32","guid":{"rendered":"https:\/\/projekte.uni-erfurt.de\/uetteach\/?page_id=1240"},"modified":"2021-06-21T15:22:06","modified_gmt":"2021-06-21T13:22:06","slug":"datenschutz","status":"publish","type":"page","link":"https:\/\/projekte.uni-erfurt.de\/uetteach\/datenschutz\/","title":{"rendered":"Datenschutz"},"content":{"rendered":"\n<div class=\"wp-block-columns is-layout-flex wp-container-core-columns-is-layout-9d6595d7 wp-block-columns-is-layout-flex\">\n<div class=\"wp-block-column mini is-layout-flow wp-block-column-is-layout-flow\"><\/div>\n\n\n\n<div class=\"wp-block-column maxi is-layout-flow wp-block-column-is-layout-flow\" style=\"flex-basis:1140px\"><\/div>\n\n\n\n<div class=\"wp-block-column mini is-layout-flow wp-block-column-is-layout-flow\"><\/div>\n<\/div>\n\n\n\n<div class=\"wp-block-columns is-layout-flex wp-container-core-columns-is-layout-9d6595d7 wp-block-columns-is-layout-flex\">\n<div class=\"wp-block-column mini is-layout-flow wp-block-column-is-layout-flow\"><\/div>\n\n\n\n<div class=\"wp-block-column maxi is-layout-flow wp-block-column-is-layout-flow\" style=\"flex-basis:1140px\">\n<p class=\"has-large-font-size\"><strong>Privacy Policy<\/strong><\/p>\n\n\n\n<p>We are delighted about your visit to our website and about your interest in our DAAD ISAP exchange program. The protection of your privacy and your personal data is an important concern for us. We handle your personal data very carefully and confidentially according to the Regulation (EU) 2016\/679 \u2013 General Data Protection Regulation (\u201e<strong>GDPR<\/strong>\u201d).<\/p>\n\n\n\n<p>***<\/p>\n\n\n\n<p class=\"has-medium-font-size\"><strong>Datenschutzerkl<\/strong><strong>\u00e4<\/strong><strong>rung<\/strong><\/p>\n\n\n\n<p>Die Nutzung unserer Webseite ist ohne Angabe personenbezogener Daten m\u00f6glich. Zu weiteren Fragen zum Thema personenbezogene Daten k\u00f6nnen Sie sich jederzeit \u00fcber die unten angegebenen Kontaktdaten an uns wenden. Suchen Sie im ersten Schritt gerne den direkten Kontakt zu den inhaltlich verantwortlichen Personen f\u00fcr das Programm.<\/p>\n\n\n\n<h2 class=\"has-medium-font-size wp-block-heading\">Name und Anschrift des Verantwortlichen<\/h2>\n\n\n\n<p>Verantwortlicher im Sinne des Art. 13 Abs. 1 lit. a) DSGVO ist<\/p>\n\n\n\n<p><a href=\"https:\/\/www.uni-erfurt.de\/universitaet\/organisation\/leitung\/bauer-wabnegg\"><u>Prof. Dr. Walter Bauer-Wabnegg<\/u><\/a><\/p>\n\n\n\n<p>Universit\u00e4t Erfurt<br>Der Pr\u00e4sident<br>Postfach 90 02 21<br>99105 Erfurt<\/p>\n\n\n\n<p><a href=\"tel:%2B49%20361%20737-5000\"><u>+49 361 737-5000<\/u><\/a><\/p>\n\n\n\n<p><a href=\"mailto:praesident@uni-erfurt.de\"><u>praesident@uni-erfurt.de<\/u><\/a><\/p>\n\n\n\n<p class=\"has-medium-font-size\"><strong>Inhaltlich verantwortlich nach <\/strong><strong>\u00a7<\/strong><strong> 55 Abs. 2 RStV:<\/strong><\/p>\n\n\n\n<p>Koordinator des Programms: <a href=\"https:\/\/www.voluntariness.org\/portfolio\/jurgen-martschukat\/\"><u>Prof. Dr. J<\/u><u>\u00fc<\/u><u>rgen Martschukat<\/u><\/a> (Universit\u00e4t Erfurt, Historisches Seminar, Professur f\u00fcr Nordamerikanische Geschichte)<\/p>\n\n\n\n<p class=\"has-medium-font-size\"><strong>Kontakt:<\/strong><\/p>\n\n\n\n<p>Universit\u00e4t Erfurt&nbsp;&nbsp; |&nbsp;&nbsp; Professur f\u00fcr Nordamerikanische Geschichte&nbsp;&nbsp;<\/p>\n\n\n\n<p>Nordh\u00e4user Stra\u00dfe 63&nbsp;&nbsp; |&nbsp;&nbsp; Lehrgeb\u00e4ude 4, Raum 103&nbsp;&nbsp; |&nbsp;&nbsp; 99089 Erfurt<\/p>\n\n\n\n<p>Tel.: +49 (0)361-737-4410<\/p>\n\n\n\n<p>Email: <a href=\"mailto:juergen.martschukat@uni-erfurt.de\">juergen.martschukat@uni-erfurt.de<\/a><\/p>\n\n\n\n<p>Als Austauschprogramm mit institutioneller Anbindung an die Universit\u00e4t Erfurt steht Ihnen f\u00fcr weitere Fragen zum Thema Datenschutz au\u00dferdem die zust\u00e4ndige Stelle f\u00fcr IT-Sicherheit und Datenschutz und die Datenschutzbeauftragte der Universit\u00e4t Erfurt zur Verf\u00fcgung.<\/p>\n\n\n\n<h2 class=\"has-medium-font-size wp-block-heading\"><strong>Kontakt zum Datenschutz<\/strong><\/h2>\n\n\n\n<p>Datenschutzbeauftrage der Universit\u00e4t Erfurt: <a href=\"https:\/\/www.uni-erfurt.de\/universitaetsrechen-und-medienzentrum\/beratung-und-hilfe\/it-sicherheit-datenschutz\">Ute Winter<\/a><\/p>\n\n\n\n<p>Nordh\u00e4user Stra\u00dfe 63&nbsp;&nbsp; |&nbsp;&nbsp; Kommunikations- und Informationszentrum (KIZ) \/ Raum 1.21&nbsp;&nbsp; |&nbsp;&nbsp; 99089 Erfurt<\/p>\n\n\n\n<p>Tel.: +49 (0)361-737-5651&nbsp;&nbsp; |&nbsp;&nbsp; Email: <a href=\"mailto:datenschutz@uni-erfurt.de\">datenschutz@uni-erfurt.de<\/a><\/p>\n\n\n\n<p><strong>Bereitstellung der Website und Erstellung von Log-Files<\/strong><\/p>\n\n\n\n<p class=\"has-medium-font-size\"><strong>Umfang der Verarbeitung<\/strong><\/p>\n\n\n\n<p>Wir verarbeiten personenbezogene Daten unserer Nutzer grunds\u00e4tzlich nur, soweit dies zur Bereitstellung einer funktionsf\u00e4higen Website sowie unserer Inhalte und Leistungen erforderlich ist. Die Verarbeitung personenbezogener Daten unserer Nutzer erfolgt regelm\u00e4\u00dfig nur nach Einwilligung des Nutzers. Eine Ausnahme gilt in solchen F\u00e4llen, in denen eine das vorherige Einholen einer Einwilligung aus tats\u00e4chlichen Gr\u00fcnden nicht m\u00f6glich ist und die Verarbeitung der Daten durch gesetzliche Vorschriften gestattet ist.<\/p>\n\n\n\n<p class=\"has-medium-font-size\"><strong>Gespeicherte Informationen<\/strong><\/p>\n\n\n\n<p>Die vor\u00fcbergehende Speicherung der IP-Adresse des Nutzers ist notwendig, um eine Auslieferung der Website an den Rechner des Nutzers zu erm\u00f6glichen. Hierf\u00fcr muss die IP-Adresse zwangsl\u00e4ufig f\u00fcr die Dauer der Sitzung gespeichert werden.<\/p>\n\n\n\n<p>Die Universit\u00e4t Erfurt erhebt und speichert automatisch in ihren Server-Logfiles Informationen, die Ihr Browser an uns \u00fcbermittelt. Dies sind:<\/p>\n\n\n\n<ul class=\"wp-block-list\"><li>Browsertyp\/ -version<\/li><li>verwendetes Betriebssystem<\/li><li>Webseite von der aus der Zugriff erfolgt (Referrer)<\/li><li>Hostname des anfragenden Rechners (IP-Adresse)<\/li><li>Datum und Uhrzeit der Serveranfrage<\/li><li>Name und URL der abgerufenen Daten<\/li><li>\u00dcbertragene Datenmenge<\/li><li>Meldung, ob der Aufruf erfolgreich war (http-Statuscode)<\/li><\/ul>\n\n\n\n<p>Diese Daten sind f\u00fcr die Universit\u00e4t Erfurt nicht bestimmten Personen zuzuordnen. Sie dienen der Auswertung zur Systemsicherheit und -Stabilit\u00e4t, der Aufkl\u00e4rung missbr\u00e4uchlicher Nutzung und der Gew\u00e4hrleistung einer komfortablen Nutzung unserer Website. Eine Zusammenf\u00fchrung dieser Daten mit anderen Datenquellen wird nicht vorgenommen. Es erfolgt keine Weitergabe an Dritte. Die Rechtsgrundlage ist Art. 6 Abs. 1 lit. f DS-GVO.<\/p>\n\n\n\n<p class=\"has-medium-font-size\"><strong>Dauer der Speicherung<\/strong><\/p>\n\n\n\n<p>Die oben genannten Daten werden gel\u00f6scht, sobald sie f\u00fcr die Erreichung des Zweckes ihrer Erhebung nicht mehr erforderlich sind. Im Falle der Bereitstellung der Website ist dies der Fall, wenn die jeweilige Sitzung beendet ist. Im Falle der Protokollierung ist dies sp\u00e4testens nach 7 Tagen der Fall. Eine dar\u00fcberhinausgehende Speicherung ist m\u00f6glich.<\/p>\n\n\n\n<p>Cookies:<\/p>\n\n\n\n<p>Die von uns verwendeten Cookies sind ausschlie\u00dflich so genannte \u201eSession-Cookies\u201c. Sie werden nach Ende Ihres Besuchs automatisch gel\u00f6scht.<\/p>\n\n\n\n<p>Social Media:<\/p>\n\n\n\n<p>Wir nutzen nachfolgende Social Media-Plattformen f\u00fcr die Darstellung des DAAD ISAP Programms und zur Verbreitung von Inhalten dieser Website. Die Weiterleitung auf die Pr\u00e4senzen auf diesen Social Media-Plattformen erfolgt durch eine einfache Verlinkung. Wir verzichten auf die Integration von Plug-Ins der Plattformen. Bitte beachten Sie die nachfolgend verlinkten Datenschutzerkl\u00e4rungen und OptOut-M\u00f6glichkeiten.<\/p>\n\n\n\n<p>\u201eErfurt-Temple DAAD ISAP Programm\u201c auf Facebook (Facebook Ireland Ltd., 4 Grand Canal Square, Dublin 2, Ireland), Datenschutzerkl\u00e4rung: <a href=\"https:\/\/www.facebook.com\/about\/privacy\/\" target=\"_blank\" rel=\"noreferrer noopener\">https:\/\/www.facebook.com\/about\/privacy\/<\/a>, Opt-Out: <a href=\"https:\/\/www.facebook.com\/settings?tab=ads\" target=\"_blank\" rel=\"noreferrer noopener\">https:\/\/www.facebook.com\/settings?tab=ads<\/a><\/p>\n\n\n\n<p>\u201eErfurt-Temple DAAD ISAP Programm\u201d auf Instagram (Facebook Ireland Limited, 4 Grand Canal Square, Dublin 2, Ireland), Datenschutzerkl\u00e4rung: <a href=\"https:\/\/help.instagram.com\/519522125107875\" target=\"_blank\" rel=\"noreferrer noopener\">https:\/\/help.instagram.com\/519522125107875<\/a><\/p>\n\n\n\n<p>Diese Social Media-Plattformen k\u00f6nnen ggf. personenbezogene Daten au\u00dferhalb der EU verarbeiten, wir verweisen insoweit auf die vorstehenden Datenschutzerkl\u00e4rungen der Anbieter. Wir haben keinen Einfluss auf Art und Umfang der durch die genannten Plattformen verarbeiteten Daten, die Art der Verarbeitung und Nutzung oder die Weitergabe dieser Daten an Dritte. Insofern haben wir keine effektiven Kontrollm\u00f6glichkeiten und k\u00f6nnen nur auf die o.g. Datenschutzerkl\u00e4rungen der Anbieter verweisen.<\/p>\n\n\n\n<p>YouTube:<\/p>\n\n\n\n<p>In unsere Seite sind Angebote der von Google betriebenen Seite YouTube eingebunden. Betreiber der Seiten ist die YouTube, LLC, 901 Cherry Ave., San Bruno, CA 94066, USA. Wenn Sie eine unserer mit einem YouTube-Plugin ausgestatteten Seiten besuchen, wird eine Verbindung zu den Servern von YouTube hergestellt. Dabei wird dem Youtube-Server mitgeteilt, welche unserer Seiten Sie besucht haben. Wenn Sie in Ihrem YouTube-Account eingeloggt sind erm\u00f6glichen Sie YouTube, Ihr Surfverhalten direkt Ihrem pers\u00f6nlichen Profil zuzuordnen. Dies k\u00f6nnen Sie verhindern, indem Sie sich aus Ihrem YouTube-Account ausloggen. Weitere Informationen zum Umgang von Nutzerdaten finden Sie in der Datenschutzerkl\u00e4rung von YouTube unter: <a href=\"https:\/\/www.google.de\/intl\/de\/policies\/privacy\" target=\"_blank\" rel=\"noreferrer noopener\">https:\/\/www.google.de\/intl\/de\/policies\/privacy<\/a><\/p>\n\n\n\n<p class=\"has-medium-font-size\"><strong>E-Mail-Kontakt:<\/strong><\/p>\n\n\n\n<p>Eine Kontaktaufnahme ist \u00fcber die bereitgestellten E-Mail-Adressen jederzeit m\u00f6glich. In diesem Fall werden die mit der E-Mail \u00fcbermittelten personenbezogenen Daten des Nutzers\/der Nutzerin gespeichert. Eine Weitergabe der Daten an Dritte findet nicht statt.<\/p>\n\n\n\n<p>Wir weisen darauf hin, dass die Daten\u00fcbertragung im Internet (z.B. bei der Kommunikation per E-Mail) Sicherheitsl\u00fccken aufweisen kann. Ein l\u00fcckenloser Schutz der Daten vor dem Zugriff durch Dritte ist nicht m\u00f6glich.<\/p>\n\n\n\n<p>Rechtsgrundlage f\u00fcr die Verarbeitung ist Art. 6 Abs. 1 lit. e DSGVO in Verbindung mit \u00a7 5 Th\u00fcrHG, wenn die Verarbeitung der von Ihnen angegebenen personenbezogenen Daten zur Bearbeitung Ihres Anliegens im Rahmen der Erf\u00fcllung unserer Aufgaben erforderlich ist. Die Mitteilung dar\u00fcber hinaus gehender Angaben durch Sie erfolgt freiwillig aufgrund einer Einwilligung nach Art. 6 Abs. 1 lit. a DSGVO.<\/p>\n\n\n\n<p>Die Daten werden ausschlie\u00dflich f\u00fcr die Verarbeitung der Konversation verwendet. Die Daten werden gel\u00f6scht, sobald sie f\u00fcr die Erreichung des Zweckes ihrer Erhebung nicht mehr erforderlich sind. F\u00fcr die personenbezogenen Daten aus der Eingabemaske des Kontaktformulars und diejenigen, die per E-Mail \u00fcbersandt wurden, ist dies dann der Fall, wenn die jeweilige Konversation mit dem Nutzer\/der Nutzerin beendet ist.<\/p>\n\n\n\n<p class=\"has-medium-font-size\"><strong>Rechte der betroffenen Person<\/strong><\/p>\n\n\n\n<p>Ihnen stehen folgende Rechte zu:<\/p>\n\n\n\n<ul class=\"wp-block-list\"><li>Recht auf Auskunft<\/li><li>Recht auf Berichtigung<\/li><li>Recht auf Einschr\u00e4nkung der Verarbeitung<\/li><li>Recht auf L\u00f6schung<\/li><li>Recht auf Unterrichtung<\/li><li>Recht auf Daten\u00fcbertragbarkeit<\/li><li>Widerspruchsrecht<\/li><li>Recht auf Widerruf der datenschutzrechtlichen Einwilligungserkl\u00e4rung<\/li><li>Recht auf Beschwerde bei einer Datenschutzaufsichtsbeh\u00f6rde<\/li><\/ul>\n\n\n\n<p>Wenn Sie eine Berichtigung, Sperrung, L\u00f6schung oder Auskunft \u00fcber die zu Ihrer Person gespeicherten personenbezogenen Daten w\u00fcnschen oder Fragen bzgl. der Erhebung, Verarbeitung oder Verwendung Ihrer personenbezogenen Daten haben oder erteilte Einwilligungen widerrufen m\u00f6chten, wenden Sie sich bitte an folgende E-Mail-Adresse: <a href=\"mailto:juergen.martschukat@uni-erfurt.de\">juergen.martschukat@uni-erfurt.de<\/a><\/p>\n\n\n\n<p>Unbeschadet eines anderweitigen verwaltungsrechtlichen oder gerichtlichen Rechtsbehelfs steht Ihnen das Recht auf Beschwerde bei einer Aufsichtsbeh\u00f6rde, insbesondere in dem Mitgliedstaat ihres Aufenthaltsorts, ihres Arbeitsplatzes oder des Orts des mutma\u00dflichen Versto\u00dfes, zu, wenn Sie der Ansicht sind, dass die Verarbeitung der Sie betreffenden personenbezogenen Daten gegen die DSGVO verst\u00f6\u00dft.<\/p>\n\n\n\n<p class=\"has-medium-font-size\"><strong>Fonts<\/strong><\/p>\n\n\n\n<p>Die Seite verwendet GoogleFonts.<\/p>\n\n\n\n<p class=\"has-medium-font-size\"><strong>Hinweis:<\/strong><\/p>\n\n\n\n<p>Der Nutzung von im Rahmen der Impressumspflicht ver\u00f6ffentlichten Kontaktdaten durch Dritte zur \u00dcbersendung von nicht ausdr\u00fccklich angeforderter Werbung und Informationsmaterialien wird hiermit ausdr\u00fccklich widersprochen. Die Betreiber der Seiten behalten sich ausdr\u00fccklich rechtliche Schritte im Falle der unverlangten Zusendung von Werbeinformationen, etwa durch Spam-Mails, vor.<\/p>\n<\/div>\n\n\n\n<div class=\"wp-block-column mini is-layout-flow wp-block-column-is-layout-flow\"><\/div>\n<\/div>\n\n\n\n<div class=\"wp-block-columns is-layout-flex wp-container-core-columns-is-layout-9d6595d7 wp-block-columns-is-layout-flex\">\n<div class=\"wp-block-column mini is-layout-flow wp-block-column-is-layout-flow\"><\/div>\n\n\n\n<div class=\"wp-block-column maxi is-layout-flow wp-block-column-is-layout-flow\" style=\"flex-basis:1140px\"><\/div>\n\n\n\n<div class=\"wp-block-column mini is-layout-flow wp-block-column-is-layout-flow\"><\/div>\n<\/div>\n","protected":false},"excerpt":{"rendered":"<p>Privacy Policy We are delighted about your visit to our website and about your interest in our DAAD ISAP exchange program. The protection of your privacy and your personal data is an important concern for us. We handle your personal data very carefully and confidentially according to the Regulation (EU) 2016\/679 \u2013 General Data Protection [&hellip;]<\/p>\n","protected":false},"author":1,"featured_media":0,"parent":0,"menu_order":0,"comment_status":"closed","ping_status":"closed","template":"fullwidth.php","meta":{"footnotes":""},"class_list":["post-1240","page","type-page","status-publish","hentry"],"yoast_head":"<!-- This site is optimized with the Yoast SEO plugin v17.8 - https:\/\/yoast.com\/wordpress\/plugins\/seo\/ -->\n<title>Datenschutz - Erfurt University - Temple Exchange<\/title>\n<meta name=\"robots\" content=\"index, follow, max-snippet:-1, max-image-preview:large, max-video-preview:-1\" \/>\n<link rel=\"canonical\" href=\"https:\/\/projekte.uni-erfurt.de\/uetteach\/datenschutz\/\" \/>\n<meta property=\"og:locale\" content=\"de_DE\" \/>\n<meta property=\"og:type\" content=\"article\" \/>\n<meta property=\"og:title\" content=\"Datenschutz - Erfurt University - Temple Exchange\" \/>\n<meta property=\"og:description\" content=\"Privacy Policy We are delighted about your visit to our website and about your interest in our DAAD ISAP exchange program. The protection of your privacy and your personal data is an important concern for us. We handle your personal data very carefully and confidentially according to the Regulation (EU) 2016\/679 \u2013 General Data Protection [&hellip;]\" \/>\n<meta property=\"og:url\" content=\"https:\/\/projekte.uni-erfurt.de\/uetteach\/datenschutz\/\" \/>\n<meta property=\"og:site_name\" content=\"Erfurt University - Temple Exchange\" \/>\n<meta property=\"article:modified_time\" content=\"2021-06-21T13:22:06+00:00\" \/>\n<meta name=\"twitter:card\" content=\"summary_large_image\" \/>\n<meta name=\"twitter:label1\" content=\"Gesch\u00e4tzte Lesezeit\" \/>\n\t<meta name=\"twitter:data1\" content=\"6\u00a0Minuten\" \/>\n<script type=\"application\/ld+json\" class=\"yoast-schema-graph\">{\"@context\":\"https:\/\/schema.org\",\"@graph\":[{\"@type\":\"WebSite\",\"@id\":\"https:\/\/projekte.uni-erfurt.de\/uetteach\/#website\",\"url\":\"https:\/\/projekte.uni-erfurt.de\/uetteach\/\",\"name\":\"Erfurt University - Temple Exchange\",\"description\":\"\",\"potentialAction\":[{\"@type\":\"SearchAction\",\"target\":{\"@type\":\"EntryPoint\",\"urlTemplate\":\"https:\/\/projekte.uni-erfurt.de\/uetteach\/?s={search_term_string}\"},\"query-input\":\"required name=search_term_string\"}],\"inLanguage\":\"de\"},{\"@type\":\"WebPage\",\"@id\":\"https:\/\/projekte.uni-erfurt.de\/uetteach\/datenschutz\/#webpage\",\"url\":\"https:\/\/projekte.uni-erfurt.de\/uetteach\/datenschutz\/\",\"name\":\"Datenschutz - Erfurt University - Temple Exchange\",\"isPartOf\":{\"@id\":\"https:\/\/projekte.uni-erfurt.de\/uetteach\/#website\"},\"datePublished\":\"2021-06-21T12:34:32+00:00\",\"dateModified\":\"2021-06-21T13:22:06+00:00\",\"breadcrumb\":{\"@id\":\"https:\/\/projekte.uni-erfurt.de\/uetteach\/datenschutz\/#breadcrumb\"},\"inLanguage\":\"de\",\"potentialAction\":[{\"@type\":\"ReadAction\",\"target\":[\"https:\/\/projekte.uni-erfurt.de\/uetteach\/datenschutz\/\"]}]},{\"@type\":\"BreadcrumbList\",\"@id\":\"https:\/\/projekte.uni-erfurt.de\/uetteach\/datenschutz\/#breadcrumb\",\"itemListElement\":[{\"@type\":\"ListItem\",\"position\":1,\"name\":\"Startseite\",\"item\":\"https:\/\/projekte.uni-erfurt.de\/uetteach\/\"},{\"@type\":\"ListItem\",\"position\":2,\"name\":\"Datenschutz\"}]}]}<\/script>\n<!-- \/ Yoast SEO plugin. -->","yoast_head_json":{"title":"Datenschutz - Erfurt University - Temple Exchange","robots":{"index":"index","follow":"follow","max-snippet":"max-snippet:-1","max-image-preview":"max-image-preview:large","max-video-preview":"max-video-preview:-1"},"canonical":"https:\/\/projekte.uni-erfurt.de\/uetteach\/datenschutz\/","og_locale":"de_DE","og_type":"article","og_title":"Datenschutz - Erfurt University - Temple Exchange","og_description":"Privacy Policy We are delighted about your visit to our website and about your interest in our DAAD ISAP exchange program. The protection of your privacy and your personal data is an important concern for us. We handle your personal data very carefully and confidentially according to the Regulation (EU) 2016\/679 \u2013 General Data Protection [&hellip;]","og_url":"https:\/\/projekte.uni-erfurt.de\/uetteach\/datenschutz\/","og_site_name":"Erfurt University - Temple Exchange","article_modified_time":"2021-06-21T13:22:06+00:00","twitter_card":"summary_large_image","twitter_misc":{"Gesch\u00e4tzte Lesezeit":"6\u00a0Minuten"},"schema":{"@context":"https:\/\/schema.org","@graph":[{"@type":"WebSite","@id":"https:\/\/projekte.uni-erfurt.de\/uetteach\/#website","url":"https:\/\/projekte.uni-erfurt.de\/uetteach\/","name":"Erfurt University - Temple Exchange","description":"","potentialAction":[{"@type":"SearchAction","target":{"@type":"EntryPoint","urlTemplate":"https:\/\/projekte.uni-erfurt.de\/uetteach\/?s={search_term_string}"},"query-input":"required name=search_term_string"}],"inLanguage":"de"},{"@type":"WebPage","@id":"https:\/\/projekte.uni-erfurt.de\/uetteach\/datenschutz\/#webpage","url":"https:\/\/projekte.uni-erfurt.de\/uetteach\/datenschutz\/","name":"Datenschutz - Erfurt University - Temple Exchange","isPartOf":{"@id":"https:\/\/projekte.uni-erfurt.de\/uetteach\/#website"},"datePublished":"2021-06-21T12:34:32+00:00","dateModified":"2021-06-21T13:22:06+00:00","breadcrumb":{"@id":"https:\/\/projekte.uni-erfurt.de\/uetteach\/datenschutz\/#breadcrumb"},"inLanguage":"de","potentialAction":[{"@type":"ReadAction","target":["https:\/\/projekte.uni-erfurt.de\/uetteach\/datenschutz\/"]}]},{"@type":"BreadcrumbList","@id":"https:\/\/projekte.uni-erfurt.de\/uetteach\/datenschutz\/#breadcrumb","itemListElement":[{"@type":"ListItem","position":1,"name":"Startseite","item":"https:\/\/projekte.uni-erfurt.de\/uetteach\/"},{"@type":"ListItem","position":2,"name":"Datenschutz"}]}]}},"_links":{"self":[{"href":"https:\/\/projekte.uni-erfurt.de\/uetteach\/wp-json\/wp\/v2\/pages\/1240","targetHints":{"allow":["GET"]}}],"collection":[{"href":"https:\/\/projekte.uni-erfurt.de\/uetteach\/wp-json\/wp\/v2\/pages"}],"about":[{"href":"https:\/\/projekte.uni-erfurt.de\/uetteach\/wp-json\/wp\/v2\/types\/page"}],"author":[{"embeddable":true,"href":"https:\/\/projekte.uni-erfurt.de\/uetteach\/wp-json\/wp\/v2\/users\/1"}],"replies":[{"embeddable":true,"href":"https:\/\/projekte.uni-erfurt.de\/uetteach\/wp-json\/wp\/v2\/comments?post=1240"}],"version-history":[{"count":4,"href":"https:\/\/projekte.uni-erfurt.de\/uetteach\/wp-json\/wp\/v2\/pages\/1240\/revisions"}],"predecessor-version":[{"id":1252,"href":"https:\/\/projekte.uni-erfurt.de\/uetteach\/wp-json\/wp\/v2\/pages\/1240\/revisions\/1252"}],"wp:attachment":[{"href":"https:\/\/projekte.uni-erfurt.de\/uetteach\/wp-json\/wp\/v2\/media?parent=1240"}],"curies":[{"name":"wp","href":"https:\/\/api.w.org\/{rel}","templated":true}]}}